{"id":995,"date":"2023-05-30T16:27:50","date_gmt":"2023-05-30T19:27:50","guid":{"rendered":"https:\/\/biciplanet.net\/site\/?post_type=product&#038;p=995"},"modified":"2023-05-30T16:27:50","modified_gmt":"2023-05-30T19:27:50","slug":"bicicleta-volta-avian-r29","status":"publish","type":"product","link":"https:\/\/biciplanet.net\/site\/producto\/bicicleta-volta-avian-r29\/","title":{"rendered":"Bicicleta VOLTA AVIAN R29"},"content":{"rendered":"<p>\u00c1gil, r\u00edgida y agresiva para aventurarse en el mundo del MTB extremo.<\/p>\n<p>Con prestaciones de gama alta en un cuadro de aluminio pulido con cables internos y con sistema de cambios de 10 velocidades, frenos hidr\u00e1ulico y con el sistema de bloqueo de suspensi\u00f3n remota podr\u00e1s disfrutar del MTB m\u00e1s avanzado.<\/p>\n<ul>\n<li>Cuadro R29 alumunio<\/li>\n<li>CAMBIO SHIMANO DEORE M6000 SHADOW PLUS.10 velocidades<\/li>\n<li>MONOPLATO PROWHEEL MPX 32X170<\/li>\n<li>Pi\u00f1on10 CASSETTE SHIMANO DEORE 11-42 OEM<\/li>\n<li>Horquilla SR SUNTOUR XCM30 A bloqueo remoto<\/li>\n<li>Talle S, M, L<\/li>\n<li>Dos colores<\/li>\n<\/ul>\n","protected":false},"excerpt":{"rendered":"<p>\u00c1gil, r\u00edgida y agresiva para aventurarse en el mundo del MTB extremo. Con prestaciones de gama alta en un cuadro de aluminio pulido con cables internos y con sistema de cambios de 10 velocidades, frenos hidr\u00e1ulico y con el sistema de bloqueo de suspensi\u00f3n remota podr\u00e1s disfrutar del MTB m\u00e1s avanzado. Cuadro R29 alumunio CAMBIO [&hellip;]\n","protected":false},"featured_media":997,"comment_status":"closed","ping_status":"closed","template":"","meta":[],"product_brand":[],"product_cat":[6],"product_tag":[],"class_list":{"0":"post-995","1":"product","2":"type-product","3":"status-publish","4":"has-post-thumbnail","6":"product_cat-bicicletas","8":"first","9":"instock","10":"shipping-taxable","11":"product-type-simple"},"_links":{"self":[{"href":"https:\/\/biciplanet.net\/site\/wp-json\/wp\/v2\/product\/995","targetHints":{"allow":["GET"]}}],"collection":[{"href":"https:\/\/biciplanet.net\/site\/wp-json\/wp\/v2\/product"}],"about":[{"href":"https:\/\/biciplanet.net\/site\/wp-json\/wp\/v2\/types\/product"}],"replies":[{"embeddable":true,"href":"https:\/\/biciplanet.net\/site\/wp-json\/wp\/v2\/comments?post=995"}],"wp:featuredmedia":[{"embeddable":true,"href":"https:\/\/biciplanet.net\/site\/wp-json\/wp\/v2\/media\/997"}],"wp:attachment":[{"href":"https:\/\/biciplanet.net\/site\/wp-json\/wp\/v2\/media?parent=995"}],"wp:term":[{"taxonomy":"product_brand","embeddable":true,"href":"https:\/\/biciplanet.net\/site\/wp-json\/wp\/v2\/product_brand?post=995"},{"taxonomy":"product_cat","embeddable":true,"href":"https:\/\/biciplanet.net\/site\/wp-json\/wp\/v2\/product_cat?post=995"},{"taxonomy":"product_tag","embeddable":true,"href":"https:\/\/biciplanet.net\/site\/wp-json\/wp\/v2\/product_tag?post=995"}],"curies":[{"name":"wp","href":"https:\/\/api.w.org\/{rel}","templated":true}]}}