{"id":990,"date":"2023-05-30T16:14:21","date_gmt":"2023-05-30T19:14:21","guid":{"rendered":"https:\/\/biciplanet.net\/site\/?post_type=product&#038;p=990"},"modified":"2023-05-30T16:14:21","modified_gmt":"2023-05-30T19:14:21","slug":"bicicleta-volta-razz-r-29","status":"publish","type":"product","link":"https:\/\/biciplanet.net\/site\/producto\/bicicleta-volta-razz-r-29\/","title":{"rendered":"Bicicleta VOLTA RAZZ R.29"},"content":{"rendered":"<p>Una bicicleta resistente, \u00e1gil y con componentes de calidad.<\/p>\n<p>Equipada con 24 velocidades, cuadro de aluminio, cableado interno, horquilla con bloqueo de suspensi\u00f3n y frenos hidr\u00e1ulicos.<\/p>\n<ul>\n<li>Cuadro Aluminio<\/li>\n<li>Cambios Shimano Altus 24 velocidades<\/li>\n<li>rodado 29<\/li>\n<li>Frenos a disco hidr\u00e1ulicos<\/li>\n<li>Talles S, M, L<\/li>\n<li>Tres colores<\/li>\n<\/ul>\n","protected":false},"excerpt":{"rendered":"<p>Una bicicleta resistente, \u00e1gil y con componentes de calidad. Equipada con 24 velocidades, cuadro de aluminio, cableado interno, horquilla con bloqueo de suspensi\u00f3n y frenos hidr\u00e1ulicos. Cuadro Aluminio Cambios Shimano Altus 24 velocidades rodado 29 Frenos a disco hidr\u00e1ulicos Talles S, M, L Tres colores<\/p>\n","protected":false},"featured_media":991,"comment_status":"closed","ping_status":"closed","template":"","meta":[],"product_brand":[],"product_cat":[6],"product_tag":[],"class_list":{"0":"post-990","1":"product","2":"type-product","3":"status-publish","4":"has-post-thumbnail","6":"product_cat-bicicletas","8":"first","9":"instock","10":"shipping-taxable","11":"product-type-simple"},"_links":{"self":[{"href":"https:\/\/biciplanet.net\/site\/wp-json\/wp\/v2\/product\/990","targetHints":{"allow":["GET"]}}],"collection":[{"href":"https:\/\/biciplanet.net\/site\/wp-json\/wp\/v2\/product"}],"about":[{"href":"https:\/\/biciplanet.net\/site\/wp-json\/wp\/v2\/types\/product"}],"replies":[{"embeddable":true,"href":"https:\/\/biciplanet.net\/site\/wp-json\/wp\/v2\/comments?post=990"}],"wp:featuredmedia":[{"embeddable":true,"href":"https:\/\/biciplanet.net\/site\/wp-json\/wp\/v2\/media\/991"}],"wp:attachment":[{"href":"https:\/\/biciplanet.net\/site\/wp-json\/wp\/v2\/media?parent=990"}],"wp:term":[{"taxonomy":"product_brand","embeddable":true,"href":"https:\/\/biciplanet.net\/site\/wp-json\/wp\/v2\/product_brand?post=990"},{"taxonomy":"product_cat","embeddable":true,"href":"https:\/\/biciplanet.net\/site\/wp-json\/wp\/v2\/product_cat?post=990"},{"taxonomy":"product_tag","embeddable":true,"href":"https:\/\/biciplanet.net\/site\/wp-json\/wp\/v2\/product_tag?post=990"}],"curies":[{"name":"wp","href":"https:\/\/api.w.org\/{rel}","templated":true}]}}