{"id":983,"date":"2023-05-30T11:17:22","date_gmt":"2023-05-30T14:17:22","guid":{"rendered":"https:\/\/biciplanet.net\/site\/?post_type=product&#038;p=983"},"modified":"2023-07-21T17:15:26","modified_gmt":"2023-07-21T20:15:26","slug":"asiento-serfas-rx-921-confort-hombre","status":"publish","type":"product","link":"https:\/\/biciplanet.net\/site\/producto\/asiento-serfas-rx-921-confort-hombre\/","title":{"rendered":"Asiento SERFAS RX-921 Confort Hombre"},"content":{"rendered":"<p><span>Los asientos Serfas\u00ae RX est\u00e1n dise\u00f1ados para aumentar el flujo sangu\u00edneo y aliviar el entumecimiento. Si est\u00e1 buscando lo mejor en comodidad y protecci\u00f3n contra las molestias perineales, el Serfas\u00ae RX es el \u00faltimo sill\u00edn que necesitar\u00e1.<\/span><\/p>\n<p><span>Caracter\u00edsticas:<\/span><\/p>\n<ul>\n<li><span>Dise\u00f1ado para la anatom\u00eda masculina<\/span><\/li>\n<li><span>Dise\u00f1o de barra doble<\/span><\/li>\n<li><span>Rieles de acero<\/span><\/li>\n<li><span>Cubierta de microfibra impermeable \/ antimicrobiana<\/span><\/li>\n<\/ul>\n<div><span>Especificaciones:<\/span><\/div>\n<div>\n<ul>\n<li><span>Longitud: 267 mm<\/span><\/li>\n<li><span>Ancho: 180 mm<\/span><\/li>\n<li><span>Peso: 528 Gramos<\/span><\/li>\n<\/ul>\n<\/div>\n","protected":false},"excerpt":{"rendered":"<p>Los asientos Serfas\u00ae RX est\u00e1n dise\u00f1ados para aumentar el flujo sangu\u00edneo y aliviar el entumecimiento. Si est\u00e1 buscando lo mejor en comodidad y protecci\u00f3n contra las molestias perineales, el Serfas\u00ae RX es el \u00faltimo sill\u00edn que necesitar\u00e1. Caracter\u00edsticas: Dise\u00f1ado para la anatom\u00eda masculina Dise\u00f1o de barra doble Rieles de acero Cubierta de microfibra impermeable \/ [&hellip;]\n","protected":false},"featured_media":984,"comment_status":"closed","ping_status":"closed","template":"","meta":[],"product_brand":[],"product_cat":[13],"product_tag":[],"class_list":{"0":"post-983","1":"product","2":"type-product","3":"status-publish","4":"has-post-thumbnail","6":"product_cat-asientos","8":"first","9":"instock","10":"shipping-taxable","11":"product-type-simple"},"_links":{"self":[{"href":"https:\/\/biciplanet.net\/site\/wp-json\/wp\/v2\/product\/983","targetHints":{"allow":["GET"]}}],"collection":[{"href":"https:\/\/biciplanet.net\/site\/wp-json\/wp\/v2\/product"}],"about":[{"href":"https:\/\/biciplanet.net\/site\/wp-json\/wp\/v2\/types\/product"}],"replies":[{"embeddable":true,"href":"https:\/\/biciplanet.net\/site\/wp-json\/wp\/v2\/comments?post=983"}],"wp:featuredmedia":[{"embeddable":true,"href":"https:\/\/biciplanet.net\/site\/wp-json\/wp\/v2\/media\/984"}],"wp:attachment":[{"href":"https:\/\/biciplanet.net\/site\/wp-json\/wp\/v2\/media?parent=983"}],"wp:term":[{"taxonomy":"product_brand","embeddable":true,"href":"https:\/\/biciplanet.net\/site\/wp-json\/wp\/v2\/product_brand?post=983"},{"taxonomy":"product_cat","embeddable":true,"href":"https:\/\/biciplanet.net\/site\/wp-json\/wp\/v2\/product_cat?post=983"},{"taxonomy":"product_tag","embeddable":true,"href":"https:\/\/biciplanet.net\/site\/wp-json\/wp\/v2\/product_tag?post=983"}],"curies":[{"name":"wp","href":"https:\/\/api.w.org\/{rel}","templated":true}]}}