{"id":980,"date":"2023-05-30T11:08:10","date_gmt":"2023-05-30T14:08:10","guid":{"rendered":"https:\/\/biciplanet.net\/site\/?post_type=product&#038;p=980"},"modified":"2023-07-21T17:14:46","modified_gmt":"2023-07-21T20:14:46","slug":"asiento-fizik-monte","status":"publish","type":"product","link":"https:\/\/biciplanet.net\/site\/producto\/asiento-fizik-monte\/","title":{"rendered":"Asiento FIZIK MONTE"},"content":{"rendered":"<p><span>El asiento Monte est\u00e1 hecho para enduro y all mountain: el tipo de conducci\u00f3n que exige que seas agresivo pero relajado, y el Monte es el matrimonio perfecto de estos dos elementos, combinando la din\u00e1mica de l\u00edneas duras y bordes suaves para ofrecer una perfecta Equilibrio de rendimiento de ascenso y posicionamiento de descenso en un sill\u00edn listo para la carrera.<\/span><\/p>\n<p><span>El Monte cuenta con una carcasa de nailon reforzada con carbono ligero y fuerte, con tecnolog\u00eda Extended Tail Flex, una mejora de la tecnolog\u00eda Tail Flex probada de fizik, que proporciona una secci\u00f3n de soporte flexible m\u00e1s grande en la parte trasera del sill\u00edn, vital para el ciclista que busca un equilibrio \u00f3ptimo y Posicionamiento para el control y la entrega de potencia.\u00a0Tambi\u00e9n cuenta con el nuevo riel S-Alloy para mayor ligereza y resistencia, espuma Comfort PU y un canal de alivio de presi\u00f3n.<\/span><\/p>\n","protected":false},"excerpt":{"rendered":"<p>El asiento Monte est\u00e1 hecho para enduro y all mountain: el tipo de conducci\u00f3n que exige que seas agresivo pero relajado, y el Monte es el matrimonio perfecto de estos dos elementos, combinando la din\u00e1mica de l\u00edneas duras y bordes suaves para ofrecer una perfecta Equilibrio de rendimiento de ascenso y posicionamiento de descenso en [&hellip;]\n","protected":false},"featured_media":981,"comment_status":"closed","ping_status":"closed","template":"","meta":[],"product_brand":[],"product_cat":[13],"product_tag":[],"class_list":{"0":"post-980","1":"product","2":"type-product","3":"status-publish","4":"has-post-thumbnail","6":"product_cat-asientos","8":"first","9":"instock","10":"shipping-taxable","11":"product-type-simple"},"_links":{"self":[{"href":"https:\/\/biciplanet.net\/site\/wp-json\/wp\/v2\/product\/980","targetHints":{"allow":["GET"]}}],"collection":[{"href":"https:\/\/biciplanet.net\/site\/wp-json\/wp\/v2\/product"}],"about":[{"href":"https:\/\/biciplanet.net\/site\/wp-json\/wp\/v2\/types\/product"}],"replies":[{"embeddable":true,"href":"https:\/\/biciplanet.net\/site\/wp-json\/wp\/v2\/comments?post=980"}],"wp:featuredmedia":[{"embeddable":true,"href":"https:\/\/biciplanet.net\/site\/wp-json\/wp\/v2\/media\/981"}],"wp:attachment":[{"href":"https:\/\/biciplanet.net\/site\/wp-json\/wp\/v2\/media?parent=980"}],"wp:term":[{"taxonomy":"product_brand","embeddable":true,"href":"https:\/\/biciplanet.net\/site\/wp-json\/wp\/v2\/product_brand?post=980"},{"taxonomy":"product_cat","embeddable":true,"href":"https:\/\/biciplanet.net\/site\/wp-json\/wp\/v2\/product_cat?post=980"},{"taxonomy":"product_tag","embeddable":true,"href":"https:\/\/biciplanet.net\/site\/wp-json\/wp\/v2\/product_tag?post=980"}],"curies":[{"name":"wp","href":"https:\/\/api.w.org\/{rel}","templated":true}]}}