{"id":979,"date":"2023-05-29T18:06:37","date_gmt":"2023-05-29T21:06:37","guid":{"rendered":"https:\/\/biciplanet.net\/site\/?post_type=product&#038;p=979"},"modified":"2025-08-19T17:07:19","modified_gmt":"2025-08-19T20:07:19","slug":"sport-fuel","status":"publish","type":"product","link":"https:\/\/biciplanet.net\/site\/producto\/sport-fuel\/","title":{"rendered":"SPORT FUEL"},"content":{"rendered":"<p><b>SPORT FUEL<\/b>\u00a0es una super bebida deportiva para preparar, que al entrar en contacto con el \u00e1cido del est\u00f3mago se convierte instant\u00e1neamente en una soluci\u00f3n gelificada. Esta reacci\u00f3n tiene la capacidad de encapsular los carbohidratos y sales, logrando as\u00ed un transporte estomacal sin malestar. Al pasar al intestino este hidrogel se disuelve inmediatamente, liberando los carbohidratos y sales para su correcta absorci\u00f3n y aporte energ\u00e9tico.<br \/>\nSPORT FUEL, con su tecnolog\u00eda de hidrogel, suministra grandes cantidades de carbohidratos en una proporci\u00f3n ideal de maltodextrina y fructosa (2:1) y sin generar malestar gastrointestinal. Aporta 2,5 veces m\u00e1s de carbohidratos que una bebida deportiva convencional.<br \/>\nEs ideal para ejercicios de resistencia que duran m\u00e1s de 2 horas y donde el reabastecimiento de combustible es dificultoso.<br \/>\nSPORT FUEL, desarrollado con la tecnolog\u00eda de hidrogel, permite aumentar f\u00e1cilmente y sin trastornos digestivos la ingesta de carbohidratos a niveles nunca antes alcanzados. Superando f\u00e1cilmente los 120 g\/hr, incrementa la disponibilidad de energ\u00eda sin relegar la comodidad gastrointestinal.<\/p>\n<ul>\n<li>&#x2714; Tecnolog\u00eda Hidrogel.<\/li>\n<li>&#x2714; 80g de carbohidratos.<\/li>\n<li>&#x2714; 2:1 maltodextrina: fructosa.<\/li>\n<li>&#x2714; Energ\u00eda sostenida por m\u00e1s tiempo.<\/li>\n<li>&#x2714; Sin malestares digestivos<\/li>\n<\/ul>\n<h3 class=\"nxtitle-infotxt\">RECOMENDADO PARA:<\/h3>\n<h4 class=\"nxhydromax\">&#x2714; Todo deporte de endurance.<\/h4>\n<h4 class=\"nxhydromax\">&#x2714; Todo entrenamiento o competencia donde la duraci\u00f3n sea igual o mayor a 2hs.<\/h4>\n<h4 class=\"nxhydromax\">&#x2714; Deportes de equipos.<\/h4>\n<h3 class=\"nxtitle-infotxt\">COMBINACI\u00d3N CON OTROS PRODUCTOS<\/h3>\n<p>SPORT FUEL es combinable con EXTREME ENERGY utiliz\u00e1ndolo antes y durante el entrenamiento o competencia logrando as\u00ed unir carbohidratos y cafe\u00edna.<br \/>\nTambi\u00e9n es recomendable su consumo junto a HYDROMAX durante la actividad f\u00edsica para optimizar el aporte de carbohidratos y reponer sales minerales.<br \/>\nDurante el entrenamiento o competencia y en condiciones de alta sudoraci\u00f3n, utilizar con PROSALT, ya que SPORT FUEL tiene un bajo aporte de electrolitos.<\/p>\n","protected":false},"excerpt":{"rendered":"<p>SPORT FUEL\u00a0es una super bebida deportiva para preparar, que al entrar en contacto con el \u00e1cido del est\u00f3mago se convierte instant\u00e1neamente en una soluci\u00f3n gelificada. Esta reacci\u00f3n tiene la capacidad de encapsular los carbohidratos y sales, logrando as\u00ed un transporte estomacal sin malestar. Al pasar al intestino este hidrogel se disuelve inmediatamente, liberando los carbohidratos [&hellip;]\n","protected":false},"featured_media":978,"comment_status":"closed","ping_status":"closed","template":"","meta":[],"product_brand":[],"product_cat":[11],"product_tag":[],"class_list":{"0":"post-979","1":"product","2":"type-product","3":"status-publish","4":"has-post-thumbnail","6":"product_cat-alimentos","8":"first","9":"outofstock","10":"shipping-taxable","11":"product-type-simple"},"_links":{"self":[{"href":"https:\/\/biciplanet.net\/site\/wp-json\/wp\/v2\/product\/979","targetHints":{"allow":["GET"]}}],"collection":[{"href":"https:\/\/biciplanet.net\/site\/wp-json\/wp\/v2\/product"}],"about":[{"href":"https:\/\/biciplanet.net\/site\/wp-json\/wp\/v2\/types\/product"}],"replies":[{"embeddable":true,"href":"https:\/\/biciplanet.net\/site\/wp-json\/wp\/v2\/comments?post=979"}],"wp:featuredmedia":[{"embeddable":true,"href":"https:\/\/biciplanet.net\/site\/wp-json\/wp\/v2\/media\/978"}],"wp:attachment":[{"href":"https:\/\/biciplanet.net\/site\/wp-json\/wp\/v2\/media?parent=979"}],"wp:term":[{"taxonomy":"product_brand","embeddable":true,"href":"https:\/\/biciplanet.net\/site\/wp-json\/wp\/v2\/product_brand?post=979"},{"taxonomy":"product_cat","embeddable":true,"href":"https:\/\/biciplanet.net\/site\/wp-json\/wp\/v2\/product_cat?post=979"},{"taxonomy":"product_tag","embeddable":true,"href":"https:\/\/biciplanet.net\/site\/wp-json\/wp\/v2\/product_tag?post=979"}],"curies":[{"name":"wp","href":"https:\/\/api.w.org\/{rel}","templated":true}]}}