{"id":968,"date":"2023-05-27T12:44:44","date_gmt":"2023-05-27T15:44:44","guid":{"rendered":"https:\/\/biciplanet.net\/site\/?post_type=product&#038;p=968"},"modified":"2025-08-19T16:33:42","modified_gmt":"2025-08-19T19:33:42","slug":"bolso-bajo-asiento-noaf","status":"publish","type":"product","link":"https:\/\/biciplanet.net\/site\/producto\/bolso-bajo-asiento-noaf\/","title":{"rendered":"Bolso bajo asiento NOAF"},"content":{"rendered":"<div id=\"noaf-shoetdescription-product\" class=\"row\">\n<div id=\"minimaldescription-noafproduct\" class=\"col-md-6 offset-md-3\"><b>Bolso bajo asiento NoAf<\/b>\u00a0ideal para llevar las herramientas y repuestos, tanto para bicicletas de Ruta como de Monta\u00f1a y otros rodados.<\/div>\n<\/div>\n<div id=\"noaf-longdescription-product\" class=\"row\">\n<div class=\"col-12\">\n<h4>CARACTER\u00cdSTICAS<\/h4>\n<\/div>\n<div id=\"columndescription-noafnewproduct\" class=\"col-md-6 col-sm-12 noaf-featuresproduct\">\n<div class=\"featuresnoaf\">\n<div class=\"featuresmargin\">\n<h5>CONSTRUCCI\u00d3N<\/h5>\n<p>Medida ideal para el bajo asiento (18cm x 9cm x 8cm.).<\/p>\n<p>Desarrollado en materiales resistentes y duraderos. Aguanta el desgaste de uso.<\/p>\n<p>Bolsillo interior de acceso con cierre. Posee un bolsillo de red con un borde elastizado para guardar todos los elementos peque\u00f1os, que requieren ser inmovilizados (para que no golpeen entre si, o con otros objetos que se transporten en el mismo).<\/p>\n<\/div>\n<div class=\"featuresmargin\">\n<h5>AJUSTE<\/h5>\n<p>Velcros con hebillas, para mejorar la sujeci\u00f3n.<\/p>\n<\/div>\n<div class=\"featuresmargin\">\n<h5>DETALLES<\/h5>\n<p>Cierres YKK.<\/p>\n<p>Reflectivos en la parte posterior, que brillan al entrar en contacto con la luz, lo que permite visibilidad en la oscuridad.<\/p>\n<h5>MEDIDAS:<\/h5>\n<p>18cm. x 9cm. x 8cm.<\/p>\n<h5>PESO:<\/h5>\n<p>110gr.<\/p>\n<\/div>\n<\/div>\n<\/div>\n<\/div>\n","protected":false},"excerpt":{"rendered":"<p>Bolso bajo asiento NoAf\u00a0ideal para llevar las herramientas y repuestos, tanto para bicicletas de Ruta como de Monta\u00f1a y otros rodados. CARACTER\u00cdSTICAS CONSTRUCCI\u00d3N Medida ideal para el bajo asiento (18cm x 9cm x 8cm.). Desarrollado en materiales resistentes y duraderos. Aguanta el desgaste de uso. Bolsillo interior de acceso con cierre. Posee un bolsillo de [&hellip;]\n","protected":false},"featured_media":969,"comment_status":"closed","ping_status":"closed","template":"","meta":[],"product_brand":[],"product_cat":[10],"product_tag":[],"class_list":{"0":"post-968","1":"product","2":"type-product","3":"status-publish","4":"has-post-thumbnail","6":"product_cat-alforjas-bolsos-mochilas","8":"first","9":"instock","10":"shipping-taxable","11":"product-type-simple"},"_links":{"self":[{"href":"https:\/\/biciplanet.net\/site\/wp-json\/wp\/v2\/product\/968","targetHints":{"allow":["GET"]}}],"collection":[{"href":"https:\/\/biciplanet.net\/site\/wp-json\/wp\/v2\/product"}],"about":[{"href":"https:\/\/biciplanet.net\/site\/wp-json\/wp\/v2\/types\/product"}],"replies":[{"embeddable":true,"href":"https:\/\/biciplanet.net\/site\/wp-json\/wp\/v2\/comments?post=968"}],"wp:featuredmedia":[{"embeddable":true,"href":"https:\/\/biciplanet.net\/site\/wp-json\/wp\/v2\/media\/969"}],"wp:attachment":[{"href":"https:\/\/biciplanet.net\/site\/wp-json\/wp\/v2\/media?parent=968"}],"wp:term":[{"taxonomy":"product_brand","embeddable":true,"href":"https:\/\/biciplanet.net\/site\/wp-json\/wp\/v2\/product_brand?post=968"},{"taxonomy":"product_cat","embeddable":true,"href":"https:\/\/biciplanet.net\/site\/wp-json\/wp\/v2\/product_cat?post=968"},{"taxonomy":"product_tag","embeddable":true,"href":"https:\/\/biciplanet.net\/site\/wp-json\/wp\/v2\/product_tag?post=968"}],"curies":[{"name":"wp","href":"https:\/\/api.w.org\/{rel}","templated":true}]}}