{"id":879,"date":"2019-07-29T16:19:18","date_gmt":"2019-07-29T19:19:18","guid":{"rendered":"https:\/\/biciplanet.net\/site\/?post_type=product&#038;p=879"},"modified":"2023-05-30T10:14:45","modified_gmt":"2023-05-30T13:14:45","slug":"antiparras-orca-killa-vision","status":"publish","type":"product","link":"https:\/\/biciplanet.net\/site\/producto\/antiparras-orca-killa-vision\/","title":{"rendered":"Antiparras Orca Killa VISION"},"content":{"rendered":"<p>La Killa Vision es una gafa de nataci\u00f3n ergon\u00f3mica y versatil con visi\u00f3n panor\u00e1mica y ajuste \u00f3ptimo, lo que la convierte en ideal para la larga distancia. Las diferentes lentes disponibles la hacen muy versatil para todo tipo de condiciones clim\u00e1ticas.<\/p>\n<p><span class=\"name\">CARACTER\u00cdSTICAS<\/span><\/p>\n<div class=\"lista\">\n<p><strong>AJUSTE \u00d3PTIMO<\/strong><\/p>\n<p>La junta ergon\u00edmoca y tridimensional se ajusta a tu rostro y reduce la presi\u00f3n al rededor del ojo para mejorar la impermeabilidad.<\/p>\n<p><strong>AJUSTE R\u00c1PIDO<\/strong><\/p>\n<p>El sistema de cierre tipo clip de la hebilla permite un ajuste r\u00e1pido y sencillo de la cinta de silicona.<\/p>\n<p><strong>FUSI\u00d3N PERFECTA<\/strong><\/p>\n<p>Gracias al revolucionario sistema en gafas de nataci\u00f3n UltraFuse, el caucho tipo TPE con la lente y el marco a trav\u00e9s de la \u00faltima tecnolog\u00eda en injecci\u00f3n de caucho. Este dise\u00f1o incrementa el confort y reduce la presi\u00f3n y las filtraciones.<\/p>\n<p><strong>ANTI-NIEBLA<\/strong><\/p>\n<p>El exclusivo recubrimiento antiniebla de larga duraci\u00f3n evita la formaci\u00f3n de vaho y permiten una visi\u00f3n n\u00edtida en todo<\/p>\n<\/div>\n","protected":false},"excerpt":{"rendered":"<p>La Killa Vision es una gafa de nataci\u00f3n ergon\u00f3mica y versatil con visi\u00f3n panor\u00e1mica y ajuste \u00f3ptimo, lo que la convierte en ideal para la larga distancia. Las diferentes lentes disponibles la hacen muy versatil para todo tipo de condiciones clim\u00e1ticas. CARACTER\u00cdSTICAS AJUSTE \u00d3PTIMO La junta ergon\u00edmoca y tridimensional se ajusta a tu rostro y [&hellip;]\n","protected":false},"featured_media":881,"comment_status":"closed","ping_status":"closed","template":"","meta":[],"product_brand":[],"product_cat":[68],"product_tag":[],"class_list":{"0":"post-879","1":"product","2":"type-product","3":"status-publish","4":"has-post-thumbnail","6":"product_cat-antiparras","8":"first","9":"outofstock","10":"shipping-taxable","11":"product-type-simple"},"_links":{"self":[{"href":"https:\/\/biciplanet.net\/site\/wp-json\/wp\/v2\/product\/879","targetHints":{"allow":["GET"]}}],"collection":[{"href":"https:\/\/biciplanet.net\/site\/wp-json\/wp\/v2\/product"}],"about":[{"href":"https:\/\/biciplanet.net\/site\/wp-json\/wp\/v2\/types\/product"}],"replies":[{"embeddable":true,"href":"https:\/\/biciplanet.net\/site\/wp-json\/wp\/v2\/comments?post=879"}],"wp:featuredmedia":[{"embeddable":true,"href":"https:\/\/biciplanet.net\/site\/wp-json\/wp\/v2\/media\/881"}],"wp:attachment":[{"href":"https:\/\/biciplanet.net\/site\/wp-json\/wp\/v2\/media?parent=879"}],"wp:term":[{"taxonomy":"product_brand","embeddable":true,"href":"https:\/\/biciplanet.net\/site\/wp-json\/wp\/v2\/product_brand?post=879"},{"taxonomy":"product_cat","embeddable":true,"href":"https:\/\/biciplanet.net\/site\/wp-json\/wp\/v2\/product_cat?post=879"},{"taxonomy":"product_tag","embeddable":true,"href":"https:\/\/biciplanet.net\/site\/wp-json\/wp\/v2\/product_tag?post=879"}],"curies":[{"name":"wp","href":"https:\/\/api.w.org\/{rel}","templated":true}]}}