{"id":874,"date":"2019-07-29T16:14:12","date_gmt":"2019-07-29T19:14:12","guid":{"rendered":"https:\/\/biciplanet.net\/site\/?post_type=product&#038;p=874"},"modified":"2023-05-30T10:14:51","modified_gmt":"2023-05-30T13:14:51","slug":"antiparras-orca-killa-180","status":"publish","type":"product","link":"https:\/\/biciplanet.net\/site\/producto\/antiparras-orca-killa-180\/","title":{"rendered":"Antiparras ORCA KILLA 180"},"content":{"rendered":"<p>La Killa 180\u00ba es una gafa de nataci\u00f3n multiusos, ideal para nadar en aguas abiertas y ergon\u00f3nica, que ofrece una comodidad y velocidad incomparables en el agua, bien sea en tus entrenamientos como en el d\u00eda de la carrera. Las diferentes lentes disponibles la hacen muy versatil para todo tipo de condiciones clim\u00e1ticas.<\/p>\n<p><span class=\"name\">CARACTER\u00cdSTICAS<\/span><\/p>\n<div class=\"lista\">\n<p><strong>AJUSTE \u00d3PTIMO<\/strong><\/p>\n<p>La junta ergon\u00edmoca y tridimensional se ajusta a tu rostro y reduce la presi\u00f3n al rededor del ojo para mejorar la impermeabilidad.<\/p>\n<p><strong>AJUSTE R\u00c1PIDO<\/strong><\/p>\n<p>El sistema de cierre tipo clip de la hebilla permite un ajuste r\u00e1pido y sencillo de la cinta de silicona.<\/p>\n<p><strong>ANTI-VAHO<\/strong><\/p>\n<p>El exclusivo recubrimiento antivaho de larga duraci\u00f3n evita la formaci\u00f3n de vaho y permiten una visi\u00f3n n\u00edtida en todo momento.<\/p>\n<\/div>\n","protected":false},"excerpt":{"rendered":"<p>La Killa 180\u00ba es una gafa de nataci\u00f3n multiusos, ideal para nadar en aguas abiertas y ergon\u00f3nica, que ofrece una comodidad y velocidad incomparables en el agua, bien sea en tus entrenamientos como en el d\u00eda de la carrera. Las diferentes lentes disponibles la hacen muy versatil para todo tipo de condiciones clim\u00e1ticas. CARACTER\u00cdSTICAS AJUSTE [&hellip;]\n","protected":false},"featured_media":875,"comment_status":"closed","ping_status":"closed","template":"","meta":[],"product_brand":[],"product_cat":[68],"product_tag":[],"class_list":{"0":"post-874","1":"product","2":"type-product","3":"status-publish","4":"has-post-thumbnail","6":"product_cat-antiparras","8":"first","9":"outofstock","10":"shipping-taxable","11":"product-type-simple"},"_links":{"self":[{"href":"https:\/\/biciplanet.net\/site\/wp-json\/wp\/v2\/product\/874","targetHints":{"allow":["GET"]}}],"collection":[{"href":"https:\/\/biciplanet.net\/site\/wp-json\/wp\/v2\/product"}],"about":[{"href":"https:\/\/biciplanet.net\/site\/wp-json\/wp\/v2\/types\/product"}],"replies":[{"embeddable":true,"href":"https:\/\/biciplanet.net\/site\/wp-json\/wp\/v2\/comments?post=874"}],"wp:featuredmedia":[{"embeddable":true,"href":"https:\/\/biciplanet.net\/site\/wp-json\/wp\/v2\/media\/875"}],"wp:attachment":[{"href":"https:\/\/biciplanet.net\/site\/wp-json\/wp\/v2\/media?parent=874"}],"wp:term":[{"taxonomy":"product_brand","embeddable":true,"href":"https:\/\/biciplanet.net\/site\/wp-json\/wp\/v2\/product_brand?post=874"},{"taxonomy":"product_cat","embeddable":true,"href":"https:\/\/biciplanet.net\/site\/wp-json\/wp\/v2\/product_cat?post=874"},{"taxonomy":"product_tag","embeddable":true,"href":"https:\/\/biciplanet.net\/site\/wp-json\/wp\/v2\/product_tag?post=874"}],"curies":[{"name":"wp","href":"https:\/\/api.w.org\/{rel}","templated":true}]}}