{"id":863,"date":"2019-07-29T15:55:47","date_gmt":"2019-07-29T18:55:47","guid":{"rendered":"https:\/\/biciplanet.net\/site\/?post_type=product&#038;p=863"},"modified":"2019-07-29T15:55:52","modified_gmt":"2019-07-29T18:55:52","slug":"neopreno-orca-s7","status":"publish","type":"product","link":"https:\/\/biciplanet.net\/site\/producto\/neopreno-orca-s7\/","title":{"rendered":"Neopreno ORCA S7"},"content":{"rendered":"<p>El S7 Progressive Swimmer. Este tipo de nadador necesita un extra de flotabilidad, por lo que el S7 est\u00e1 dise\u00f1ado para elevar la posici\u00f3n del triatleta en el agua, sin dejar de lado la elasticidad que necesita en la brazada. La herramienta perfecta para que la nataci\u00f3n no te detenga.<\/p>\n<p>CARACTER\u00cdSTICAS<\/p>\n<p>SCS<\/p>\n<p>El recubrimiento SCS sobre el neopreno, propio de las gamas altas, reduce la fricci\u00f3n y ayuda a incrementar la velocidad. Su estructura de micro c\u00e9lulas repele el agua y genera menor restricci\u00f3n al avance.<\/p>\n<p>CERO ROZADURAS<\/p>\n<p>El lining del cuello reduce la fricci\u00f3n y por tanto, la aparici\u00f3n de rozaduras. Adem\u00e1s, la suavidad del material mejora el contacto con la piel, haci\u00e9ndolo m\u00e1s agradable al tacto.<\/p>\n<p>FLOTABILIDAD<\/p>\n<p>El S7 busca corregir tu posici\u00f3n, elev\u00e1ndola lo m\u00e1ximo posible. El neopreno de 5 mm de espesor, utilizado en cadera y piernas, ayuda a que tu tronco inferior se mantenga en la superficie en todo momento. El panel de 3 mm de espesor, ubicado en el pecho, evita el balanceo del cuerpo, propio de una respiraci\u00f3n incorrecta.<\/p>\n<p>FLEXIBILIDAD<\/p>\n<p>Los paneles Yamamoto de 2 mm, con revestimiento SCS de 39 celdas en antebrazos, hombros y brazos, combinados con un forro flexible, mantienen la movilidad y mejoran la flexibilidad.<\/p>\n<p>VELOCIDAD<\/p>\n<p>Los paneles Hydrolite de Yamamoto 39 celdas, colocados en la parte inferior de las piernas, hacen m\u00e1s r\u00e1pidas tus transiciones. Quitarse el neopreno ahora es m\u00e1s f\u00e1cil que nunca.<\/p>\n","protected":false},"excerpt":{"rendered":"<p>El S7 Progressive Swimmer. Este tipo de nadador necesita un extra de flotabilidad, por lo que el S7 est\u00e1 dise\u00f1ado para elevar la posici\u00f3n del triatleta en el agua, sin dejar de lado la elasticidad que necesita en la brazada. La herramienta perfecta para que la nataci\u00f3n no te detenga. CARACTER\u00cdSTICAS SCS El recubrimiento SCS [&hellip;]\n","protected":false},"featured_media":865,"comment_status":"closed","ping_status":"closed","template":"","meta":[],"product_brand":[],"product_cat":[67],"product_tag":[],"class_list":{"0":"post-863","1":"product","2":"type-product","3":"status-publish","4":"has-post-thumbnail","6":"product_cat-trajes-de-neoprene","8":"first","9":"instock","10":"shipping-taxable","11":"product-type-simple"},"_links":{"self":[{"href":"https:\/\/biciplanet.net\/site\/wp-json\/wp\/v2\/product\/863","targetHints":{"allow":["GET"]}}],"collection":[{"href":"https:\/\/biciplanet.net\/site\/wp-json\/wp\/v2\/product"}],"about":[{"href":"https:\/\/biciplanet.net\/site\/wp-json\/wp\/v2\/types\/product"}],"replies":[{"embeddable":true,"href":"https:\/\/biciplanet.net\/site\/wp-json\/wp\/v2\/comments?post=863"}],"wp:featuredmedia":[{"embeddable":true,"href":"https:\/\/biciplanet.net\/site\/wp-json\/wp\/v2\/media\/865"}],"wp:attachment":[{"href":"https:\/\/biciplanet.net\/site\/wp-json\/wp\/v2\/media?parent=863"}],"wp:term":[{"taxonomy":"product_brand","embeddable":true,"href":"https:\/\/biciplanet.net\/site\/wp-json\/wp\/v2\/product_brand?post=863"},{"taxonomy":"product_cat","embeddable":true,"href":"https:\/\/biciplanet.net\/site\/wp-json\/wp\/v2\/product_cat?post=863"},{"taxonomy":"product_tag","embeddable":true,"href":"https:\/\/biciplanet.net\/site\/wp-json\/wp\/v2\/product_tag?post=863"}],"curies":[{"name":"wp","href":"https:\/\/api.w.org\/{rel}","templated":true}]}}