{"id":850,"date":"2019-04-24T17:15:49","date_gmt":"2019-04-24T20:15:49","guid":{"rendered":"https:\/\/biciplanet.net\/site\/?post_type=product&#038;p=850"},"modified":"2023-07-21T17:14:16","modified_gmt":"2023-07-21T20:14:16","slug":"asiento-ism-pr2-0","status":"publish","type":"product","link":"https:\/\/biciplanet.net\/site\/producto\/asiento-ism-pr2-0\/","title":{"rendered":"Asiento ISM PR2.0"},"content":{"rendered":"<p>Acolchado de espuma y gel de la serie 40 para comodidad en millas largas<br \/>\nNueva forma para mejorar la separaci\u00f3n del muslo y el movimiento del jinete<br \/>\nGancho de transici\u00f3n trasera<br \/>\nCom\u00fanmente utilizado para:<br \/>\nBicis h\u00edbridas<br \/>\nBicicletas de triatl\u00f3n<br \/>\nbicicletas de monta\u00f1a<br \/>\nBicicletas de carretera<\/p>\n<p>Especificaciones t\u00e9cnicas:<br \/>\nCategor\u00eda: Rendimiento Recreaci\u00f3n<br \/>\nLongitud: 250 mm<br \/>\nAncho: 130 mm<br \/>\nRelleno: espuma y gel de la serie 40<br \/>\nRieles: acero satinado<br \/>\nDe color negro<\/p>\n","protected":false},"excerpt":{"rendered":"<p>Acolchado de espuma y gel de la serie 40 para comodidad en millas largas Nueva forma para mejorar la separaci\u00f3n del muslo y el movimiento del jinete Gancho de transici\u00f3n trasera Com\u00fanmente utilizado para: Bicis h\u00edbridas Bicicletas de triatl\u00f3n bicicletas de monta\u00f1a Bicicletas de carretera Especificaciones t\u00e9cnicas: Categor\u00eda: Rendimiento Recreaci\u00f3n Longitud: 250 mm Ancho: 130 [&hellip;]\n","protected":false},"featured_media":851,"comment_status":"closed","ping_status":"closed","template":"","meta":[],"product_brand":[],"product_cat":[13],"product_tag":[],"class_list":{"0":"post-850","1":"product","2":"type-product","3":"status-publish","4":"has-post-thumbnail","6":"product_cat-asientos","8":"first","9":"outofstock","10":"shipping-taxable","11":"product-type-simple"},"_links":{"self":[{"href":"https:\/\/biciplanet.net\/site\/wp-json\/wp\/v2\/product\/850","targetHints":{"allow":["GET"]}}],"collection":[{"href":"https:\/\/biciplanet.net\/site\/wp-json\/wp\/v2\/product"}],"about":[{"href":"https:\/\/biciplanet.net\/site\/wp-json\/wp\/v2\/types\/product"}],"replies":[{"embeddable":true,"href":"https:\/\/biciplanet.net\/site\/wp-json\/wp\/v2\/comments?post=850"}],"wp:featuredmedia":[{"embeddable":true,"href":"https:\/\/biciplanet.net\/site\/wp-json\/wp\/v2\/media\/851"}],"wp:attachment":[{"href":"https:\/\/biciplanet.net\/site\/wp-json\/wp\/v2\/media?parent=850"}],"wp:term":[{"taxonomy":"product_brand","embeddable":true,"href":"https:\/\/biciplanet.net\/site\/wp-json\/wp\/v2\/product_brand?post=850"},{"taxonomy":"product_cat","embeddable":true,"href":"https:\/\/biciplanet.net\/site\/wp-json\/wp\/v2\/product_cat?post=850"},{"taxonomy":"product_tag","embeddable":true,"href":"https:\/\/biciplanet.net\/site\/wp-json\/wp\/v2\/product_tag?post=850"}],"curies":[{"name":"wp","href":"https:\/\/api.w.org\/{rel}","templated":true}]}}