{"id":836,"date":"2019-04-15T16:25:45","date_gmt":"2019-04-15T19:25:45","guid":{"rendered":"https:\/\/biciplanet.net\/site\/?post_type=product&#038;p=836"},"modified":"2023-05-30T10:08:02","modified_gmt":"2023-05-30T13:08:02","slug":"lentes-shimano-meteor","status":"publish","type":"product","link":"https:\/\/biciplanet.net\/site\/producto\/lentes-shimano-meteor\/","title":{"rendered":"Lentes Shimano Meteor"},"content":{"rendered":"<div class=\"groupset-head-area hide-sm\">\n<h3 class=\"product-head\">CE-MTOR1<\/h3>\n<\/div>\n<div class=\"product-description-area\">\n<p>Estilo aviador intemporal para pedalear por la ciudad o relajarse despu\u00e9s de una competici\u00f3n.<\/p>\n<ul class=\"product-feature-list\">\n<li>\n<div class=\"js-toggle opened\">\n<div class=\"js-toggle-ui\">FRAMEFEATURE<\/div>\n<\/div>\n<\/li>\n<\/ul>\n<\/div>\n<div class=\"js-toggle opened\">\n<div id=\"setToggle1555356091828\" class=\"js-toggle-content\" aria-expanded=\"true\">\n<ul class=\"feature-list-content0 feature-text\">\n<li>Material Grilamid TR 90 ligero, resistente y duradero<\/li>\n<li>Moldura CNC para una precisi\u00f3n, simetr\u00eda y calidad m\u00e1ximas<\/li>\n<\/ul>\n<\/div>\n<\/div>\n<div class=\"js-toggle opened\">\n<div class=\"js-toggle-ui\">PACKAGEFEATURE<\/div>\n<\/div>\n<div class=\"js-toggle opened\">\n<div id=\"setToggle1555356091900\" class=\"js-toggle-content\" aria-expanded=\"true\">\n<ul class=\"feature-list-content1 feature-text\">\n<li>La bolsita para gafas se puede utilizar para limpiar las lentes<\/li>\n<\/ul>\n<\/div>\n<\/div>\n<div class=\"js-toggle opened\">\n<div class=\"js-toggle-ui\">LENSFEATURE<\/div>\n<\/div>\n<div id=\"setToggle1555356091923\" class=\"js-toggle-content\" aria-expanded=\"true\">\n<ul class=\"feature-list-content2 feature-text\">\n<li>Lente de policarbonato resistente, r\u00edgida y ligera<\/li>\n<li>Protecci\u00f3n total UV400<\/li>\n<li>El revestimiento hidrof\u00f3bico incrementa la capacidad hidr\u00f3fuga y mantiene las lentes m\u00e1s limpias<\/li>\n<li>Tratamiento especial antirrayado<\/li>\n<\/ul>\n<\/div>\n","protected":false},"excerpt":{"rendered":"<p>CE-MTOR1 Estilo aviador intemporal para pedalear por la ciudad o relajarse despu\u00e9s de una competici\u00f3n. FRAMEFEATURE Material Grilamid TR 90 ligero, resistente y duradero Moldura CNC para una precisi\u00f3n, simetr\u00eda y calidad m\u00e1ximas PACKAGEFEATURE La bolsita para gafas se puede utilizar para limpiar las lentes LENSFEATURE Lente de policarbonato resistente, r\u00edgida y ligera Protecci\u00f3n total [&hellip;]\n","protected":false},"featured_media":837,"comment_status":"closed","ping_status":"closed","template":"","meta":[],"product_brand":[],"product_cat":[12],"product_tag":[],"class_list":{"0":"post-836","1":"product","2":"type-product","3":"status-publish","4":"has-post-thumbnail","6":"product_cat-anteojos","8":"first","9":"instock","10":"sale","11":"shipping-taxable","12":"product-type-simple"},"_links":{"self":[{"href":"https:\/\/biciplanet.net\/site\/wp-json\/wp\/v2\/product\/836","targetHints":{"allow":["GET"]}}],"collection":[{"href":"https:\/\/biciplanet.net\/site\/wp-json\/wp\/v2\/product"}],"about":[{"href":"https:\/\/biciplanet.net\/site\/wp-json\/wp\/v2\/types\/product"}],"replies":[{"embeddable":true,"href":"https:\/\/biciplanet.net\/site\/wp-json\/wp\/v2\/comments?post=836"}],"wp:featuredmedia":[{"embeddable":true,"href":"https:\/\/biciplanet.net\/site\/wp-json\/wp\/v2\/media\/837"}],"wp:attachment":[{"href":"https:\/\/biciplanet.net\/site\/wp-json\/wp\/v2\/media?parent=836"}],"wp:term":[{"taxonomy":"product_brand","embeddable":true,"href":"https:\/\/biciplanet.net\/site\/wp-json\/wp\/v2\/product_brand?post=836"},{"taxonomy":"product_cat","embeddable":true,"href":"https:\/\/biciplanet.net\/site\/wp-json\/wp\/v2\/product_cat?post=836"},{"taxonomy":"product_tag","embeddable":true,"href":"https:\/\/biciplanet.net\/site\/wp-json\/wp\/v2\/product_tag?post=836"}],"curies":[{"name":"wp","href":"https:\/\/api.w.org\/{rel}","templated":true}]}}