{"id":824,"date":"2018-07-06T12:08:31","date_gmt":"2018-07-06T15:08:31","guid":{"rendered":"https:\/\/biciplanet.net\/site\/?post_type=product&#038;p=824"},"modified":"2018-07-06T12:08:31","modified_gmt":"2018-07-06T15:08:31","slug":"rodillo-tacx-blue-matic","status":"publish","type":"product","link":"https:\/\/biciplanet.net\/site\/producto\/rodillo-tacx-blue-matic\/","title":{"rendered":"Rodillo TACX Blue Matic"},"content":{"rendered":"<p>El Blue Matic Magn\u00e9tico ha formado parte de nuestra gama desde hace muchos a\u00f1os y es muy popular entre los ciclistas principiantes que buscan un rodillo sencillo. Durante el entrenamiento se puede ajustar la resistencia necesaria mediante el interruptor del manillar<\/p>\n<p>El Blue Matic se controla mediante una maneta situada en la direcci\u00f3n que permite ajustar la resistencia adecuadamente. Cuanta m\u00e1s alta es la posici\u00f3n, mayor la resistencia. 10 posiciones.<\/p>\n<p>El Rulo sobre el que se coloca la rueda trasera est\u00e1 compuesto por dos materiales, una manga de acero templado con un n\u00facleo suave de elastogel. La manga de acero impide que el rodillo de entrenamiento se desgaste y el elastogel absorbe las vibraciones para reducir el ruido.<\/p>\n","protected":false},"excerpt":{"rendered":"<p>El Blue Matic Magn\u00e9tico ha formado parte de nuestra gama desde hace muchos a\u00f1os y es muy popular entre los ciclistas principiantes que buscan un rodillo sencillo. Durante el entrenamiento se puede ajustar la resistencia necesaria mediante el interruptor del manillar El Blue Matic se controla mediante una maneta situada en la direcci\u00f3n que permite [&hellip;]\n","protected":false},"featured_media":825,"comment_status":"closed","ping_status":"closed","template":"","meta":[],"product_brand":[],"product_cat":[64],"product_tag":[],"class_list":{"0":"post-824","1":"product","2":"type-product","3":"status-publish","4":"has-post-thumbnail","6":"product_cat-rodillos","8":"first","9":"instock","10":"shipping-taxable","11":"product-type-simple"},"_links":{"self":[{"href":"https:\/\/biciplanet.net\/site\/wp-json\/wp\/v2\/product\/824","targetHints":{"allow":["GET"]}}],"collection":[{"href":"https:\/\/biciplanet.net\/site\/wp-json\/wp\/v2\/product"}],"about":[{"href":"https:\/\/biciplanet.net\/site\/wp-json\/wp\/v2\/types\/product"}],"replies":[{"embeddable":true,"href":"https:\/\/biciplanet.net\/site\/wp-json\/wp\/v2\/comments?post=824"}],"wp:featuredmedia":[{"embeddable":true,"href":"https:\/\/biciplanet.net\/site\/wp-json\/wp\/v2\/media\/825"}],"wp:attachment":[{"href":"https:\/\/biciplanet.net\/site\/wp-json\/wp\/v2\/media?parent=824"}],"wp:term":[{"taxonomy":"product_brand","embeddable":true,"href":"https:\/\/biciplanet.net\/site\/wp-json\/wp\/v2\/product_brand?post=824"},{"taxonomy":"product_cat","embeddable":true,"href":"https:\/\/biciplanet.net\/site\/wp-json\/wp\/v2\/product_cat?post=824"},{"taxonomy":"product_tag","embeddable":true,"href":"https:\/\/biciplanet.net\/site\/wp-json\/wp\/v2\/product_tag?post=824"}],"curies":[{"name":"wp","href":"https:\/\/api.w.org\/{rel}","templated":true}]}}