{"id":816,"date":"2018-06-05T17:52:35","date_gmt":"2018-06-05T20:52:35","guid":{"rendered":"https:\/\/biciplanet.net\/site\/?post_type=product&#038;p=816"},"modified":"2023-06-16T12:27:20","modified_gmt":"2023-06-16T15:27:20","slug":"banda-garmin-hrm-tri","status":"publish","type":"product","link":"https:\/\/biciplanet.net\/site\/producto\/banda-garmin-hrm-tri\/","title":{"rendered":"Banda GARMIN HRM-Tri"},"content":{"rendered":"<h3>Datos de frecuencia cardiaca en las tres disciplinas<\/h3>\n<ul>\n<li>Dise\u00f1ado espec\u00edficamente para triatletas<\/li>\n<li>Nuestro monitor de frecuencia cardiaca m\u00e1s peque\u00f1o y ligero<\/li>\n<li>C\u00f3moda correa de f\u00e1cil ajuste<\/li>\n<li>Mejora tu experiencia en triatl\u00f3n vinculando HRM-Tri con cualquier wearable de Garmin compatible. El HRM-Tri almacena los datos de frecuencia cardiaca cuando est\u00e1 bajo el agua y los env\u00eda al wearable cuando finaliza la sesi\u00f3n de nataci\u00f3n. Nuestro m\u00f3dulo de control de frecuencia cardiaca m\u00e1s peque\u00f1o y ligero se ajusta al ancho de la correa. Sus bordes suaves y redondeados, y las uniones cubiertas hacen que la correa sea muy c\u00f3moda tambi\u00e9n fuera del agua.<\/li>\n<li>\n<h3>Amplia din\u00e1mica de carrera<\/h3>\n<p>Cuando corres, esta vinculaci\u00f3n permite que el wearable compatible registre 6 m\u00e9tricas de din\u00e1mica de carrera: cadencia, longitud de zancada, tiempo de contacto con el suelo, equilibrio del tiempo de contacto con el suelo, oscilaci\u00f3n vertical y ratio vertical.<\/li>\n<\/ul>\n","protected":false},"excerpt":{"rendered":"<p>Datos de frecuencia cardiaca en las tres disciplinas Dise\u00f1ado espec\u00edficamente para triatletas Nuestro monitor de frecuencia cardiaca m\u00e1s peque\u00f1o y ligero C\u00f3moda correa de f\u00e1cil ajuste Mejora tu experiencia en triatl\u00f3n vinculando HRM-Tri con cualquier wearable de Garmin compatible. El HRM-Tri almacena los datos de frecuencia cardiaca cuando est\u00e1 bajo el agua y los env\u00eda [&hellip;]\n","protected":false},"featured_media":817,"comment_status":"closed","ping_status":"closed","template":"","meta":[],"product_brand":[],"product_cat":[26,46],"product_tag":[],"class_list":{"0":"post-816","1":"product","2":"type-product","3":"status-publish","4":"has-post-thumbnail","6":"product_cat-computadoras-pulsometro","7":"product_cat-relojes","9":"first","10":"instock","11":"shipping-taxable","12":"product-type-simple"},"_links":{"self":[{"href":"https:\/\/biciplanet.net\/site\/wp-json\/wp\/v2\/product\/816","targetHints":{"allow":["GET"]}}],"collection":[{"href":"https:\/\/biciplanet.net\/site\/wp-json\/wp\/v2\/product"}],"about":[{"href":"https:\/\/biciplanet.net\/site\/wp-json\/wp\/v2\/types\/product"}],"replies":[{"embeddable":true,"href":"https:\/\/biciplanet.net\/site\/wp-json\/wp\/v2\/comments?post=816"}],"wp:featuredmedia":[{"embeddable":true,"href":"https:\/\/biciplanet.net\/site\/wp-json\/wp\/v2\/media\/817"}],"wp:attachment":[{"href":"https:\/\/biciplanet.net\/site\/wp-json\/wp\/v2\/media?parent=816"}],"wp:term":[{"taxonomy":"product_brand","embeddable":true,"href":"https:\/\/biciplanet.net\/site\/wp-json\/wp\/v2\/product_brand?post=816"},{"taxonomy":"product_cat","embeddable":true,"href":"https:\/\/biciplanet.net\/site\/wp-json\/wp\/v2\/product_cat?post=816"},{"taxonomy":"product_tag","embeddable":true,"href":"https:\/\/biciplanet.net\/site\/wp-json\/wp\/v2\/product_tag?post=816"}],"curies":[{"name":"wp","href":"https:\/\/api.w.org\/{rel}","templated":true}]}}