{"id":771,"date":"2017-11-27T17:49:00","date_gmt":"2017-11-27T20:49:00","guid":{"rendered":"http:\/\/biciplanet.net\/site\/?post_type=product&#038;p=771"},"modified":"2023-06-16T12:21:59","modified_gmt":"2023-06-16T15:21:59","slug":"garmin-edge-520","status":"publish","type":"product","link":"https:\/\/biciplanet.net\/site\/producto\/garmin-edge-520\/","title":{"rendered":"Garmin Edge\u00ae 520"},"content":{"rendered":"<h3>El ciclocomputador con GPS para entrenar, competir y conseguir m\u00e1s rendimiento<\/h3>\n<ul>\n<li>Ofrece segmentos en tiempo real de Strava<\/li>\n<li>Informa del consumo m\u00e1ximo de ox\u00edgeno y del tiempo de recuperaci\u00f3n espec\u00edficos para ciclismo cuando se utiliza con sensor de potencia y frecuencia cardiaca.<\/li>\n<li>Compatible con\u00a0 rodillos ANT+\u00ae visualiza y controla tus datos con si estuvieras en la carreta.<\/li>\n<li>Realiza un seguimiento del umbral de potencia funcional (FTP), de los vatios\/kg y de la din\u00e1mica de ciclismo cuando se usa con el sensor de potencia Vector&#x2122; o Vector 2.<\/li>\n<li>Funciones de online\u00b9: carga tu entrenos autom\u00e1ticamente a Garmin Connect, seguimiento en tiempo real, notificaciones inteligentes, env\u00edo y recepci\u00f3n de trayectos, uso compartido en redes sociales, informes meteorol\u00f3gicos.<\/li>\n<\/ul>\n<h3>Este es tu Edge competitivo<\/h3>\n<p>Partimos del aspecto aerodin\u00e1mico del popular Edge 500 y a\u00f1adimos desaf\u00edos en el recorrido mediante los segmentos en tiempo real de Strava, una pantalla a color y funciones de conexi\u00f3n y de an\u00e1lisis avanzado. El resultado es el Edge 520, el ordenador de bicicleta con GPS con el tama\u00f1o perfecto para ciclistas profesionales y con las funciones que estabas deseando.<\/p>\n<h3>Prueba tu Edge<\/h3>\n<p>El Edge 520 es el primer ciclocomputador compatible con los segmentos en tiempo real de Strava, adem\u00e1s incluye un per\u00edodo de prueba de Strava Premium de 2\u00a0meses. Con esta suscripci\u00f3n tus segmentos destacados de Strava se sincronizan autom\u00e1ticamente con el Edge 520 para contar con toda informaci\u00f3n en tiempo real durante tu recorrido. Tambi\u00e9n te alerta cuando un segmento empieza o acaba y te muestra las posiciones en la clasificaci\u00f3n una vez has completado un segmento.<\/p>\n<h3>Entrena al m\u00e1ximo, con tu Edge<\/h3>\n<p>\u00bfNecesitas motivaci\u00f3n para superar los kil\u00f3metros solitarios en tu rodillo? Edge 520 te ofrece un conjunto de funciones para tu entrenamiento cuando se vincula con rodillos ANT+ compatibles. Digamos que quieres entrenar a una potencia media de 240 vatios. Establece el objetivo en el Edge 520, comienza a pedalear y el rodillo se ajustar\u00e1 autom\u00e1ticamente para que te mantengas en el objetivo mientras el dispositivo te muestra las estad\u00edsticas. Tambi\u00e9n puedes seguir un recorrido que hayas creado t\u00fa o cualquier otro ciclista y competir literalmente con las estad\u00edsticas registradas, gracias a la resistencia ajustable del rodillo para que coincida con el perfil de altura.<\/p>\n<p>Al vincularlo con un medidor de potencia, el Edge 520 ofrece un conjunto de funciones adicional, como el seguimiento de la FTP y de los vatios\/kg para que puedas compararte con otros, al igual que con la din\u00e1mica de ciclismo\u00b2. Una prueba de FTP integrada te ayuda a establecer el punto de referencia en el rodillo o en la carretera. A\u00f1ade tu frecuencia cardiaca\u00b3 y Edge 520 podr\u00e1 obtener una estimaci\u00f3n del consumo m\u00e1ximo de ox\u00edgeno y el tiempo de recuperaci\u00f3n tras la carrera, que indica cu\u00e1nto tiempo debes esperar antes de volver a realizar otro gran esfuerzo.<\/p>\n<h3>Pantalla optimizada<\/h3>\n<p>El Edge 520 no renuncia a nada cuando se trata de pantallas: 2,3 pulgadas a color de alta resoluci\u00f3n. Hemos optimizado al m\u00e1ximo la pantalla para proporcionarte un \u00e1rea de visualizaci\u00f3n mayor en relaci\u00f3n con el tama\u00f1o compacto del Edge 520. Tambi\u00e9n apreciar\u00e1s la claridad de la pantalla en todas las condiciones de luz.<\/p>\n<h3>La bicicleta conectada<\/h3>\n<p>El Edge 520 es compatible con sensores ANT+, incluidos el\u00a0<a href=\"http:\/\/buy.garmin.com\/prod518151.html\">radar<\/a>\u00a0y las\u00a0<a href=\"http:\/\/buy.garmin.com\/prod506138.html\">luces para bicicleta<\/a><sup>4<\/sup>\u00a0Varia&#x2122;, la velocidad, la cadencia, la frecuencia cardiaca, los mandos a distancia Edge y VIRB\u00ae, y las b\u00e1sculas compatibles. Tambi\u00e9n se integra con el sistema de cambio electr\u00f3nico Shimano Di2<sup>5<\/sup>\u00a0para mostrar en pantalla la marcha actual. El Edge 520 tambi\u00e9n es compatible con medidores de potencia ANT+, incluida la serie\u00a0<a href=\"http:\/\/sites.garmin.com\/en-US\/vector\/\">Vector<\/a>.<\/p>\n<h3>Conectividad con smartphone<\/h3>\n<p>Al vincularlo con tu tel\u00e9fono compatible y la aplicaci\u00f3n\u00a0<a href=\"https:\/\/buypub.garmin.com\/prod125677.html\">Garmin Connect&#x2122; Mobile<\/a>, el Edge 520 ofrece seguimiento en tiempo real, notificaciones de smartphone, uso compartido en redes sociales, partes meteorol\u00f3gicos y cargas inal\u00e1mbricas. Una vez se completa el trayecto, los datos se pueden enviar autom\u00e1ticamente a\u00a0<a href=\"https:\/\/connect.garmin.com\/\">Garmin Connect<\/a>&#x2122;, nuestra comunidad en l\u00ednea donde puedes guardar, planear y compartir tus recorridos.<\/p>\n<h3>LiveTrack es a\u00fan m\u00e1s f\u00e1cil de usar<\/h3>\n<p>LiveTrack permite a familiares y amigos realizar el seguimiento de tu ubicaci\u00f3n en tiempo real durante tus recorridos, y ahora es a\u00fan m\u00e1s f\u00e1cil de usar. Al habilitar el inicio autom\u00e1tico, podr\u00e1s dedicar m\u00e1s tiempo a tu recorrido y menos a la tecnolog\u00eda. LiveTrack detectar\u00e1 autom\u00e1ticamente el momento en el que inicias el recorrido, por lo que no es necesario coger el tel\u00e9fono. El inicio autom\u00e1tico tambi\u00e9n es compatible con la nueva Strava Beacon, que permite a los suscriptores de Strava Premium aprovechar todas las ventajas de esta incre\u00edble funci\u00f3n. Ofrecer tranquilidad a ti y a los tuyos mientras vas en bici nunca hab\u00eda sido tan f\u00e1cil.<\/p>\n<h3>Robusto y preciso<\/h3>\n<p>Con su dise\u00f1o compacto y resistente, y la autonom\u00eda de su bater\u00eda de hasta 15 horas, el Edge 520 es perfecto para las aventuras fuera de los recorridos tradicionales. Tambi\u00e9n es compatible con sat\u00e9lites GPS y GLONASS, para una precisi\u00f3n inigualable.<\/p>\n<p class=\"disclaimer-block\">\u00b9Al vincularlo con un <a href=\"http:\/\/www.garmin.com\/ble\">tel\u00e9fono compatible<\/a>.<br \/>\n\u00b2Cuando se utiliza con un medidor de potencia Vector o Vector 2.<br \/>\n\u00b3Se incluye con algunos modelos y se vende por separado en otros.<br \/>\n<sup>4<\/sup>Con actualizaci\u00f3n de software en el futuro.<br \/>\n<sup>5<\/sup>Compatible con los sistemas de cambio electr\u00f3nico Shimano Di2 con funci\u00f3n de gesti\u00f3n de datos Shimano D-Fly.<\/p>\n","protected":false},"excerpt":{"rendered":"<p>El ciclocomputador con GPS para entrenar, competir y conseguir m\u00e1s rendimiento Ofrece segmentos en tiempo real de Strava Informa del consumo m\u00e1ximo de ox\u00edgeno y del tiempo de recuperaci\u00f3n espec\u00edficos para ciclismo cuando se utiliza con sensor de potencia y frecuencia cardiaca. Compatible con\u00a0 rodillos ANT+\u00ae visualiza y controla tus datos con si estuvieras en [&hellip;]\n","protected":false},"featured_media":772,"comment_status":"closed","ping_status":"closed","template":"","meta":[],"product_brand":[],"product_cat":[26],"product_tag":[],"class_list":{"0":"post-771","1":"product","2":"type-product","3":"status-publish","4":"has-post-thumbnail","6":"product_cat-computadoras-pulsometro","8":"first","9":"outofstock","10":"shipping-taxable","11":"product-type-simple"},"_links":{"self":[{"href":"https:\/\/biciplanet.net\/site\/wp-json\/wp\/v2\/product\/771","targetHints":{"allow":["GET"]}}],"collection":[{"href":"https:\/\/biciplanet.net\/site\/wp-json\/wp\/v2\/product"}],"about":[{"href":"https:\/\/biciplanet.net\/site\/wp-json\/wp\/v2\/types\/product"}],"replies":[{"embeddable":true,"href":"https:\/\/biciplanet.net\/site\/wp-json\/wp\/v2\/comments?post=771"}],"wp:featuredmedia":[{"embeddable":true,"href":"https:\/\/biciplanet.net\/site\/wp-json\/wp\/v2\/media\/772"}],"wp:attachment":[{"href":"https:\/\/biciplanet.net\/site\/wp-json\/wp\/v2\/media?parent=771"}],"wp:term":[{"taxonomy":"product_brand","embeddable":true,"href":"https:\/\/biciplanet.net\/site\/wp-json\/wp\/v2\/product_brand?post=771"},{"taxonomy":"product_cat","embeddable":true,"href":"https:\/\/biciplanet.net\/site\/wp-json\/wp\/v2\/product_cat?post=771"},{"taxonomy":"product_tag","embeddable":true,"href":"https:\/\/biciplanet.net\/site\/wp-json\/wp\/v2\/product_tag?post=771"}],"curies":[{"name":"wp","href":"https:\/\/api.w.org\/{rel}","templated":true}]}}