{"id":767,"date":"2017-11-24T18:57:09","date_gmt":"2017-11-24T21:57:09","guid":{"rendered":"http:\/\/biciplanet.net\/site\/?post_type=product&#038;p=767"},"modified":"2018-05-26T10:05:39","modified_gmt":"2018-05-26T13:05:39","slug":"garmin-forerunner-735xt","status":"publish","type":"product","link":"https:\/\/biciplanet.net\/site\/producto\/garmin-forerunner-735xt\/","title":{"rendered":"Garmin Forerunner\u00ae 735XT"},"content":{"rendered":"<h3>Reloj multideportivo GPS avanzado con tecnolog\u00eda de frecuencia cardiaca para mu\u00f1eca Garmin Elevate<sup>&#x2122;<\/sup><\/h3>\n<ul>\n<li>Mide la frecuencia card\u00edaca en la mu\u00f1eca: corra y practique ciclismo libremente<\/li>\n<li>Proporciona din\u00e1micas avanzadas de ciclismo, nataci\u00f3n y carrera<sup>1<\/sup> para registrar el saldo de tiempo de contacto con el suelo, la longitud de las zancadas, la relaci\u00f3n vertical y mucho m\u00e1s<\/li>\n<li>Ofrece una estimaci\u00f3n de VO2 m\u00e1ximo, umbral de lactato<sup>2<\/sup>, predicci\u00f3n de carrera y asesor de recuperaci\u00f3n<\/li>\n<li>Funciones conectadas<sup>3<\/sup>: notificaciones inteligentes, cargas autom\u00e1ticas a Garmin Connect<sup>&#x2122;<\/sup>, seguimiento en vivo y m\u00e1s<\/li>\n<li>Personal\u00edcelo con car\u00e1tulas gratuitas, aplicaciones y m\u00e1s en Connect IQ<sup>&#x2122;<\/sup><\/li>\n<\/ul>\n<h3>Usted lo hace todo, ahora su reloj tambi\u00e9n<\/h3>\n<p>Sea un mejor atleta en la pista y en el agua con Forerunner<sup>\u00ae<\/sup> 735XT. Este reloj multideportivo GPS es para atletas que desean obtener datos detallados cuando entrenan y compiten. Gracias a una forma m\u00e1s peque\u00f1a y a una c\u00f3moda correa, el 735XT es el reloj perfecto para ayudarlo en su entrenamiento y jornada laboral. Tambi\u00e9n sirve para hacer un seguimiento de actividad, que le permite contar sus pasos, calor\u00edas y sue\u00f1o. Obtenga los datos que necesita para seguir super\u00e1ndose.<\/p>\n<h3><\/h3>\n<h3>Practique para carreras, sprint, nataci\u00f3n, ciclismo y triatlones<\/h3>\n<p>Su rutina no es rutina. Forerunner\u00ae\u00a0735XT le permite cambiar las cosas con facilidad gracias a los perfiles de actividad integrados para carrera (interiores\/exteriores), ciclismo (interiores\/exteriores), nataci\u00f3n (piscina\/aguas abiertas), esqu\u00ed de fondo, deportes de remo, carreras por senderos, senderismo y entrenamientos de fuerza.\u00a0Para entrenamientos en bloque y carreras de duatl\u00f3n y triatl\u00f3n, la funci\u00f3n multideportiva autom\u00e1tica le permite cambiar de deporte con solo presionar un bot\u00f3n. El 735XT es compatible con entrenamientos avanzados de carrera, ciclismo e incluso nataci\u00f3n en piscina. Cree sus propios entrenamientos personalizados y desc\u00e1rguelos gratuitamente desde <a href=\"https:\/\/connect.garmin.com\/en-US\/\">Garmin Connect<\/a>.<\/p>\n<h3>Monitor de frecuencia card\u00edaca en la mu\u00f1eca<\/h3>\n<p>Forerunner\u00ae 735XT es nuestro primer reloj multideportivo con tecnolog\u00eda de frecuencia card\u00edaca Elevate&#x2122; para medir la frecuencia cardiaca en la mu\u00f1eca. Ahora puede competir con libertad a la hora de subirse a su bicicleta o ponerse en la l\u00ednea de partida. No es necesario usar una correa para el pecho para ver sus estad\u00edsticas vitales: consulte su zona de frecuencia cardiaca y pulsaciones por minuto, todo en tiempo real y en un colorido medidor.<\/p>\n<div>\n<h3>Entrene su coraz\u00f3n al m\u00e1ximo<\/h3>\n<p>Puede que la frecuencia cardiaca en la mu\u00f1eca se adapte a sus necesidades en un d\u00eda de carrera, pero cuando se trata de entrenar y recuperarse, necesita datos m\u00e1s detallados. Con Forerunner\u00ae 735XT, obtendr\u00e1 bastantes.<\/p>\n<p>Estas son algunas m\u00e9tricas avanzadas que obtendr\u00e1 con la adici\u00f3n de una correa de frecuencia card\u00edaca:<\/p>\n<div><\/div>\n<ul>\n<li>Din\u00e1micas de carrera\u00b9, como saldo de tiempo de contacto con el suelo, longitud de las zancadas, relaci\u00f3n vertical y m\u00e1s<\/li>\n<li>Estimaci\u00f3n de VO2 m\u00e1ximo, umbral de lactato, predicci\u00f3n de carrera y asesor de recuperaci\u00f3n<\/li>\n<li>Frecuencia card\u00edaca submarina para nataci\u00f3n<sup>4<\/sup><\/li>\n<\/ul>\n<h3>P\u00f3ngase a prueba<\/h3>\n<p>Gane una buena reputaci\u00f3n por sudar, gracias a la integraci\u00f3n de la clasificaci\u00f3n Strava Suffer Score. El 735XT realiza un seguimiento de su frecuencia cardiaca durante su actividad y hace los c\u00e1lculos para dar una puntuaci\u00f3n que muestre exactamente cu\u00e1n duro ha trabajado. Ahora, su sufrimiento tiene valor.<\/p>\n<h3><\/h3>\n<h3>Conecte y personalice<\/h3>\n<p>Notificaciones inteligentes<sup>3<\/sup>, cargas autom\u00e1ticas a Garmin Connect<sup>3<\/sup> y seguimiento en vivo hacen del 735XT el mejor reloj inteligente para los atletas. Mantenga su tel\u00e9fono guardado cuando est\u00e9 en un largo viaje o carrera y obtenga todas las notificaciones en la mu\u00f1eca para decidir si responde o sigue en movimiento. Incluso puede personalizar el dispositivo con car\u00e1tulas gratuitas, aplicaciones y campos de datos desde Connect IQ&#x2122;.<\/p>\n<h3>No se esfuerce tanto<\/h3>\n<p>Obtenga m\u00e1s de sus millas en Garmin Connect, nuestra comunidad gratuita en l\u00ednea, donde puede guardar, planificar y compartir actividades. Establezca un nuevo r\u00e9cord personal y supere su meta anterior, nosotros haremos un seguimiento para que pueda ver sus victorias en un solo lugar. Obtenga percepciones digitales<sup>5<\/sup> adaptadas a sus estad\u00edsticas y h\u00e1bitos, como claves para moverse y consejos saludables. Con\u00e9ctese con otros usuarios para establecer desaf\u00edos y competir. Disponible en su computadora de escritorio o dispositivo m\u00f3vil compatible.<\/p>\n<h3>Unos extras adicionales<\/h3>\n<p>Al igual que usted, Forerunner 735XT sigue funcionando todo el d\u00eda. Este reloj se convierte en su compa\u00f1ero de recuperaci\u00f3n con seguimiento de actividad durante todo el d\u00eda<sup>6<\/sup> que controla los pasos, las calor\u00edas y el sue\u00f1o. Tambi\u00e9n es compatible con nuestra l\u00ednea de dispositivos para el ciclismo responsable Varia&#x2122;, incluidos <a href=\"https:\/\/buy.garmin.com\/en-GB\/GB\/prod518151.html\">radar retrovisor<\/a>, <a href=\"https:\/\/buy.garmin.com\/en-GB\/GB\/prod506138.html\">luces para bicicleta inteligente<\/a> y <a href=\"https:\/\/buy.garmin.com\/en-GB\/GB\/prod530536.html\">pantalla a la vista<\/a> Varia Vision&#x2122;.<\/p>\n<p>&nbsp;<\/p>\n<p>\u00b9Cuando se usa con un monitor HRM-Run&#x2122; o HRM-Tri&#x2122;; incluido con algunos modelos, vendido por separado en otros.<br \/>\n\u00b2Cuando se utiliza con un monitor de frecuencia cardiaca de correa para el pecho.<br \/>\n\u00b3Cuando se vincula con un <a href=\"http:\/\/support.garmin.com\/support\/searchSupport\/case.faces?caseId=%7Bbbfc9660-8f77-11e3-d5f4-000000000000%7D\">tel\u00e9fono compatible<\/a>.<br \/>\n<sup>4<\/sup>Cuando se usa con un monitor HRM-Run&#x2122; o HRM-Tri&#x2122;; incluido con algunos modelos, vendido por separado en otros.<br \/>\n<sup>5<\/sup>Disponible para clientes de Garmin Connect que utilicen las funciones de seguimiento de actividad.<br \/>\n<sup>6<\/sup><a href=\"http:\/\/www.garmin.com\/en-GB\/legal\/atdisclaimer\">Precisi\u00f3n de seguimiento de actividad<\/a>.<\/p>\n<\/div>\n","protected":false},"excerpt":{"rendered":"<p>Reloj multideportivo GPS avanzado con tecnolog\u00eda de frecuencia cardiaca para mu\u00f1eca Garmin Elevate&#x2122; Mide la frecuencia card\u00edaca en la mu\u00f1eca: corra y practique ciclismo libremente Proporciona din\u00e1micas avanzadas de ciclismo, nataci\u00f3n y carrera1 para registrar el saldo de tiempo de contacto con el suelo, la longitud de las zancadas, la relaci\u00f3n vertical y mucho m\u00e1s [&hellip;]\n","protected":false},"featured_media":769,"comment_status":"closed","ping_status":"closed","template":"","meta":[],"product_brand":[],"product_cat":[46],"product_tag":[],"class_list":{"0":"post-767","1":"product","2":"type-product","3":"status-publish","4":"has-post-thumbnail","6":"product_cat-relojes","8":"first","9":"instock","10":"shipping-taxable","11":"product-type-simple"},"_links":{"self":[{"href":"https:\/\/biciplanet.net\/site\/wp-json\/wp\/v2\/product\/767","targetHints":{"allow":["GET"]}}],"collection":[{"href":"https:\/\/biciplanet.net\/site\/wp-json\/wp\/v2\/product"}],"about":[{"href":"https:\/\/biciplanet.net\/site\/wp-json\/wp\/v2\/types\/product"}],"replies":[{"embeddable":true,"href":"https:\/\/biciplanet.net\/site\/wp-json\/wp\/v2\/comments?post=767"}],"wp:featuredmedia":[{"embeddable":true,"href":"https:\/\/biciplanet.net\/site\/wp-json\/wp\/v2\/media\/769"}],"wp:attachment":[{"href":"https:\/\/biciplanet.net\/site\/wp-json\/wp\/v2\/media?parent=767"}],"wp:term":[{"taxonomy":"product_brand","embeddable":true,"href":"https:\/\/biciplanet.net\/site\/wp-json\/wp\/v2\/product_brand?post=767"},{"taxonomy":"product_cat","embeddable":true,"href":"https:\/\/biciplanet.net\/site\/wp-json\/wp\/v2\/product_cat?post=767"},{"taxonomy":"product_tag","embeddable":true,"href":"https:\/\/biciplanet.net\/site\/wp-json\/wp\/v2\/product_tag?post=767"}],"curies":[{"name":"wp","href":"https:\/\/api.w.org\/{rel}","templated":true}]}}