{"id":764,"date":"2017-10-30T16:56:58","date_gmt":"2017-10-30T19:56:58","guid":{"rendered":"http:\/\/biciplanet.net\/site\/?post_type=product&#038;p=764"},"modified":"2018-05-26T10:09:16","modified_gmt":"2018-05-26T13:09:16","slug":"garmin-sensor-de-cadencia-para-bicicleta","status":"publish","type":"product","link":"https:\/\/biciplanet.net\/site\/producto\/garmin-sensor-de-cadencia-para-bicicleta\/","title":{"rendered":"GARMIN Sensor de cadencia para bicicleta"},"content":{"rendered":"<div>\n<p>Controle su cadencia de pedaleo mientras conduce con estos sensores inal\u00e1mbricos f\u00e1ciles de instalar.<\/p>\n<p>El sensor de cadencia se ajusta a bielas de cualquier tama\u00f1o y mide la cantidad de pedaleos por minuto, con el fin de que aproveche al m\u00e1ximo su entrenamiento.<\/p>\n<p>Simplemente fije el sensor y conduzca. Sin imanes ni otras piezas expuestas que alinear, este sensor es f\u00e1cil de instalar, de mantener y de intercambiar entre bicicletas.<\/p>\n<p class=\"disclaimer-block\"><a href=\"http:\/\/www.garmin.com\/en-US\/legal\/waterrating\">Clasificaci\u00f3n de resistencia al agua de 1 ATM<\/a>; la conectividad inal\u00e1mbrica ANT+ no funciona bajo el agua.<\/p>\n<\/div>\n","protected":false},"excerpt":{"rendered":"<p>Controle su cadencia de pedaleo mientras conduce con estos sensores inal\u00e1mbricos f\u00e1ciles de instalar. El sensor de cadencia se ajusta a bielas de cualquier tama\u00f1o y mide la cantidad de pedaleos por minuto, con el fin de que aproveche al m\u00e1ximo su entrenamiento. Simplemente fije el sensor y conduzca. Sin imanes ni otras piezas expuestas [&hellip;]\n","protected":false},"featured_media":765,"comment_status":"closed","ping_status":"closed","template":"","meta":[],"product_brand":[],"product_cat":[26,46],"product_tag":[],"class_list":{"0":"post-764","1":"product","2":"type-product","3":"status-publish","4":"has-post-thumbnail","6":"product_cat-computadoras-pulsometro","7":"product_cat-relojes","9":"first","10":"instock","11":"shipping-taxable","12":"product-type-simple"},"_links":{"self":[{"href":"https:\/\/biciplanet.net\/site\/wp-json\/wp\/v2\/product\/764","targetHints":{"allow":["GET"]}}],"collection":[{"href":"https:\/\/biciplanet.net\/site\/wp-json\/wp\/v2\/product"}],"about":[{"href":"https:\/\/biciplanet.net\/site\/wp-json\/wp\/v2\/types\/product"}],"replies":[{"embeddable":true,"href":"https:\/\/biciplanet.net\/site\/wp-json\/wp\/v2\/comments?post=764"}],"wp:featuredmedia":[{"embeddable":true,"href":"https:\/\/biciplanet.net\/site\/wp-json\/wp\/v2\/media\/765"}],"wp:attachment":[{"href":"https:\/\/biciplanet.net\/site\/wp-json\/wp\/v2\/media?parent=764"}],"wp:term":[{"taxonomy":"product_brand","embeddable":true,"href":"https:\/\/biciplanet.net\/site\/wp-json\/wp\/v2\/product_brand?post=764"},{"taxonomy":"product_cat","embeddable":true,"href":"https:\/\/biciplanet.net\/site\/wp-json\/wp\/v2\/product_cat?post=764"},{"taxonomy":"product_tag","embeddable":true,"href":"https:\/\/biciplanet.net\/site\/wp-json\/wp\/v2\/product_tag?post=764"}],"curies":[{"name":"wp","href":"https:\/\/api.w.org\/{rel}","templated":true}]}}