{"id":762,"date":"2017-10-30T16:45:11","date_gmt":"2017-10-30T19:45:11","guid":{"rendered":"http:\/\/biciplanet.net\/site\/?post_type=product&#038;p=762"},"modified":"2018-05-26T10:20:07","modified_gmt":"2018-05-26T13:20:07","slug":"garmin-edge-25","status":"publish","type":"product","link":"https:\/\/biciplanet.net\/site\/producto\/garmin-edge-25\/","title":{"rendered":"GARMIN Edge\u00ae 25"},"content":{"rendered":"<h3>Computadora para bicicleta con GPS compacta y f\u00e1cil de usar, con funciones online<\/h3>\n<ul>\n<li>Registra la distancia, la velocidad, la frecuencia cardiaca\u00b9 y el tiempo<\/li>\n<li>Planifique, descargue y siga nuevas rutas<\/li>\n<li>Guarde, planifique y comparta sus actividades en Garmin Connect&#x2122;<\/li>\n<li><a href=\"http:\/\/www.garmin.com\/en-US\/legal\/waterrating\">Dispositivo resistente al agua<\/a> y duradero<\/li>\n<li>Funciones online, como carga de datos instant\u00e1nea y LiveTrack<\/li>\n<\/ul>\n<div>\n<p>Vaya m\u00e1s all\u00e1. Edge 25 captura las estad\u00edsticas esenciales de su recorrido, como el tiempo, la distancia, la velocidad, el ascenso total y la ubicaci\u00f3n. Cuando se vincula con una correa para la frecuencia cardiaca\u00b9, tambi\u00e9n registra su frecuencia cardiaca y la zona de frecuencia cardiaca para saber el momento en el que alcanza su objetivo. La compatibilidad con la frecuencia cardiaca tambi\u00e9n proporciona informaci\u00f3n m\u00e1s precisa acerca de las calor\u00edas quemadas durante su recorrido.<\/p>\n<h3>Peque\u00f1o, pero poderoso<\/h3>\n<p>Edge 25 ofrece todas las estad\u00edsticas necesarias para llevar su recorrido al siguiente nivel. Es peque\u00f1o, pero tiene muchas funciones, como notificaciones inteligentes cuando est\u00e1 vinculado a un smartphone.<\/p>\n<h3>Mantenga su trayecto<\/h3>\n<p>Escoja trayectos hechos por otros o cree los suyos en Garmin Connect, nuestra comunidad gratuita en l\u00ednea. Cuando escoja un trayecto, puede cargarlo directamente en Edge 25 y seguirlo para llegar a su destino. Incluso puede competir contra usted mismo para que sea a\u00fan m\u00e1s interesante.<\/p>\n<h3>Viaje m\u00e1s r\u00e1pido y m\u00e1s lejos<\/h3>\n<p>El Edge 25 le permite conocer la velocidad y la distancia que recorre. Cuando est\u00e1 vinculado a sensores ANT+\u00ae\u00b2, tambi\u00e9n puede registrar la cadencia, as\u00ed como la velocidad y distancia en interiores.<\/p>\n<h3>Seguimiento en vivo<\/h3>\n<p>Cuando est\u00e1 vinculado mediante Bluetooth\u00ae, el seguimiento en vivo permite que sus amigos y familiares sigan su recorrido en tiempo real. Invite a seguidores por correo electr\u00f3nico o redes sociales para que puedan ver sus datos en tiempo real en Garmin Connect.<\/p>\n<h3>No hay datos, no hay problemas<\/h3>\n<p>Edge 25 utiliza sat\u00e9lites GPS + GLONASS que registran su distancia y su velocidad, incluso bajo la copa de \u00e1rboles frondosos. A diferencia de los tel\u00e9fonos, puede utilizar Edge 25 hasta 10 horas sin preocuparse de que se agote la bater\u00eda o se pierdan los datos.<\/p>\n<h3>Con\u00e9ctese<\/h3>\n<p>Mediante Bluetooth a su tel\u00e9fono compatible, o con una simple conexi\u00f3n a su Mac\u00ae o PC, puede cargar sus actividades en nuestra comunidad gratuita de actividad f\u00edsica en l\u00ednea, <a href=\"http:\/\/connect.garmin.com\/en-US\/start\/\">Garmin Connect<\/a>. All\u00ed, puede ver la ruta que hizo en un mapa, analizarla, compartirla y ver m\u00e1s detalles.<\/p>\n<h3>Segmentos<\/h3>\n<p>Compita contra otros ciclistas en los segmentos de Garmin Connect y vea los resultados posteriores a la conducci\u00f3n en la tabla de l\u00edderes. Incluye alertas en su dispositivo para los puntos de inicio\/fin del segmento.<\/p>\n<p class=\"disclaimer-block\">\u00b9Incluido con algunos modelos; se vende por separado en otros.<br \/>\n\u00b2Se venden por separado.<br \/>\nLa marca y los logotipos de Bluetooth son propiedad de Bluetooth SIG, Inc., y Garmin los utiliza bajo licencia.<\/p>\n<\/div>\n","protected":false},"excerpt":{"rendered":"<p>Computadora para bicicleta con GPS compacta y f\u00e1cil de usar, con funciones online Registra la distancia, la velocidad, la frecuencia cardiaca\u00b9 y el tiempo Planifique, descargue y siga nuevas rutas Guarde, planifique y comparta sus actividades en Garmin Connect&#x2122; Dispositivo resistente al agua y duradero Funciones online, como carga de datos instant\u00e1nea y LiveTrack Vaya [&hellip;]\n","protected":false},"featured_media":763,"comment_status":"closed","ping_status":"closed","template":"","meta":[],"product_brand":[],"product_cat":[26],"product_tag":[],"class_list":{"0":"post-762","1":"product","2":"type-product","3":"status-publish","4":"has-post-thumbnail","6":"product_cat-computadoras-pulsometro","8":"first","9":"outofstock","10":"shipping-taxable","11":"product-type-simple"},"_links":{"self":[{"href":"https:\/\/biciplanet.net\/site\/wp-json\/wp\/v2\/product\/762","targetHints":{"allow":["GET"]}}],"collection":[{"href":"https:\/\/biciplanet.net\/site\/wp-json\/wp\/v2\/product"}],"about":[{"href":"https:\/\/biciplanet.net\/site\/wp-json\/wp\/v2\/types\/product"}],"replies":[{"embeddable":true,"href":"https:\/\/biciplanet.net\/site\/wp-json\/wp\/v2\/comments?post=762"}],"wp:featuredmedia":[{"embeddable":true,"href":"https:\/\/biciplanet.net\/site\/wp-json\/wp\/v2\/media\/763"}],"wp:attachment":[{"href":"https:\/\/biciplanet.net\/site\/wp-json\/wp\/v2\/media?parent=762"}],"wp:term":[{"taxonomy":"product_brand","embeddable":true,"href":"https:\/\/biciplanet.net\/site\/wp-json\/wp\/v2\/product_brand?post=762"},{"taxonomy":"product_cat","embeddable":true,"href":"https:\/\/biciplanet.net\/site\/wp-json\/wp\/v2\/product_cat?post=762"},{"taxonomy":"product_tag","embeddable":true,"href":"https:\/\/biciplanet.net\/site\/wp-json\/wp\/v2\/product_tag?post=762"}],"curies":[{"name":"wp","href":"https:\/\/api.w.org\/{rel}","templated":true}]}}