{"id":760,"date":"2017-10-30T16:39:04","date_gmt":"2017-10-30T19:39:04","guid":{"rendered":"http:\/\/biciplanet.net\/site\/?post_type=product&#038;p=760"},"modified":"2023-06-16T12:25:50","modified_gmt":"2023-06-16T15:25:50","slug":"garmin-edge-20","status":"publish","type":"product","link":"https:\/\/biciplanet.net\/site\/producto\/garmin-edge-20\/","title":{"rendered":"GARMIN Edge 20"},"content":{"rendered":"<h3>Computadora para bicicleta con GPS, compacta y f\u00e1cil de usar<\/h3>\n<ul>\n<li>Registra la distancia, la velocidad y el tiempo<\/li>\n<li>Planifique, descargue y siga nuevas rutas<\/li>\n<li>Guarde, planifique y comparta sus actividades en Garmin Connect&#x2122;<\/li>\n<li><a href=\"http:\/\/www.garmin.com\/en-US\/legal\/waterrating\">Dispositivo resistente al agua<\/a> y duradero<\/li>\n<\/ul>\n<div>\n<p>Vaya m\u00e1s all\u00e1. Edge 20 captura las estad\u00edsticas esenciales de su recorrido, como el tiempo, la distancia, la velocidad, el ascenso total y la ubicaci\u00f3n. Perfecto para registrar el progreso o planificar su camino diario en Garmin Connect.<\/p>\n<h3>Facilidad de uso<\/h3>\n<p>El Edge 20 ofrece todas las estad\u00edsticas necesarias, sin las molestias de herramientas o aparatos adicionales. Es peque\u00f1o y f\u00e1cil de llevar a todas partes, lo que lo hace ideal para viajar. No hace falta configurarlo; solo enci\u00e9ndalo, presione iniciar y estar\u00e1 listo.<\/p>\n<h3>Mantenga su trayecto<\/h3>\n<p>Escoja trayectos hechos por otros o cree los suyos en Garmin Connect, nuestra comunidad gratuita en l\u00ednea. Cuando escoja un trayecto, puede cargarlo directamente en Edge 20 y seguirlo para llegar a su destino.<\/p>\n<h3>No hay datos, no hay problemas<\/h3>\n<p>Edge 20 utiliza sat\u00e9lites GPS + GLONASS para registrar la distancia incluso bajo la copa de \u00e1rboles frondosos. A diferencia de los tel\u00e9fonos, puede utilizar Edge 20 hasta 10 horas sin preocuparse de que se agote la bater\u00eda o se pierdan los datos.<\/p>\n<h3>Con\u00e9ctese<\/h3>\n<p>Con una simple conexi\u00f3n a su Mac\u00ae o PC, puede cargar sus actividades en nuestra comunidad gratuita de actividad f\u00edsica en l\u00ednea, <a href=\"http:\/\/connect.garmin.com\/en-US\/start\/\">Garmin Connect<\/a>. All\u00ed, puede ver la ruta que hizo en un mapa, analizarla, compartirla y ver m\u00e1s detalles.<\/p>\n<h3>Segmentos<\/h3>\n<p>Compita contra otros ciclistas en los segmentos de Garmin Connect y vea los resultados posteriores a la conducci\u00f3n en la tabla de l\u00edderes. Incluye alertas en su dispositivo para los puntos de inicio\/fin del segmento.<\/p>\n<\/div>\n","protected":false},"excerpt":{"rendered":"<p>Computadora para bicicleta con GPS, compacta y f\u00e1cil de usar Registra la distancia, la velocidad y el tiempo Planifique, descargue y siga nuevas rutas Guarde, planifique y comparta sus actividades en Garmin Connect&#x2122; Dispositivo resistente al agua y duradero Vaya m\u00e1s all\u00e1. Edge 20 captura las estad\u00edsticas esenciales de su recorrido, como el tiempo, la [&hellip;]\n","protected":false},"featured_media":761,"comment_status":"closed","ping_status":"closed","template":"","meta":[],"product_brand":[],"product_cat":[26],"product_tag":[],"class_list":{"0":"post-760","1":"product","2":"type-product","3":"status-publish","4":"has-post-thumbnail","6":"product_cat-computadoras-pulsometro","8":"first","9":"instock","10":"shipping-taxable","11":"product-type-simple"},"_links":{"self":[{"href":"https:\/\/biciplanet.net\/site\/wp-json\/wp\/v2\/product\/760","targetHints":{"allow":["GET"]}}],"collection":[{"href":"https:\/\/biciplanet.net\/site\/wp-json\/wp\/v2\/product"}],"about":[{"href":"https:\/\/biciplanet.net\/site\/wp-json\/wp\/v2\/types\/product"}],"replies":[{"embeddable":true,"href":"https:\/\/biciplanet.net\/site\/wp-json\/wp\/v2\/comments?post=760"}],"wp:featuredmedia":[{"embeddable":true,"href":"https:\/\/biciplanet.net\/site\/wp-json\/wp\/v2\/media\/761"}],"wp:attachment":[{"href":"https:\/\/biciplanet.net\/site\/wp-json\/wp\/v2\/media?parent=760"}],"wp:term":[{"taxonomy":"product_brand","embeddable":true,"href":"https:\/\/biciplanet.net\/site\/wp-json\/wp\/v2\/product_brand?post=760"},{"taxonomy":"product_cat","embeddable":true,"href":"https:\/\/biciplanet.net\/site\/wp-json\/wp\/v2\/product_cat?post=760"},{"taxonomy":"product_tag","embeddable":true,"href":"https:\/\/biciplanet.net\/site\/wp-json\/wp\/v2\/product_tag?post=760"}],"curies":[{"name":"wp","href":"https:\/\/api.w.org\/{rel}","templated":true}]}}