{"id":756,"date":"2017-10-26T17:46:45","date_gmt":"2017-10-26T20:46:45","guid":{"rendered":"http:\/\/biciplanet.net\/site\/?post_type=product&#038;p=756"},"modified":"2018-05-26T10:10:30","modified_gmt":"2018-05-26T13:10:30","slug":"garmin-forerunner-35","status":"publish","type":"product","link":"https:\/\/biciplanet.net\/site\/producto\/garmin-forerunner-35\/","title":{"rendered":"GARMIN Forerunner\u00ae 35"},"content":{"rendered":"<h3>Reloj GPS para correr f\u00e1cil de usar con medici\u00f3n de frecuencia cardiaca en la mu\u00f1eca<\/h3>\n<ul>\n<li>Controla la frecuencia cardiaca<sup>1<\/sup> en la mu\u00f1eca, todo el d\u00eda y toda la noche, gracias a la tecnolog\u00eda Elevate<sup>&#x2122;<\/sup> de medici\u00f3n de frecuencia cardiaca en la mu\u00f1eca de Garmin<\/li>\n<li>El GPS integrado rastrea la distancia, la velocidad y el lugar por donde corre<\/li>\n<li>Funciones conectadas<sup>2<\/sup>: notificaciones inteligentes, cargas autom\u00e1ticas a Garmin Connect<sup>&#x2122;<\/sup>, transmisiones en vivo y controles de m\u00fasica<\/li>\n<li>El seguimiento de actividad diario<sup>1<\/sup> cuenta los pasos, las calor\u00edas y los minutos de intensidad y le recuerda cu\u00e1ndo es tiempo de moverse<\/li>\n<li>Incluye herramientas de entrenamiento como intervalos, notificaciones de audio y una actividad dedicada para correr\/caminar<\/li>\n<li>Perfiles deportivos precargados para carreras, carreras en interiores, ciclismo y cardio.<\/li>\n<li>Carga autom\u00e1ticamente<sup>2<\/sup> sus datos a Garmin Connect, nuestra comunidad gratuita de actividad f\u00edsica en l\u00ednea donde puede unirse a los desaf\u00edos, recibir ideas y compartir su progreso a medida que cumpla sus metas<\/li>\n<\/ul>\n<h3>Entrene su coraz\u00f3n al m\u00e1ximo<\/h3>\n<p>El Forerunner 35 es delgado y liviano, perfecto para las carreras diarias, el entrenamiento y las competencias. Incluye medici\u00f3n integrada de frecuencia cardiaca en la mu\u00f1eca Elevate de Garmin y GPS que rastrea su distancia, ritmo, intervalos y mucho m\u00e1s. Debido a que el reloj recopila todas estas estad\u00edsticas, el reloj es todo lo que necesita; no necesita el tel\u00e9fono ni la correa para el pecho. Solo p\u00f3ngase el Forerunner 35 y vaya a todos lados.<\/p>\n<div class=\"row top-m bottom-m\">\n<div class=\"span13\">\n<h3>Mant\u00e9ngase conectado<\/h3>\n<p>Cuando est\u00e1 vinculado con su smartphone compatible, el Forerunner 35 proporciona la comodidad de las notificaciones inteligentes en su mu\u00f1eca y una variedad de otras funciones conectadas le facilita vivir <em>y<\/em> correr sin que ninguna interfiera con la otra<sup>2<\/sup>. Mant\u00e9ngase conectado con la familia y los amigos con la funci\u00f3n de seguimiento en vivo, la que les permite rastrear sus carreras en tiempo real. El Forerunner 35 tambi\u00e9n lo mantiene al d\u00eda con las actualizaciones autom\u00e1ticas de software, y permite usar controles de m\u00fasica y mucho m\u00e1s en su dispositivo.<\/div>\n<div class=\"span13\">\n<h3>Personalice y conecte<\/h3>\n<p>El reloj GPS para correr Forerunner 35 le permite cargar autom\u00e1ticamente sus estad\u00edsticas y carreras en <a href=\"https:\/\/connect.garmin.com\">Garmin Connect<\/a>, nuestra comunidad gratuita de actividad f\u00edsica en l\u00ednea donde puede revisar su progreso e incluso compartirlo a trav\u00e9s de las redes sociales. Este software gratuito est\u00e1 disponible para las computadoras de escritorio o en el smartphone con la aplicaci\u00f3n m\u00f3vil <a href=\"https:\/\/buy.garmin.com\/prod125677.html\" target=\"_blank\">Garmin Connect<sup>&#x2122;<\/sup><\/a>.<\/p>\n<h3>Cambie su entrenamiento<\/h3>\n<p>Mantenerse en forma no tiene que ser aburrido solo porque es parte de su rutina. El Forerunner 35 incluye perfiles de actividad integrados para carreras en interiores y exteriores, pero puede hacer mucho m\u00e1s que eso. Si desea agregar un poco de variedad a su rutina, utilice el perfil de ciclismo para un paseo en bicicleta por el vecindario o el perfil de cardio para un duro entrenamiento en la el\u00edptica.<\/p>\n<div class=\"row top-m bottom-m\">\n<div class=\"span13\">\n<h3>Seguimiento de actividad durante todo el d\u00eda y toda la noche<\/h3>\n<p>No hay excusas para no usar el Forerunner 35 todos los d\u00edas, gracias a sus amplias funciones de seguimiento de actividad. Eso incluye los pasos, las calor\u00edas, la distancia, el sue\u00f1o y los minutos de intensidad, sin mencionar el monitoreo de frecuencia cardiaca las 24\u00a0horas del d\u00eda, los 7\u00a0d\u00edas de la semana. Tambi\u00e9n monitorea los per\u00edodos de inactividad y le env\u00eda alertas de vibraci\u00f3n cuando es tiempo de moverse.<\/p>\n<p>https:\/\/buy.garmin.com\/es-AR\/AR\/p\/552962\/pn\/010-01689-01#<\/p>\n<\/div>\n<\/div>\n<\/div>\n<\/div>\n","protected":false},"excerpt":{"rendered":"<p>Reloj GPS para correr f\u00e1cil de usar con medici\u00f3n de frecuencia cardiaca en la mu\u00f1eca Controla la frecuencia cardiaca1 en la mu\u00f1eca, todo el d\u00eda y toda la noche, gracias a la tecnolog\u00eda Elevate&#x2122; de medici\u00f3n de frecuencia cardiaca en la mu\u00f1eca de Garmin El GPS integrado rastrea la distancia, la velocidad y el lugar [&hellip;]\n","protected":false},"featured_media":757,"comment_status":"closed","ping_status":"closed","template":"","meta":[],"product_brand":[],"product_cat":[46],"product_tag":[],"class_list":{"0":"post-756","1":"product","2":"type-product","3":"status-publish","4":"has-post-thumbnail","6":"product_cat-relojes","8":"first","9":"instock","10":"shipping-taxable","11":"product-type-simple"},"_links":{"self":[{"href":"https:\/\/biciplanet.net\/site\/wp-json\/wp\/v2\/product\/756","targetHints":{"allow":["GET"]}}],"collection":[{"href":"https:\/\/biciplanet.net\/site\/wp-json\/wp\/v2\/product"}],"about":[{"href":"https:\/\/biciplanet.net\/site\/wp-json\/wp\/v2\/types\/product"}],"replies":[{"embeddable":true,"href":"https:\/\/biciplanet.net\/site\/wp-json\/wp\/v2\/comments?post=756"}],"wp:featuredmedia":[{"embeddable":true,"href":"https:\/\/biciplanet.net\/site\/wp-json\/wp\/v2\/media\/757"}],"wp:attachment":[{"href":"https:\/\/biciplanet.net\/site\/wp-json\/wp\/v2\/media?parent=756"}],"wp:term":[{"taxonomy":"product_brand","embeddable":true,"href":"https:\/\/biciplanet.net\/site\/wp-json\/wp\/v2\/product_brand?post=756"},{"taxonomy":"product_cat","embeddable":true,"href":"https:\/\/biciplanet.net\/site\/wp-json\/wp\/v2\/product_cat?post=756"},{"taxonomy":"product_tag","embeddable":true,"href":"https:\/\/biciplanet.net\/site\/wp-json\/wp\/v2\/product_tag?post=756"}],"curies":[{"name":"wp","href":"https:\/\/api.w.org\/{rel}","templated":true}]}}