{"id":754,"date":"2017-10-25T18:25:23","date_gmt":"2017-10-25T21:25:23","guid":{"rendered":"http:\/\/biciplanet.net\/site\/?post_type=product&#038;p=754"},"modified":"2017-10-25T18:26:16","modified_gmt":"2017-10-25T21:26:16","slug":"garmin-forerunner-15","status":"publish","type":"product","link":"https:\/\/biciplanet.net\/site\/producto\/garmin-forerunner-15\/","title":{"rendered":"GARMIN Forerunner\u00ae 15"},"content":{"rendered":"<div>\n<h3>Reloj para correr con GPS y monitor de frecuencia cardiaca de f\u00e1cil uso<\/h3>\n<ul>\n<li>Hace un seguimiento de la distancia, el ritmo, la frecuencia cardiaca (se vende por separado) y las calor\u00edas<\/li>\n<li>El seguimiento de la actividad cuenta los pasos y las calor\u00edas y le recuerda cuando es tiempo de moverse<\/li>\n<li>Compatible con el pod\u00f3metro\u00b2 para registrar la distancia en interiores<\/li>\n<li>Hasta 8 horas de autonom\u00eda de la bater\u00eda con GPS o 5 semanas en el modo reloj\/seguimiento de actividad<\/li>\n<li>Guarde, planifique y comparta sus actividades en Garmin Connect\u2122<\/li>\n<\/ul>\n<\/div>\n<div>\n<p>Corra con todo el coraz\u00f3n. Forerunner 15 captura las estad\u00edsticas esenciales de su carrera, como el tiempo, la distancia y el ritmo. Cuando se vincula con una correa para la frecuencia cardiaca\u00b9, tambi\u00e9n registra su frecuencia cardiaca y la zona de frecuencia cardiaca para saber el momento en el que alcanza su objetivo. Adem\u00e1s, el entrenamiento con frecuencia cardiaca le permite monitorear cuando necesita bajar la intensidad o cuando puede esforzarse a\u00fan m\u00e1s.<\/p>\n<h3>Monitoree la actividad entre carreras<\/h3>\n<p>\u00bfDesea hacer un seguimiento de los pasos que da durante todo el d\u00eda cuando no est\u00e1 haciendo ejercicio? Ahora puede hacerlo, sin tener que usar un dispositivo de seguimiento de actividad por separado. Forerunner 15 cuenta sus pasos y las calor\u00edas quemadas todo el d\u00eda. Cuando carga sus datos a <a href=\"http:\/\/connect.garmin.com\/start\/\">Garmin Connect<\/a>, le permite monitorear su progreso hacia las metas de actividad f\u00edsica y ver las tendencias de actividad f\u00edsica generales. Forerunner 15 tambi\u00e9n le recuerda cuando es tiempo de moverse si ha estado sentado por m\u00e1s de una hora. Cuando reciba ese aviso para moverse, solo camine durante un par de minutos para restablecer el indicador de actividad.<\/p>\n<h3>Motivaci\u00f3n por cada kil\u00f3metro<\/h3>\n<p>Forerunner 15 tiene una funci\u00f3n de Auto Lap que lo alerta autom\u00e1ticamente cuando completa un kil\u00f3metro por medio de un amistoso bip, y la pantalla de retroiluminaci\u00f3n ilumina el tiempo que le tom\u00f3 recorrer el kil\u00f3metro. Cuando completa la carrera y la guarda, ver\u00e1 un resumen de su desempe\u00f1o y que incluir\u00e1 el tiempo total, la distancia, el ritmo promedio y las calor\u00edas. Forerunner 15 incluso le permite saber cuando alcanza un r\u00e9cord personal, como el kil\u00f3metro recorrido m\u00e1s r\u00e1pidamente o la carrera m\u00e1s larga hasta la fecha.<\/p>\n<h3>Entrenamiento en interiores o exteriores<\/h3>\n<p>Para carreras en exteriores, Forerunner 15 usa el GPS para registrar el tiempo, el ritmo y la distancia de forma precisa. Para hacer un seguimiento de la distancia y el ritmo cuando est\u00e1 en una cinta para correr o realiza una carrera en interiores, solo vincule el Forerunner 15 con un <a href=\"https:\/\/buy.garmin.com\/prod15516.html\">pod\u00f3metro opcional<\/a>, que se incorpora a los cordones de su zapato.<\/p>\n<h3>\u00daselo todo el d\u00eda<\/h3>\n<p>Ya no tendr\u00e1 que preocuparse por cargar el Forerunner todas las noches. La bater\u00eda recargable dura hasta 5 semanas en el modo de reloj\/seguimiento de actividad y 8 horas cuando se usa con el GPS para las carreras en exteriores. Forerunner 15 tiene una clasificaci\u00f3n de resistencia al agua de 5 ATM (50 metros)<a href=\"http:\/\/www.garmin.com\/en-US\/legal\/waterrating\">, lo que significa que resiste la lluvia y el sudor e incluso puede nadar con \u00e9l.<\/a><\/p>\n<h3>Con\u00e9ctese<\/h3>\n<p><a href=\"http:\/\/www.garmin.com\/en-US\/legal\/waterrating\">Con una simple conexi\u00f3n a su Mac\u00ae o PC, puede cargar sus actividades en nuestra comunidad gratuita de actividad f\u00edsica en l\u00ednea, <\/a><a href=\"http:\/\/connect.garmin.com\/start\/\">Garmin Connect<\/a>. All\u00ed puede ver su carrera en un mapa, obtener m\u00e1s detalles de cada kil\u00f3metro, consultar un resumen diario de sus actividades y compartir con amigos. Tambi\u00e9n puede unirse a desaf\u00edos en l\u00ednea y ganar medallas virtuales para tener m\u00e1s motivaci\u00f3n.<\/p>\n<p>https:\/\/buy.garmin.com\/es-AR\/AR\/p\/145621#overview<\/p>\n<\/div>\n","protected":false},"excerpt":{"rendered":"<p>Reloj para correr con GPS y monitor de frecuencia cardiaca de f\u00e1cil uso Hace un seguimiento de la distancia, el ritmo, la frecuencia cardiaca (se vende por separado) y las calor\u00edas El seguimiento de la actividad cuenta los pasos y las calor\u00edas y le recuerda cuando es tiempo de moverse Compatible con el pod\u00f3metro\u00b2 para [&hellip;]\n","protected":false},"featured_media":755,"comment_status":"closed","ping_status":"closed","template":"","meta":[],"product_brand":[],"product_cat":[46],"product_tag":[],"class_list":{"0":"post-754","1":"product","2":"type-product","3":"status-publish","4":"has-post-thumbnail","6":"product_cat-relojes","8":"first","9":"instock","10":"shipping-taxable","11":"product-type-simple"},"_links":{"self":[{"href":"https:\/\/biciplanet.net\/site\/wp-json\/wp\/v2\/product\/754","targetHints":{"allow":["GET"]}}],"collection":[{"href":"https:\/\/biciplanet.net\/site\/wp-json\/wp\/v2\/product"}],"about":[{"href":"https:\/\/biciplanet.net\/site\/wp-json\/wp\/v2\/types\/product"}],"replies":[{"embeddable":true,"href":"https:\/\/biciplanet.net\/site\/wp-json\/wp\/v2\/comments?post=754"}],"wp:featuredmedia":[{"embeddable":true,"href":"https:\/\/biciplanet.net\/site\/wp-json\/wp\/v2\/media\/755"}],"wp:attachment":[{"href":"https:\/\/biciplanet.net\/site\/wp-json\/wp\/v2\/media?parent=754"}],"wp:term":[{"taxonomy":"product_brand","embeddable":true,"href":"https:\/\/biciplanet.net\/site\/wp-json\/wp\/v2\/product_brand?post=754"},{"taxonomy":"product_cat","embeddable":true,"href":"https:\/\/biciplanet.net\/site\/wp-json\/wp\/v2\/product_cat?post=754"},{"taxonomy":"product_tag","embeddable":true,"href":"https:\/\/biciplanet.net\/site\/wp-json\/wp\/v2\/product_tag?post=754"}],"curies":[{"name":"wp","href":"https:\/\/api.w.org\/{rel}","templated":true}]}}