{"id":665,"date":"2017-07-11T10:11:23","date_gmt":"2017-07-11T13:11:23","guid":{"rendered":"http:\/\/biciplanet.net\/site\/?post_type=product&#038;p=665"},"modified":"2017-07-11T10:11:23","modified_gmt":"2017-07-11T13:11:23","slug":"monopatin-miniscooter-720","status":"publish","type":"product","link":"https:\/\/biciplanet.net\/site\/producto\/monopatin-miniscooter-720\/","title":{"rendered":"Monopat\u00edn Miniscooter 720"},"content":{"rendered":"<div class=\"col-md-6 col-sm-12\">\n<p>El monopatin cuenta con 2 ruedas delanteras y un novedoso sistema de doblado que lo diferencian del resto de los monopatines. Con este scooter no es necesario girar el manubrio para doblar sino que se inclina hacia uno u otro lado para lograr el giro.<\/p>\n<\/div>\n<div class=\"col-md-6 col-sm-12\">\n<p>Est\u00e1 fabricado en aluminio y pvc. Viene con ruedas de 120mm y rodamientos ABEC5 que lo proveen de un desplazamiento \u00e1gil y c\u00f3modo. Por su tama\u00f1o es ideal para chicos de hasta 7 a\u00f1os. Incluye un freno de acci\u00f3n simple a tracci\u00f3n en la rueda trasera.<\/p>\n<\/div>\n<p>&nbsp;<\/p>\n","protected":false},"excerpt":{"rendered":"<p>El monopatin cuenta con 2 ruedas delanteras y un novedoso sistema de doblado que lo diferencian del resto de los monopatines. Con este scooter no es necesario girar el manubrio para doblar sino que se inclina hacia uno u otro lado para lograr el giro. Est\u00e1 fabricado en aluminio y pvc. Viene con ruedas de [&hellip;]\n","protected":false},"featured_media":666,"comment_status":"closed","ping_status":"closed","template":"","meta":[],"product_brand":[],"product_cat":[7],"product_tag":[],"class_list":{"0":"post-665","1":"product","2":"type-product","3":"status-publish","4":"has-post-thumbnail","6":"product_cat-bicicletas-infantiles","8":"first","9":"instock","10":"shipping-taxable","11":"product-type-simple"},"_links":{"self":[{"href":"https:\/\/biciplanet.net\/site\/wp-json\/wp\/v2\/product\/665","targetHints":{"allow":["GET"]}}],"collection":[{"href":"https:\/\/biciplanet.net\/site\/wp-json\/wp\/v2\/product"}],"about":[{"href":"https:\/\/biciplanet.net\/site\/wp-json\/wp\/v2\/types\/product"}],"replies":[{"embeddable":true,"href":"https:\/\/biciplanet.net\/site\/wp-json\/wp\/v2\/comments?post=665"}],"wp:featuredmedia":[{"embeddable":true,"href":"https:\/\/biciplanet.net\/site\/wp-json\/wp\/v2\/media\/666"}],"wp:attachment":[{"href":"https:\/\/biciplanet.net\/site\/wp-json\/wp\/v2\/media?parent=665"}],"wp:term":[{"taxonomy":"product_brand","embeddable":true,"href":"https:\/\/biciplanet.net\/site\/wp-json\/wp\/v2\/product_brand?post=665"},{"taxonomy":"product_cat","embeddable":true,"href":"https:\/\/biciplanet.net\/site\/wp-json\/wp\/v2\/product_cat?post=665"},{"taxonomy":"product_tag","embeddable":true,"href":"https:\/\/biciplanet.net\/site\/wp-json\/wp\/v2\/product_tag?post=665"}],"curies":[{"name":"wp","href":"https:\/\/api.w.org\/{rel}","templated":true}]}}