{"id":650,"date":"2017-07-07T12:45:00","date_gmt":"2017-07-07T15:45:00","guid":{"rendered":"http:\/\/biciplanet.net\/site\/?post_type=product&#038;p=650"},"modified":"2017-07-07T12:45:00","modified_gmt":"2017-07-07T15:45:00","slug":"pedal-shimano-m505","status":"publish","type":"product","link":"https:\/\/biciplanet.net\/site\/producto\/pedal-shimano-m505\/","title":{"rendered":"Pedal SHIMANO M505"},"content":{"rendered":"<div class=\"tw-swapa\"><span lang=\"es\">Pedal de dise\u00f1o abierto en precio econ\u00f3mico.<\/span><\/div>\n<div class=\"tw-swapa\"><span lang=\"es\">El mecanismo de uni\u00f3n abierto est\u00e1 dise\u00f1ado para mejorar el vertido de barro.<\/span><\/div>\n<div class=\"tw-swapa\"><span lang=\"es\">Eje de cartucho de rodamiento sellado de bajo mantenimiento.<\/span><\/div>\n<div class=\"tw-swapa\"><span lang=\"es\">Colores: Negro y Plata<\/span><\/div>\n","protected":false},"excerpt":{"rendered":"<p>Pedal de dise\u00f1o abierto en precio econ\u00f3mico. El mecanismo de uni\u00f3n abierto est\u00e1 dise\u00f1ado para mejorar el vertido de barro. Eje de cartucho de rodamiento sellado de bajo mantenimiento. Colores: Negro y Plata<\/p>\n","protected":false},"featured_media":651,"comment_status":"closed","ping_status":"closed","template":"","meta":[],"product_brand":[],"product_cat":[41],"product_tag":[],"class_list":{"0":"post-650","1":"product","2":"type-product","3":"status-publish","4":"has-post-thumbnail","6":"product_cat-pedales","8":"first","9":"instock","10":"shipping-taxable","11":"product-type-simple"},"_links":{"self":[{"href":"https:\/\/biciplanet.net\/site\/wp-json\/wp\/v2\/product\/650","targetHints":{"allow":["GET"]}}],"collection":[{"href":"https:\/\/biciplanet.net\/site\/wp-json\/wp\/v2\/product"}],"about":[{"href":"https:\/\/biciplanet.net\/site\/wp-json\/wp\/v2\/types\/product"}],"replies":[{"embeddable":true,"href":"https:\/\/biciplanet.net\/site\/wp-json\/wp\/v2\/comments?post=650"}],"wp:featuredmedia":[{"embeddable":true,"href":"https:\/\/biciplanet.net\/site\/wp-json\/wp\/v2\/media\/651"}],"wp:attachment":[{"href":"https:\/\/biciplanet.net\/site\/wp-json\/wp\/v2\/media?parent=650"}],"wp:term":[{"taxonomy":"product_brand","embeddable":true,"href":"https:\/\/biciplanet.net\/site\/wp-json\/wp\/v2\/product_brand?post=650"},{"taxonomy":"product_cat","embeddable":true,"href":"https:\/\/biciplanet.net\/site\/wp-json\/wp\/v2\/product_cat?post=650"},{"taxonomy":"product_tag","embeddable":true,"href":"https:\/\/biciplanet.net\/site\/wp-json\/wp\/v2\/product_tag?post=650"}],"curies":[{"name":"wp","href":"https:\/\/api.w.org\/{rel}","templated":true}]}}