{"id":620,"date":"2017-06-26T12:17:35","date_gmt":"2017-06-26T15:17:35","guid":{"rendered":"http:\/\/biciplanet.net\/site\/?post_type=product&#038;p=620"},"modified":"2018-05-14T18:28:13","modified_gmt":"2018-05-14T21:28:13","slug":"caffelatex-tubeless-kit","status":"publish","type":"product","link":"https:\/\/biciplanet.net\/site\/producto\/caffelatex-tubeless-kit\/","title":{"rendered":"Caffelatex tubeless kit"},"content":{"rendered":"<div class=\"tw-swapa\"><span lang=\"es\">Creado para aprovechar al m\u00e1ximo el sellador Caff\u00e9latex, creamos kits completos para convertir las ruedas de bicicleta est\u00e1ndar en tubeless (2 ruedas por kit).<\/span><\/div>\n<div class=\"tw-swapa\"><span lang=\"es\">Lo que va a convertir:<\/span><\/div>\n<div class=\"tw-swapa\"><span lang=\"es\">Caff\u00e9latex Tubeless Kit est\u00e1 dise\u00f1ado para neum\u00e1ticos de bicicleta de monta\u00f1a Tubeless y Tubeless-Ready, aplicando una capa de cinta adhesiva (dos a trav\u00e9s del agujero de la v\u00e1lvula).<\/span><\/div>\n<div class=\"tw-swapa\"><span lang=\"es\">Las ruedas de carretera est\u00e1ndar tambi\u00e9n se pueden convertir en tubeless con Caff\u00e9latex Tubeless Kit, aplicando dos capas de cinta adhesiva (tres a trav\u00e9s del agujero de la v\u00e1lvula)<\/span><\/div>\n<div class=\"tw-swapa\"><\/div>\n<div class=\"tw-swapa\"><span lang=\"es\">Caff\u00e9latex Tubeless Contenido del kit:<\/span><\/div>\n<div class=\"tw-swapa\"><span lang=\"es\">1 botella de sellador Caff\u00e9latex, 250 ml, con tapa de medici\u00f3n<\/span><\/div>\n<div class=\"tw-swapa\"><span lang=\"es\">1 rollo de cinta sin c\u00e1mara Caff\u00e9latex (versi\u00f3n S, M o L, dependiendo del kit)<\/span><\/div>\n<div class=\"tw-swapa\"><span lang=\"es\">2 Caff\u00e9latex Tubeless V\u00e1lvulas con adaptadores c\u00f3nicos (para llantas Presta y Schrader) y una llave para mecanismos Presta<\/span><\/div>\n<div class=\"tw-swapa\"><span lang=\"es\">Folleto de instrucciones <\/span><\/div>\n","protected":false},"excerpt":{"rendered":"<p>Creado para aprovechar al m\u00e1ximo el sellador Caff\u00e9latex, creamos kits completos para convertir las ruedas de bicicleta est\u00e1ndar en tubeless (2 ruedas por kit). Lo que va a convertir: Caff\u00e9latex Tubeless Kit est\u00e1 dise\u00f1ado para neum\u00e1ticos de bicicleta de monta\u00f1a Tubeless y Tubeless-Ready, aplicando una capa de cinta adhesiva (dos a trav\u00e9s del agujero de [&hellip;]\n","protected":false},"featured_media":621,"comment_status":"closed","ping_status":"closed","template":"","meta":[],"product_brand":[],"product_cat":[66],"product_tag":[],"class_list":{"0":"post-620","1":"product","2":"type-product","3":"status-publish","4":"has-post-thumbnail","6":"product_cat-sin-categoria","8":"first","9":"instock","10":"shipping-taxable","11":"product-type-simple"},"_links":{"self":[{"href":"https:\/\/biciplanet.net\/site\/wp-json\/wp\/v2\/product\/620","targetHints":{"allow":["GET"]}}],"collection":[{"href":"https:\/\/biciplanet.net\/site\/wp-json\/wp\/v2\/product"}],"about":[{"href":"https:\/\/biciplanet.net\/site\/wp-json\/wp\/v2\/types\/product"}],"replies":[{"embeddable":true,"href":"https:\/\/biciplanet.net\/site\/wp-json\/wp\/v2\/comments?post=620"}],"wp:featuredmedia":[{"embeddable":true,"href":"https:\/\/biciplanet.net\/site\/wp-json\/wp\/v2\/media\/621"}],"wp:attachment":[{"href":"https:\/\/biciplanet.net\/site\/wp-json\/wp\/v2\/media?parent=620"}],"wp:term":[{"taxonomy":"product_brand","embeddable":true,"href":"https:\/\/biciplanet.net\/site\/wp-json\/wp\/v2\/product_brand?post=620"},{"taxonomy":"product_cat","embeddable":true,"href":"https:\/\/biciplanet.net\/site\/wp-json\/wp\/v2\/product_cat?post=620"},{"taxonomy":"product_tag","embeddable":true,"href":"https:\/\/biciplanet.net\/site\/wp-json\/wp\/v2\/product_tag?post=620"}],"curies":[{"name":"wp","href":"https:\/\/api.w.org\/{rel}","templated":true}]}}