{"id":568,"date":"2017-06-09T05:15:22","date_gmt":"2017-06-09T08:15:22","guid":{"rendered":"http:\/\/biciplanet.net\/site\/?post_type=product&#038;p=568"},"modified":"2017-06-09T05:15:22","modified_gmt":"2017-06-09T08:15:22","slug":"sellador-slime-pro-tubeless-8oz","status":"publish","type":"product","link":"https:\/\/biciplanet.net\/site\/producto\/sellador-slime-pro-tubeless-8oz\/","title":{"rendered":"SELLADOR \u00abSLIME-PRO TUBELESS 8oz\u00bb"},"content":{"rendered":"<div class=\"pane-slider content pane-down\">\n<ul>\n<li>Impide y repara los pinchazos.<\/li>\n<li>Uso en competici\u00f3n garantizado.<\/li>\n<li>No corrosivo.<\/li>\n<li>Liviano: 30g por cada 0,02 litros.<\/li>\n<li>Sella los pinchazos al instante.<\/li>\n<li>Compatible con cubiertas UST y normales.<\/li>\n<li>Con una mayor composici\u00f3n de latex y un mayor durabilidad en el interior, el Pro Series es m\u00e1s ecol\u00f3gico y con menos cantidad cubres todo el interior del neum\u00e1tico.<\/li>\n<li>Adem\u00e1s es capaz de cubrir los flancos laterales de la cubierta en su uni\u00f3n con la llanta para hacer el sellado m\u00e1s efectivo.<\/li>\n<li>Su olor tiene ahora un aroma tropical mucho m\u00e1s agradable.<\/li>\n<li>El envase incluye dos peque\u00f1os tubos para una mejor dosificaci\u00f3n y un tap\u00f3n de medidas.<\/li>\n<li>Contenido: 8 OZ \/ 237ml<\/li>\n<\/ul>\n<\/div>\n","protected":false},"excerpt":{"rendered":"<p>Impide y repara los pinchazos. Uso en competici\u00f3n garantizado. No corrosivo. Liviano: 30g por cada 0,02 litros. Sella los pinchazos al instante. Compatible con cubiertas UST y normales. Con una mayor composici\u00f3n de latex y un mayor durabilidad en el interior, el Pro Series es m\u00e1s ecol\u00f3gico y con menos cantidad cubres todo el interior [&hellip;]\n","protected":false},"featured_media":569,"comment_status":"closed","ping_status":"closed","template":"","meta":[],"product_brand":[],"product_cat":[51],"product_tag":[],"class_list":{"0":"post-568","1":"product","2":"type-product","3":"status-publish","4":"has-post-thumbnail","6":"product_cat-varios","8":"first","9":"instock","10":"shipping-taxable","11":"product-type-simple"},"_links":{"self":[{"href":"https:\/\/biciplanet.net\/site\/wp-json\/wp\/v2\/product\/568","targetHints":{"allow":["GET"]}}],"collection":[{"href":"https:\/\/biciplanet.net\/site\/wp-json\/wp\/v2\/product"}],"about":[{"href":"https:\/\/biciplanet.net\/site\/wp-json\/wp\/v2\/types\/product"}],"replies":[{"embeddable":true,"href":"https:\/\/biciplanet.net\/site\/wp-json\/wp\/v2\/comments?post=568"}],"wp:featuredmedia":[{"embeddable":true,"href":"https:\/\/biciplanet.net\/site\/wp-json\/wp\/v2\/media\/569"}],"wp:attachment":[{"href":"https:\/\/biciplanet.net\/site\/wp-json\/wp\/v2\/media?parent=568"}],"wp:term":[{"taxonomy":"product_brand","embeddable":true,"href":"https:\/\/biciplanet.net\/site\/wp-json\/wp\/v2\/product_brand?post=568"},{"taxonomy":"product_cat","embeddable":true,"href":"https:\/\/biciplanet.net\/site\/wp-json\/wp\/v2\/product_cat?post=568"},{"taxonomy":"product_tag","embeddable":true,"href":"https:\/\/biciplanet.net\/site\/wp-json\/wp\/v2\/product_tag?post=568"}],"curies":[{"name":"wp","href":"https:\/\/api.w.org\/{rel}","templated":true}]}}