{"id":537,"date":"2017-06-02T12:54:14","date_gmt":"2017-06-02T15:54:14","guid":{"rendered":"http:\/\/biciplanet.net\/site\/?post_type=product&#038;p=537"},"modified":"2017-06-02T12:54:14","modified_gmt":"2017-06-02T15:54:14","slug":"remeras-termicas-blackrock","status":"publish","type":"product","link":"https:\/\/biciplanet.net\/site\/producto\/remeras-termicas-blackrock\/","title":{"rendered":"Remeras t\u00e9rmicas BLACKROCK"},"content":{"rendered":"<p>Tela con tratamiento Hidrof\u00edlico, lo cual permite una r\u00e1pida evaporaci\u00f3n de la transpiraci\u00f3n, alojando la humedad en la parte exterior de la prenda y manteniendo la piel seca.<br \/>\nConfeccionada integramente con Flat Seamer (costura plana) para disminuir el roce de las costuras con la piel.<\/p>\n","protected":false},"excerpt":{"rendered":"<p>Tela con tratamiento Hidrof\u00edlico, lo cual permite una r\u00e1pida evaporaci\u00f3n de la transpiraci\u00f3n, alojando la humedad en la parte exterior de la prenda y manteniendo la piel seca. Confeccionada integramente con Flat Seamer (costura plana) para disminuir el roce de las costuras con la piel.<\/p>\n","protected":false},"featured_media":538,"comment_status":"closed","ping_status":"closed","template":"","meta":[],"product_brand":[],"product_cat":[33],"product_tag":[],"class_list":{"0":"post-537","1":"product","2":"type-product","3":"status-publish","4":"has-post-thumbnail","6":"product_cat-indumentaria","8":"first","9":"instock","10":"shipping-taxable","11":"product-type-simple"},"_links":{"self":[{"href":"https:\/\/biciplanet.net\/site\/wp-json\/wp\/v2\/product\/537","targetHints":{"allow":["GET"]}}],"collection":[{"href":"https:\/\/biciplanet.net\/site\/wp-json\/wp\/v2\/product"}],"about":[{"href":"https:\/\/biciplanet.net\/site\/wp-json\/wp\/v2\/types\/product"}],"replies":[{"embeddable":true,"href":"https:\/\/biciplanet.net\/site\/wp-json\/wp\/v2\/comments?post=537"}],"wp:featuredmedia":[{"embeddable":true,"href":"https:\/\/biciplanet.net\/site\/wp-json\/wp\/v2\/media\/538"}],"wp:attachment":[{"href":"https:\/\/biciplanet.net\/site\/wp-json\/wp\/v2\/media?parent=537"}],"wp:term":[{"taxonomy":"product_brand","embeddable":true,"href":"https:\/\/biciplanet.net\/site\/wp-json\/wp\/v2\/product_brand?post=537"},{"taxonomy":"product_cat","embeddable":true,"href":"https:\/\/biciplanet.net\/site\/wp-json\/wp\/v2\/product_cat?post=537"},{"taxonomy":"product_tag","embeddable":true,"href":"https:\/\/biciplanet.net\/site\/wp-json\/wp\/v2\/product_tag?post=537"}],"curies":[{"name":"wp","href":"https:\/\/api.w.org\/{rel}","templated":true}]}}