{"id":512,"date":"2017-05-22T11:32:01","date_gmt":"2017-05-22T14:32:01","guid":{"rendered":"http:\/\/biciplanet.net\/site\/?post_type=product&#038;p=512"},"modified":"2023-06-16T12:23:19","modified_gmt":"2023-06-16T15:23:19","slug":"computadora-ui-30-echowell","status":"publish","type":"product","link":"https:\/\/biciplanet.net\/site\/producto\/computadora-ui-30-echowell\/","title":{"rendered":"Computadora UI 30 ECHOWELL"},"content":{"rendered":"<div class=\"tw-swapa\">\u00a0<span lang=\"es\">Velocidad inal\u00e1mbrica<\/span><\/div>\n<div class=\"tw-swapa\"><span lang=\"es\">Cadencia inal\u00e1mbrico<\/span><\/div>\n<div class=\"tw-swapa\"><span lang=\"es\">FUNCIONES DE LA BICICLETA<\/span><\/div>\n<div class=\"tw-swapa\"><span lang=\"es\">Velocidad actual, media y m\u00e1xima<\/span><\/div>\n<div class=\"tw-swapa\"><span lang=\"es\">Distancia de viaje<\/span><\/div>\n<div class=\"tw-swapa\"><span lang=\"es\">Cuentakil\u00f3metros<\/span><\/div>\n<div class=\"tw-swapa\"><span lang=\"es\">Od\u00f3metro total (Bike1 + Bike2)<\/span><\/div>\n<div class=\"tw-swapa\"><span lang=\"es\">Tiempo de viaje<\/span><\/div>\n<div class=\"tw-swapa\"><span lang=\"es\">Tiempo total de montar la bicicleta<\/span><\/div>\n<div class=\"tw-swapa\"><span lang=\"es\">Tiempo de conducci\u00f3n total (Bike1 + Bike2)<\/span><\/div>\n<div class=\"tw-swapa\"><span lang=\"es\">Mantenimiento<\/span><\/div>\n<div class=\"tw-swapa\"><span lang=\"es\">FUNCIONES DE CO2<\/span><\/div>\n<div class=\"tw-swapa\"><span lang=\"es\">Ahorro de CO2 de viaje<\/span><\/div>\n<div class=\"tw-swapa\"><span lang=\"es\">Ahorro total de CO2<\/span><\/div>\n<div class=\"tw-swapa\"><span lang=\"es\">Ahorro total de CO2 (Bike1 + Bike2)<\/span><\/div>\n<div class=\"tw-swapa\"><span lang=\"es\">FUNCIONES de CADENCIA<\/span><\/div>\n<div class=\"tw-swapa\"><span lang=\"es\">RPM actual, promedio y m\u00e1ximo<\/span><\/div>\n<div class=\"tw-swapa\"><span lang=\"es\">L\u00edmite RPM<\/span><\/div>\n<div class=\"tw-swapa\"><span lang=\"es\">Revoluci\u00f3n total del pedal<\/span><\/div>\n<div class=\"tw-swapa\"><span lang=\"es\">Revoluci\u00f3n total del pedal (Bike1 + Bike2)<\/span><\/div>\n<div class=\"tw-swapa\"><span lang=\"es\">FUNCIONES DE LAP<\/span><\/div>\n<div class=\"tw-swapa\"><span lang=\"es\">Cron\u00f3grafo<\/span><\/div>\n<div class=\"tw-swapa\"><span lang=\"es\">Velocidad (promedio \/ m\u00e1ximo)<\/span><\/div>\n<div class=\"tw-swapa\"><span lang=\"es\">Distancia de viaje<\/span><\/div>\n<div class=\"tw-swapa\"><span lang=\"es\">Tiempo de uso<\/span><\/div>\n<div class=\"tw-swapa\"><span lang=\"es\">RPM (promedio \/ m\u00e1ximo)<\/span><\/div>\n<div class=\"tw-swapa\"><span lang=\"es\">Revoluci\u00f3n del pedal<\/span><\/div>\n<div class=\"tw-swapa\"><span lang=\"es\">Ahorro de CO2<\/span><\/div>\n<div class=\"tw-swapa\"><span lang=\"es\">Temperatura (M\u00e1ximo \/ M\u00ednimo)<\/span><\/div>\n<div class=\"tw-swapa\"><span lang=\"es\">Revisi\u00f3n de datos de vuelta<\/span><\/div>\n<div class=\"tw-swapa\"><span lang=\"es\">FUNCIONES DE TEMPERATURA<\/span><\/div>\n<div class=\"tw-swapa\"><span lang=\"es\">Temperatura actual, m\u00e1xima y m\u00ednima<\/span><\/div>\n<div class=\"tw-swapa\"><span lang=\"es\">OTROS<\/span><\/div>\n<div class=\"tw-swapa\"><span lang=\"es\">Reloj 12H \/ 24H<\/span><\/div>\n<div class=\"tw-swapa\"><span lang=\"es\">Calendario<\/span><\/div>\n<div class=\"tw-swapa\"><span lang=\"es\">Bike1 \/ Bike 2 detecci\u00f3n autom\u00e1tica<\/span><\/div>\n<div class=\"tw-swapa\"><span lang=\"es\">Inicio \/ parada autom\u00e1tica<\/span><\/div>\n<div class=\"tw-swapa\"><span lang=\"es\">Almacenamiento de datos<\/span><\/div>\n<div class=\"tw-swapa\"><span lang=\"es\">* Compatible con Echo-pad (para ajuste r\u00e1pido)<\/span><\/div>\n","protected":false},"excerpt":{"rendered":"<p>\u00a0Velocidad inal\u00e1mbrica Cadencia inal\u00e1mbrico FUNCIONES DE LA BICICLETA Velocidad actual, media y m\u00e1xima Distancia de viaje Cuentakil\u00f3metros Od\u00f3metro total (Bike1 + Bike2) Tiempo de viaje Tiempo total de montar la bicicleta Tiempo de conducci\u00f3n total (Bike1 + Bike2) Mantenimiento FUNCIONES DE CO2 Ahorro de CO2 de viaje Ahorro total de CO2 Ahorro total de CO2 [&hellip;]\n","protected":false},"featured_media":513,"comment_status":"closed","ping_status":"closed","template":"","meta":[],"product_brand":[],"product_cat":[26],"product_tag":[],"class_list":{"0":"post-512","1":"product","2":"type-product","3":"status-publish","4":"has-post-thumbnail","6":"product_cat-computadoras-pulsometro","8":"first","9":"outofstock","10":"shipping-taxable","11":"product-type-simple"},"_links":{"self":[{"href":"https:\/\/biciplanet.net\/site\/wp-json\/wp\/v2\/product\/512","targetHints":{"allow":["GET"]}}],"collection":[{"href":"https:\/\/biciplanet.net\/site\/wp-json\/wp\/v2\/product"}],"about":[{"href":"https:\/\/biciplanet.net\/site\/wp-json\/wp\/v2\/types\/product"}],"replies":[{"embeddable":true,"href":"https:\/\/biciplanet.net\/site\/wp-json\/wp\/v2\/comments?post=512"}],"wp:featuredmedia":[{"embeddable":true,"href":"https:\/\/biciplanet.net\/site\/wp-json\/wp\/v2\/media\/513"}],"wp:attachment":[{"href":"https:\/\/biciplanet.net\/site\/wp-json\/wp\/v2\/media?parent=512"}],"wp:term":[{"taxonomy":"product_brand","embeddable":true,"href":"https:\/\/biciplanet.net\/site\/wp-json\/wp\/v2\/product_brand?post=512"},{"taxonomy":"product_cat","embeddable":true,"href":"https:\/\/biciplanet.net\/site\/wp-json\/wp\/v2\/product_cat?post=512"},{"taxonomy":"product_tag","embeddable":true,"href":"https:\/\/biciplanet.net\/site\/wp-json\/wp\/v2\/product_tag?post=512"}],"curies":[{"name":"wp","href":"https:\/\/api.w.org\/{rel}","templated":true}]}}