{"id":499,"date":"2017-05-18T10:45:01","date_gmt":"2017-05-18T13:45:01","guid":{"rendered":"http:\/\/biciplanet.net\/site\/?post_type=product&#038;p=499"},"modified":"2023-06-27T21:11:30","modified_gmt":"2023-06-28T00:11:30","slug":"casco-ktm-factory-line-2","status":"publish","type":"product","link":"https:\/\/biciplanet.net\/site\/producto\/casco-ktm-factory-line-2\/","title":{"rendered":"Casco KTM FACTORY LINE"},"content":{"rendered":"<p>Casco FACTORY LINE<\/p>\n<p><span lang=\"es\">Buena ventilaci\u00f3n gracias a 21 respiraderos.<\/span><\/p>\n<p><span lang=\"es\">Ajuste f\u00e1cil para un agarre \u00f3ptimo.<\/span><\/p>\n<p><span lang=\"es\">Muy ligero.<\/span><\/p>\n<p><span lang=\"es\">Con red.<\/span><\/p>\n<p><span lang=\"es\">Con visera.<\/span><\/p>\n<p><span lang=\"es\">Peso 282g<\/span><\/p>\n","protected":false},"excerpt":{"rendered":"<p>Casco FACTORY LINE Buena ventilaci\u00f3n gracias a 21 respiraderos. Ajuste f\u00e1cil para un agarre \u00f3ptimo. Muy ligero. Con red. Con visera. Peso 282g<\/p>\n","protected":false},"featured_media":500,"comment_status":"closed","ping_status":"closed","template":"","meta":[],"product_brand":[],"product_cat":[25],"product_tag":[],"class_list":{"0":"post-499","1":"product","2":"type-product","3":"status-publish","4":"has-post-thumbnail","6":"product_cat-cascos","8":"first","9":"outofstock","10":"shipping-taxable","11":"product-type-simple"},"_links":{"self":[{"href":"https:\/\/biciplanet.net\/site\/wp-json\/wp\/v2\/product\/499","targetHints":{"allow":["GET"]}}],"collection":[{"href":"https:\/\/biciplanet.net\/site\/wp-json\/wp\/v2\/product"}],"about":[{"href":"https:\/\/biciplanet.net\/site\/wp-json\/wp\/v2\/types\/product"}],"replies":[{"embeddable":true,"href":"https:\/\/biciplanet.net\/site\/wp-json\/wp\/v2\/comments?post=499"}],"wp:featuredmedia":[{"embeddable":true,"href":"https:\/\/biciplanet.net\/site\/wp-json\/wp\/v2\/media\/500"}],"wp:attachment":[{"href":"https:\/\/biciplanet.net\/site\/wp-json\/wp\/v2\/media?parent=499"}],"wp:term":[{"taxonomy":"product_brand","embeddable":true,"href":"https:\/\/biciplanet.net\/site\/wp-json\/wp\/v2\/product_brand?post=499"},{"taxonomy":"product_cat","embeddable":true,"href":"https:\/\/biciplanet.net\/site\/wp-json\/wp\/v2\/product_cat?post=499"},{"taxonomy":"product_tag","embeddable":true,"href":"https:\/\/biciplanet.net\/site\/wp-json\/wp\/v2\/product_tag?post=499"}],"curies":[{"name":"wp","href":"https:\/\/api.w.org\/{rel}","templated":true}]}}