{"id":498,"date":"2017-05-17T16:09:27","date_gmt":"2017-05-17T19:09:27","guid":{"rendered":"http:\/\/biciplanet.net\/site\/?post_type=product&#038;p=498"},"modified":"2017-05-17T16:11:08","modified_gmt":"2017-05-17T19:11:08","slug":"rodillo-track-red-rueda-trasera-rod275-29","status":"publish","type":"product","link":"https:\/\/biciplanet.net\/site\/producto\/rodillo-track-red-rueda-trasera-rod275-29\/","title":{"rendered":"RODILLO TRACK RED RUEDA TRASERA Rod27,5 &#8211; 29"},"content":{"rendered":"<p>El rodillo Track Red cuenta con todas las ventajas de los entrenadores profesionales del mercado, adem\u00e1s de haber sido fabricado bajo estrictas normas de calidad.<br \/>\nCuenta con el exclusivo sistema \u201cClose ground\u201d, el cu\u00e1l acerca la rueda trasera al piso, con lo que se consigue una postura similar a aquella que se toma al estar sentado sobre la bicicleta (no se produce el normal desnivel de los rodillos convencionales).<br \/>\nLas fijaciones individuales, adem\u00e1s de no da\u00f1ar el cierre r\u00e1pido de la rueda, permiten centrar perfectamente la rueda en la pista de rodamiento, evitando que la presi\u00f3n sobre el neum\u00e1tico se aplique lateralmente.<br \/>\nFuncionalidades y beneficios<br \/>\n* Peso reducido<br \/>\n* Plegable<br \/>\n* Bajo nivel sonoro<br \/>\n* Rodamientos montados sobre rulemanes<\/p>\n","protected":false},"excerpt":{"rendered":"<p>El rodillo Track Red cuenta con todas las ventajas de los entrenadores profesionales del mercado, adem\u00e1s de haber sido fabricado bajo estrictas normas de calidad. Cuenta con el exclusivo sistema \u201cClose ground\u201d, el cu\u00e1l acerca la rueda trasera al piso, con lo que se consigue una postura similar a aquella que se toma al estar [&hellip;]\n","protected":false},"featured_media":308,"comment_status":"closed","ping_status":"closed","template":"","meta":[],"product_brand":[],"product_cat":[64,51],"product_tag":[],"class_list":{"0":"post-498","1":"product","2":"type-product","3":"status-publish","4":"has-post-thumbnail","6":"product_cat-rodillos","7":"product_cat-varios","9":"first","10":"instock","11":"shipping-taxable","12":"product-type-simple"},"_links":{"self":[{"href":"https:\/\/biciplanet.net\/site\/wp-json\/wp\/v2\/product\/498","targetHints":{"allow":["GET"]}}],"collection":[{"href":"https:\/\/biciplanet.net\/site\/wp-json\/wp\/v2\/product"}],"about":[{"href":"https:\/\/biciplanet.net\/site\/wp-json\/wp\/v2\/types\/product"}],"replies":[{"embeddable":true,"href":"https:\/\/biciplanet.net\/site\/wp-json\/wp\/v2\/comments?post=498"}],"wp:featuredmedia":[{"embeddable":true,"href":"https:\/\/biciplanet.net\/site\/wp-json\/wp\/v2\/media\/308"}],"wp:attachment":[{"href":"https:\/\/biciplanet.net\/site\/wp-json\/wp\/v2\/media?parent=498"}],"wp:term":[{"taxonomy":"product_brand","embeddable":true,"href":"https:\/\/biciplanet.net\/site\/wp-json\/wp\/v2\/product_brand?post=498"},{"taxonomy":"product_cat","embeddable":true,"href":"https:\/\/biciplanet.net\/site\/wp-json\/wp\/v2\/product_cat?post=498"},{"taxonomy":"product_tag","embeddable":true,"href":"https:\/\/biciplanet.net\/site\/wp-json\/wp\/v2\/product_tag?post=498"}],"curies":[{"name":"wp","href":"https:\/\/api.w.org\/{rel}","templated":true}]}}