{"id":476,"date":"2017-05-11T12:07:24","date_gmt":"2017-05-11T15:07:24","guid":{"rendered":"http:\/\/biciplanet.net\/site\/?post_type=product&#038;p=476"},"modified":"2023-07-21T17:14:10","modified_gmt":"2023-07-21T20:14:10","slug":"asiento-vertex-80","status":"publish","type":"product","link":"https:\/\/biciplanet.net\/site\/producto\/asiento-vertex-80\/","title":{"rendered":"Asiento VERTEX 80"},"content":{"rendered":"<div class=\"tw-swapa\"><\/div>\n<div class=\"_Ejb\">\n<div id=\"tw-target\">\n<div id=\"tw-target-text-container\" class=\"tw-ta-container tw-nfl\">\n<pre class=\"tw-data-text tw-ta tw-text-small\" dir=\"ltr\" data-fulltext=\"\" data-placeholder=\"Traducci\u00f3n\"><span lang=\"es\">El asiento Vertex 80 contiene el soporte de hidrataci\u00f3n\r\ntrasero m\u00e1s avanzado. \r\nLa integraci\u00f3n del soporte en la silla de montar\r\nmantiene su hidrataci\u00f3n protegida bajo el asiento\r\nfuera del flujo de aire mejorando la aerodin\u00e1mica \r\ngeneral. \r\nUn solo tornillo de montaje facilita la \r\nextracci\u00f3n cuando no es necesario.<\/span><\/pre>\n<div class=\"_Ejb\">\n<div id=\"tw-target\">\n<div id=\"tw-target-text-container\" class=\"tw-ta-container tw-nfl\">\n<pre id=\"tw-target-text\" class=\"tw-data-text tw-ta tw-text-small\" dir=\"ltr\" data-fulltext=\"\" data-placeholder=\"Traducci\u00f3n\"><span lang=\"es\">Esta silla est\u00e1 dise\u00f1ada para posiciones agresivas \r\nde TT y Triatl\u00f3n con \u00e1ngulos de tubo de asiento \r\nvirtuales t\u00edpicos entre 78\u00ba y 82\u00ba. \r\nLa nariz corta le permite mover la silla hacia \r\nadelante para una posici\u00f3n m\u00e1s agresiva mientras \r\npermanece dentro de las regulaciones UCI.<\/span><\/pre>\n<\/div>\n<\/div>\n<\/div>\n<\/div>\n<\/div>\n<\/div>\n","protected":false},"excerpt":{"rendered":"<p>El asiento Vertex 80 contiene el soporte de hidrataci\u00f3n trasero m\u00e1s avanzado. La integraci\u00f3n del soporte en la silla de montar mantiene su hidrataci\u00f3n protegida bajo el asiento fuera del flujo de aire mejorando la aerodin\u00e1mica general. Un solo tornillo de montaje facilita la extracci\u00f3n cuando no es necesario. Esta silla est\u00e1 dise\u00f1ada para posiciones [&hellip;]\n","protected":false},"featured_media":477,"comment_status":"closed","ping_status":"closed","template":"","meta":[],"product_brand":[],"product_cat":[13],"product_tag":[],"class_list":{"0":"post-476","1":"product","2":"type-product","3":"status-publish","4":"has-post-thumbnail","6":"product_cat-asientos","8":"first","9":"instock","10":"shipping-taxable","11":"product-type-simple"},"_links":{"self":[{"href":"https:\/\/biciplanet.net\/site\/wp-json\/wp\/v2\/product\/476","targetHints":{"allow":["GET"]}}],"collection":[{"href":"https:\/\/biciplanet.net\/site\/wp-json\/wp\/v2\/product"}],"about":[{"href":"https:\/\/biciplanet.net\/site\/wp-json\/wp\/v2\/types\/product"}],"replies":[{"embeddable":true,"href":"https:\/\/biciplanet.net\/site\/wp-json\/wp\/v2\/comments?post=476"}],"wp:featuredmedia":[{"embeddable":true,"href":"https:\/\/biciplanet.net\/site\/wp-json\/wp\/v2\/media\/477"}],"wp:attachment":[{"href":"https:\/\/biciplanet.net\/site\/wp-json\/wp\/v2\/media?parent=476"}],"wp:term":[{"taxonomy":"product_brand","embeddable":true,"href":"https:\/\/biciplanet.net\/site\/wp-json\/wp\/v2\/product_brand?post=476"},{"taxonomy":"product_cat","embeddable":true,"href":"https:\/\/biciplanet.net\/site\/wp-json\/wp\/v2\/product_cat?post=476"},{"taxonomy":"product_tag","embeddable":true,"href":"https:\/\/biciplanet.net\/site\/wp-json\/wp\/v2\/product_tag?post=476"}],"curies":[{"name":"wp","href":"https:\/\/api.w.org\/{rel}","templated":true}]}}