{"id":470,"date":"2017-05-08T11:08:42","date_gmt":"2017-05-08T14:08:42","guid":{"rendered":"http:\/\/biciplanet.net\/site\/?post_type=product&#038;p=470"},"modified":"2023-05-30T11:37:20","modified_gmt":"2023-05-30T14:37:20","slug":"sillita-bebe-premium","status":"publish","type":"product","link":"https:\/\/biciplanet.net\/site\/producto\/sillita-bebe-premium\/","title":{"rendered":"Sillita Beb\u00e9 PREMIUM"},"content":{"rendered":"<p>&nbsp;<\/p>\n<p>&nbsp;<\/p>\n<p>Recomendado para ni\u00f1os de 8 meses a 5 a\u00f1os de edad<\/p>\n<p>Capacidad de peso 22 kg<\/p>\n<p>A prueba de ni\u00f1os hebilla de seguridad es f\u00e1cil de abrochar y desabrochar.<\/p>\n<p>Incluye cintur\u00f3n de seguridad que se puede ajustar f\u00e1cilmente en altura y longitud<\/p>\n<p>&nbsp;<\/p>\n<p>Acolchonado<\/p>\n<p>No necesita de portapaquete<\/p>\n<p>&nbsp;<\/p>\n","protected":false},"excerpt":{"rendered":"<p>&nbsp; &nbsp; Recomendado para ni\u00f1os de 8 meses a 5 a\u00f1os de edad Capacidad de peso 22 kg A prueba de ni\u00f1os hebilla de seguridad es f\u00e1cil de abrochar y desabrochar. Incluye cintur\u00f3n de seguridad que se puede ajustar f\u00e1cilmente en altura y longitud &nbsp; Acolchonado No necesita de portapaquete &nbsp;<\/p>\n","protected":false},"featured_media":471,"comment_status":"closed","ping_status":"closed","template":"","meta":[],"product_brand":[],"product_cat":[63],"product_tag":[],"class_list":{"0":"post-470","1":"product","2":"type-product","3":"status-publish","4":"has-post-thumbnail","6":"product_cat-sillitas-para-bebes","8":"first","9":"outofstock","10":"shipping-taxable","11":"product-type-simple"},"_links":{"self":[{"href":"https:\/\/biciplanet.net\/site\/wp-json\/wp\/v2\/product\/470","targetHints":{"allow":["GET"]}}],"collection":[{"href":"https:\/\/biciplanet.net\/site\/wp-json\/wp\/v2\/product"}],"about":[{"href":"https:\/\/biciplanet.net\/site\/wp-json\/wp\/v2\/types\/product"}],"replies":[{"embeddable":true,"href":"https:\/\/biciplanet.net\/site\/wp-json\/wp\/v2\/comments?post=470"}],"wp:featuredmedia":[{"embeddable":true,"href":"https:\/\/biciplanet.net\/site\/wp-json\/wp\/v2\/media\/471"}],"wp:attachment":[{"href":"https:\/\/biciplanet.net\/site\/wp-json\/wp\/v2\/media?parent=470"}],"wp:term":[{"taxonomy":"product_brand","embeddable":true,"href":"https:\/\/biciplanet.net\/site\/wp-json\/wp\/v2\/product_brand?post=470"},{"taxonomy":"product_cat","embeddable":true,"href":"https:\/\/biciplanet.net\/site\/wp-json\/wp\/v2\/product_cat?post=470"},{"taxonomy":"product_tag","embeddable":true,"href":"https:\/\/biciplanet.net\/site\/wp-json\/wp\/v2\/product_tag?post=470"}],"curies":[{"name":"wp","href":"https:\/\/api.w.org\/{rel}","templated":true}]}}