{"id":427,"date":"2017-03-15T17:01:00","date_gmt":"2017-03-15T20:01:00","guid":{"rendered":"http:\/\/biciplanet.net\/site\/?post_type=product&#038;p=427"},"modified":"2017-03-15T17:02:33","modified_gmt":"2017-03-15T20:02:33","slug":"zapatillas-shimano-xc7","status":"publish","type":"product","link":"https:\/\/biciplanet.net\/site\/producto\/zapatillas-shimano-xc7\/","title":{"rendered":"Zapatillas SHIMANO XC7"},"content":{"rendered":"<p>Suela adherente y antideslizante para mejorar la estabilidad.<br \/>\nRigidez para la importante transferencia de potencia.<br \/>\nComodidad que proporciona la ergonom\u00eda de la plantilla Cup.<br \/>\nAjuste preciso y resistente mediante rueda Boa IP1.<br \/>\nTranspirabilidad del empeine perforado.<br \/>\nMateriales duraderos.<\/p>\n<p>Si vas por terrenos rocosos con las pr\u00e1cticas <strong>zapatillas MTB XC7<\/strong>, la pericia de <strong>SHIMANO <\/strong>te garantiza una comodidad inquebrantable. El objetivo es facilitar el mejor rendimiento sin perder comodidad.<\/p>\n<p>Este modelo se ha fabricado seg\u00fan la tecnolog\u00eda Dynalast, que optimiza la transferencia de energ\u00eda hacia los pedales; lo que reduce el punto muerto del pie y, de esta forma, las tensiones en el resto de la pierna. Al ser m\u00e1s flexible, el \u00e1ngulo de desplazamiento se vuelve, por tanto, m\u00e1s eficaz. El ajuste mediante rueda Boa IP1, s\u00f3lido y preciso, se adapta perfectamente a la forma del pie. Adem\u00e1s, se abre con un solo clic. La tira de velcro se encarga despu\u00e9s de equilibrar el ajuste hacia la punta del pie.<\/p>\n<p>MICHELIN, ha dise\u00f1ado la suela externa, que proporciona una adherencia excelente en terrenos embarrados. Si tienes que llevar la bicicleta a hombros, la protecci\u00f3n antideslizante es, por tanto, crucial. Los puntos adherentes son tan resistentes como flexibles.<\/p>\n<p>La suela intermedia, r\u00edgida y ligera, tiene todo lo necesario para aumentar la velocidad. Tambi\u00e9n disfrutar\u00e1s de una plantilla Cup que se adaptar\u00e1 a tu b\u00f3veda plantar. Para garantizar la buena circulaci\u00f3n del aire, el empeine, que es muy resistente, dispone de tomas de aire, por lo que tu piel se mantendr\u00e1 fresca y seca a lo largo de toda la actividad.<\/p>\n<p>Una maravilla de la estabilidad con la que podr\u00e1s recorrer sin problemas los trayectos m\u00e1s peligrosos.<\/p>\n","protected":false},"excerpt":{"rendered":"<p>Suela adherente y antideslizante para mejorar la estabilidad. Rigidez para la importante transferencia de potencia. Comodidad que proporciona la ergonom\u00eda de la plantilla Cup. Ajuste preciso y resistente mediante rueda Boa IP1. Transpirabilidad del empeine perforado. Materiales duraderos. Si vas por terrenos rocosos con las pr\u00e1cticas zapatillas MTB XC7, la pericia de SHIMANO te garantiza [&hellip;]\n","protected":false},"featured_media":428,"comment_status":"closed","ping_status":"closed","template":"","meta":[],"product_brand":[],"product_cat":[50],"product_tag":[],"class_list":{"0":"post-427","1":"product","2":"type-product","3":"status-publish","4":"has-post-thumbnail","6":"product_cat-zapatillas","8":"first","9":"instock","10":"shipping-taxable","11":"product-type-simple"},"_links":{"self":[{"href":"https:\/\/biciplanet.net\/site\/wp-json\/wp\/v2\/product\/427","targetHints":{"allow":["GET"]}}],"collection":[{"href":"https:\/\/biciplanet.net\/site\/wp-json\/wp\/v2\/product"}],"about":[{"href":"https:\/\/biciplanet.net\/site\/wp-json\/wp\/v2\/types\/product"}],"replies":[{"embeddable":true,"href":"https:\/\/biciplanet.net\/site\/wp-json\/wp\/v2\/comments?post=427"}],"wp:featuredmedia":[{"embeddable":true,"href":"https:\/\/biciplanet.net\/site\/wp-json\/wp\/v2\/media\/428"}],"wp:attachment":[{"href":"https:\/\/biciplanet.net\/site\/wp-json\/wp\/v2\/media?parent=427"}],"wp:term":[{"taxonomy":"product_brand","embeddable":true,"href":"https:\/\/biciplanet.net\/site\/wp-json\/wp\/v2\/product_brand?post=427"},{"taxonomy":"product_cat","embeddable":true,"href":"https:\/\/biciplanet.net\/site\/wp-json\/wp\/v2\/product_cat?post=427"},{"taxonomy":"product_tag","embeddable":true,"href":"https:\/\/biciplanet.net\/site\/wp-json\/wp\/v2\/product_tag?post=427"}],"curies":[{"name":"wp","href":"https:\/\/api.w.org\/{rel}","templated":true}]}}