{"id":396,"date":"2016-10-21T12:02:45","date_gmt":"2016-10-21T15:02:45","guid":{"rendered":"http:\/\/biciplanet.net\/site\/?post_type=product&#038;p=396"},"modified":"2018-05-26T10:14:40","modified_gmt":"2018-05-26T13:14:40","slug":"reloj-polar-ft7","status":"publish","type":"product","link":"https:\/\/biciplanet.net\/site\/producto\/reloj-polar-ft7\/","title":{"rendered":"Reloj POLAR FT7"},"content":{"rendered":"<div class=\"columns small-12 medium-8 large-8 content features no-height-mobile\">\n<div class=\"row\">\n<div class=\"columns small-12 medium-12 large-6\">\n<div class=\"item 1\">\n<p>La funci\u00f3n EnergyPointer te informa acerca de si el efecto principal de tu entrenamiento supone una mejora de tu condici\u00f3n f\u00edsica o la quema de grasas.<br \/>\nMuestra las calor\u00edas consumidas<br \/>\nIncluye un c\u00f3modo transmisor textil con transmisi\u00f3n codificada de tu Frecuencia Card\u00edaca para evitar posibles interferencias.<br \/>\nAdecuado para nadar.<\/p>\n<p>Ver m\u00e1s funciones: https:\/\/www.polar.com\/ar-es\/productos\/activate\/fitness_crosstraining\/FT7<\/p>\n<\/div>\n<\/div>\n<\/div>\n<\/div>\n","protected":false},"excerpt":{"rendered":"<p>La funci\u00f3n EnergyPointer te informa acerca de si el efecto principal de tu entrenamiento supone una mejora de tu condici\u00f3n f\u00edsica o la quema de grasas. Muestra las calor\u00edas consumidas Incluye un c\u00f3modo transmisor textil con transmisi\u00f3n codificada de tu Frecuencia Card\u00edaca para evitar posibles interferencias. Adecuado para nadar. Ver m\u00e1s funciones: https:\/\/www.polar.com\/ar-es\/productos\/activate\/fitness_crosstraining\/FT7<\/p>\n","protected":false},"featured_media":397,"comment_status":"closed","ping_status":"closed","template":"","meta":[],"product_brand":[],"product_cat":[46],"product_tag":[],"class_list":{"0":"post-396","1":"product","2":"type-product","3":"status-publish","4":"has-post-thumbnail","6":"product_cat-relojes","8":"first","9":"outofstock","10":"shipping-taxable","11":"product-type-simple"},"_links":{"self":[{"href":"https:\/\/biciplanet.net\/site\/wp-json\/wp\/v2\/product\/396","targetHints":{"allow":["GET"]}}],"collection":[{"href":"https:\/\/biciplanet.net\/site\/wp-json\/wp\/v2\/product"}],"about":[{"href":"https:\/\/biciplanet.net\/site\/wp-json\/wp\/v2\/types\/product"}],"replies":[{"embeddable":true,"href":"https:\/\/biciplanet.net\/site\/wp-json\/wp\/v2\/comments?post=396"}],"wp:featuredmedia":[{"embeddable":true,"href":"https:\/\/biciplanet.net\/site\/wp-json\/wp\/v2\/media\/397"}],"wp:attachment":[{"href":"https:\/\/biciplanet.net\/site\/wp-json\/wp\/v2\/media?parent=396"}],"wp:term":[{"taxonomy":"product_brand","embeddable":true,"href":"https:\/\/biciplanet.net\/site\/wp-json\/wp\/v2\/product_brand?post=396"},{"taxonomy":"product_cat","embeddable":true,"href":"https:\/\/biciplanet.net\/site\/wp-json\/wp\/v2\/product_cat?post=396"},{"taxonomy":"product_tag","embeddable":true,"href":"https:\/\/biciplanet.net\/site\/wp-json\/wp\/v2\/product_tag?post=396"}],"curies":[{"name":"wp","href":"https:\/\/api.w.org\/{rel}","templated":true}]}}