{"id":388,"date":"2016-10-21T11:47:02","date_gmt":"2016-10-21T14:47:02","guid":{"rendered":"http:\/\/biciplanet.net\/site\/?post_type=product&#038;p=388"},"modified":"2018-05-26T10:15:45","modified_gmt":"2018-05-26T13:15:45","slug":"reloj-polar-ft2","status":"publish","type":"product","link":"https:\/\/biciplanet.net\/site\/producto\/reloj-polar-ft2\/","title":{"rendered":"Reloj POLAR FT2"},"content":{"rendered":"<div class=\"columns small-12 medium-8 large-8 content features no-height-mobile\">\n<div class=\"row\">\n<div class=\"columns small-12 medium-12 large-6\">\n<div class=\"item 1\">\n<p>Pantalla grande de f\u00e1cil lectura<br \/>\nC\u00e1lculo autom\u00e1tico de las zonas de frecuencia card\u00edaca<br \/>\nMuestra un resumen de tus \u00faltimos entrenamientos<br \/>\n\u00danico bot\u00f3n multifuncional<br \/>\nTransmision codificada de frecuencia card\u00edaca.<br \/>\nAdecuado para nadar.<\/p>\n<p>Ver m\u00e1s funciones: https:\/\/www.polar.com\/ar-es\/productos\/activate\/fitness_crosstraining\/FT2<\/p>\n<\/div>\n<\/div>\n<\/div>\n<\/div>\n","protected":false},"excerpt":{"rendered":"<p>Pantalla grande de f\u00e1cil lectura C\u00e1lculo autom\u00e1tico de las zonas de frecuencia card\u00edaca Muestra un resumen de tus \u00faltimos entrenamientos \u00danico bot\u00f3n multifuncional Transmision codificada de frecuencia card\u00edaca. Adecuado para nadar. Ver m\u00e1s funciones: https:\/\/www.polar.com\/ar-es\/productos\/activate\/fitness_crosstraining\/FT2<\/p>\n","protected":false},"featured_media":390,"comment_status":"closed","ping_status":"closed","template":"","meta":[],"product_brand":[],"product_cat":[46],"product_tag":[],"class_list":{"0":"post-388","1":"product","2":"type-product","3":"status-publish","4":"has-post-thumbnail","6":"product_cat-relojes","8":"first","9":"instock","10":"shipping-taxable","11":"product-type-simple"},"_links":{"self":[{"href":"https:\/\/biciplanet.net\/site\/wp-json\/wp\/v2\/product\/388","targetHints":{"allow":["GET"]}}],"collection":[{"href":"https:\/\/biciplanet.net\/site\/wp-json\/wp\/v2\/product"}],"about":[{"href":"https:\/\/biciplanet.net\/site\/wp-json\/wp\/v2\/types\/product"}],"replies":[{"embeddable":true,"href":"https:\/\/biciplanet.net\/site\/wp-json\/wp\/v2\/comments?post=388"}],"wp:featuredmedia":[{"embeddable":true,"href":"https:\/\/biciplanet.net\/site\/wp-json\/wp\/v2\/media\/390"}],"wp:attachment":[{"href":"https:\/\/biciplanet.net\/site\/wp-json\/wp\/v2\/media?parent=388"}],"wp:term":[{"taxonomy":"product_brand","embeddable":true,"href":"https:\/\/biciplanet.net\/site\/wp-json\/wp\/v2\/product_brand?post=388"},{"taxonomy":"product_cat","embeddable":true,"href":"https:\/\/biciplanet.net\/site\/wp-json\/wp\/v2\/product_cat?post=388"},{"taxonomy":"product_tag","embeddable":true,"href":"https:\/\/biciplanet.net\/site\/wp-json\/wp\/v2\/product_tag?post=388"}],"curies":[{"name":"wp","href":"https:\/\/api.w.org\/{rel}","templated":true}]}}