{"id":375,"date":"2016-09-22T16:40:52","date_gmt":"2016-09-22T19:40:52","guid":{"rendered":"http:\/\/biciplanet.net\/site\/?post_type=product&#038;p=375"},"modified":"2016-09-22T19:04:19","modified_gmt":"2016-09-22T22:04:19","slug":"grips-esi-fit-xc","status":"publish","type":"product","link":"https:\/\/biciplanet.net\/site\/producto\/grips-esi-fit-xc\/","title":{"rendered":"Grips ESI Fit XC"},"content":{"rendered":"<p>Pu\u00f1o de Silicona.<br \/>\nDise\u00f1ados para una posici\u00f3n de la mano completamente natural. Nuestro nuevo dise\u00f1o equilibra la presi\u00f3n que ejercen sus manos en la empu\u00f1adura aumentando el control sobre el manubrio.<\/p>\n<p>Los pu\u00f1os tienen tres zonas diferenciadas :<br \/>\nINTERIOR &#8211; Esta \u00e1rea es perfecta para el paso de \u00a0las manos entre descansar y el m\u00e1ximo control en los giros.<br \/>\nMEDIO &#8211; Esta zona es perfecta mientras se trepa en subida.<br \/>\nEXTERIOR &#8211; Esta zona es m\u00e1s gruesa para una mejor comodidad de la mano , especialmente durante el descenso.<\/p>\n","protected":false},"excerpt":{"rendered":"<p>Pu\u00f1o de Silicona. Dise\u00f1ados para una posici\u00f3n de la mano completamente natural. Nuestro nuevo dise\u00f1o equilibra la presi\u00f3n que ejercen sus manos en la empu\u00f1adura aumentando el control sobre el manubrio. Los pu\u00f1os tienen tres zonas diferenciadas : INTERIOR &#8211; Esta \u00e1rea es perfecta para el paso de \u00a0las manos entre descansar y el m\u00e1ximo [&hellip;]\n","protected":false},"featured_media":376,"comment_status":"closed","ping_status":"closed","template":"","meta":[],"product_brand":[],"product_cat":[45],"product_tag":[],"class_list":{"0":"post-375","1":"product","2":"type-product","3":"status-publish","4":"has-post-thumbnail","6":"product_cat-punos-cinta-manubrio","8":"first","9":"instock","10":"shipping-taxable","11":"product-type-simple"},"_links":{"self":[{"href":"https:\/\/biciplanet.net\/site\/wp-json\/wp\/v2\/product\/375","targetHints":{"allow":["GET"]}}],"collection":[{"href":"https:\/\/biciplanet.net\/site\/wp-json\/wp\/v2\/product"}],"about":[{"href":"https:\/\/biciplanet.net\/site\/wp-json\/wp\/v2\/types\/product"}],"replies":[{"embeddable":true,"href":"https:\/\/biciplanet.net\/site\/wp-json\/wp\/v2\/comments?post=375"}],"wp:featuredmedia":[{"embeddable":true,"href":"https:\/\/biciplanet.net\/site\/wp-json\/wp\/v2\/media\/376"}],"wp:attachment":[{"href":"https:\/\/biciplanet.net\/site\/wp-json\/wp\/v2\/media?parent=375"}],"wp:term":[{"taxonomy":"product_brand","embeddable":true,"href":"https:\/\/biciplanet.net\/site\/wp-json\/wp\/v2\/product_brand?post=375"},{"taxonomy":"product_cat","embeddable":true,"href":"https:\/\/biciplanet.net\/site\/wp-json\/wp\/v2\/product_cat?post=375"},{"taxonomy":"product_tag","embeddable":true,"href":"https:\/\/biciplanet.net\/site\/wp-json\/wp\/v2\/product_tag?post=375"}],"curies":[{"name":"wp","href":"https:\/\/api.w.org\/{rel}","templated":true}]}}