{"id":358,"date":"2016-07-12T15:53:16","date_gmt":"2016-07-12T18:53:16","guid":{"rendered":"http:\/\/biciplanet.net\/site\/?post_type=product&#038;p=358"},"modified":"2016-07-12T15:53:16","modified_gmt":"2016-07-12T18:53:16","slug":"horquilla-rockshox-xc28-tk-mg-29","status":"publish","type":"product","link":"https:\/\/biciplanet.net\/site\/producto\/horquilla-rockshox-xc28-tk-mg-29\/","title":{"rendered":"Horquilla ROCKSHOX XC28 TK MG 29&#8243;"},"content":{"rendered":"<p>La\u00a0<strong>horquilla ROCKSHOX XC28 TK MG 29&#8243;\u00a0<\/strong>es un modelo de entrada de gama con unas prestaciones muy interesantes, facilidad de uso y gran fiabilidad.<\/p>\n<p>El sistema de amortiguaci\u00f3n se basa en un resorte helicoidal, con precarga ajustable para definir la dureza, y tambi\u00e9n se puede bloquear para las zonas m\u00e1s r\u00e1pidas.<\/p>\n<p>El sistema Tunkey tambi\u00e9n es muy pr\u00e1ctico: si te olvidas de bloquear la horquilla o el terreno te toma por sorpresa, la horquilla absorbe el golpe si es lo suficientemente fuerte.<\/p>\n","protected":false},"excerpt":{"rendered":"<p>La\u00a0horquilla ROCKSHOX XC28 TK MG 29&#8243;\u00a0es un modelo de entrada de gama con unas prestaciones muy interesantes, facilidad de uso y gran fiabilidad. El sistema de amortiguaci\u00f3n se basa en un resorte helicoidal, con precarga ajustable para definir la dureza, y tambi\u00e9n se puede bloquear para las zonas m\u00e1s r\u00e1pidas. El sistema Tunkey tambi\u00e9n es [&hellip;]\n","protected":false},"featured_media":359,"comment_status":"closed","ping_status":"closed","template":"","meta":[],"product_brand":[],"product_cat":[32],"product_tag":[],"class_list":{"0":"post-358","1":"product","2":"type-product","3":"status-publish","4":"has-post-thumbnail","6":"product_cat-horquillas","8":"first","9":"instock","10":"shipping-taxable","11":"product-type-simple"},"_links":{"self":[{"href":"https:\/\/biciplanet.net\/site\/wp-json\/wp\/v2\/product\/358","targetHints":{"allow":["GET"]}}],"collection":[{"href":"https:\/\/biciplanet.net\/site\/wp-json\/wp\/v2\/product"}],"about":[{"href":"https:\/\/biciplanet.net\/site\/wp-json\/wp\/v2\/types\/product"}],"replies":[{"embeddable":true,"href":"https:\/\/biciplanet.net\/site\/wp-json\/wp\/v2\/comments?post=358"}],"wp:featuredmedia":[{"embeddable":true,"href":"https:\/\/biciplanet.net\/site\/wp-json\/wp\/v2\/media\/359"}],"wp:attachment":[{"href":"https:\/\/biciplanet.net\/site\/wp-json\/wp\/v2\/media?parent=358"}],"wp:term":[{"taxonomy":"product_brand","embeddable":true,"href":"https:\/\/biciplanet.net\/site\/wp-json\/wp\/v2\/product_brand?post=358"},{"taxonomy":"product_cat","embeddable":true,"href":"https:\/\/biciplanet.net\/site\/wp-json\/wp\/v2\/product_cat?post=358"},{"taxonomy":"product_tag","embeddable":true,"href":"https:\/\/biciplanet.net\/site\/wp-json\/wp\/v2\/product_tag?post=358"}],"curies":[{"name":"wp","href":"https:\/\/api.w.org\/{rel}","templated":true}]}}