{"id":350,"date":"2016-07-01T16:18:13","date_gmt":"2016-07-01T19:18:13","guid":{"rendered":"http:\/\/biciplanet.net\/site\/?post_type=product&#038;p=350"},"modified":"2016-07-01T16:20:41","modified_gmt":"2016-07-01T19:20:41","slug":"zapatillas-mavic-tempo-12","status":"publish","type":"product","link":"https:\/\/biciplanet.net\/site\/producto\/zapatillas-mavic-tempo-12\/","title":{"rendered":"Zapatillas MAVIC Tempo 12"},"content":{"rendered":"<p>Combinaci\u00f3n t\u00e9cnica de competici\u00f3n de rendimiento de competici\u00f3n, comodidad durante todo el d\u00eda y solidez para la pista r\u00e1pida. Suela de compuesto de carbono Energy Grip que proporciona una mayor rigidez para una mayor transferencia de energ\u00eda.<\/p>\n<p>Caracter\u00edsticas:<\/p>\n<ul>\n<li>Contagrip\u00ae<\/li>\n<li>Suela de compuesto de carbono Energy Grip.<\/li>\n<li>Energy Lock.<\/li>\n<li>Energy Lock.<\/li>\n<li>Ajuste ergon\u00f3mico Ergo Fit 2D.<\/li>\n<li>Trinquete Ergo Lite.<\/li>\n<li>Cinta Ergo Strap Costo.<\/li>\n<li>Leng\u00fceta Clima Vent Tongue con inserci\u00f3n Ergo.<\/li>\n<li>Soporte de trinquete de 2 posiciones de perfil bajo.<\/li>\n<li>Tiras reflectantes.<\/li>\n<\/ul>\n<p class=\"from-description-field\">Compra las <b>zapatillas de ciclismo de monta\u00f1a Mavic Tempo<\/b> en Chain Reaction Cycles, la tienda online de ciclismo m\u00e1s grande del mundo.<\/p>\n","protected":false},"excerpt":{"rendered":"<p>Combinaci\u00f3n t\u00e9cnica de competici\u00f3n de rendimiento de competici\u00f3n, comodidad durante todo el d\u00eda y solidez para la pista r\u00e1pida. Suela de compuesto de carbono Energy Grip que proporciona una mayor rigidez para una mayor transferencia de energ\u00eda. Caracter\u00edsticas: Contagrip\u00ae Suela de compuesto de carbono Energy Grip. Energy Lock. Energy Lock. Ajuste ergon\u00f3mico Ergo Fit 2D. [&hellip;]\n","protected":false},"featured_media":351,"comment_status":"closed","ping_status":"closed","template":"","meta":[],"product_brand":[],"product_cat":[50],"product_tag":[],"class_list":{"0":"post-350","1":"product","2":"type-product","3":"status-publish","4":"has-post-thumbnail","6":"product_cat-zapatillas","8":"first","9":"instock","10":"shipping-taxable","11":"product-type-simple"},"_links":{"self":[{"href":"https:\/\/biciplanet.net\/site\/wp-json\/wp\/v2\/product\/350","targetHints":{"allow":["GET"]}}],"collection":[{"href":"https:\/\/biciplanet.net\/site\/wp-json\/wp\/v2\/product"}],"about":[{"href":"https:\/\/biciplanet.net\/site\/wp-json\/wp\/v2\/types\/product"}],"replies":[{"embeddable":true,"href":"https:\/\/biciplanet.net\/site\/wp-json\/wp\/v2\/comments?post=350"}],"wp:featuredmedia":[{"embeddable":true,"href":"https:\/\/biciplanet.net\/site\/wp-json\/wp\/v2\/media\/351"}],"wp:attachment":[{"href":"https:\/\/biciplanet.net\/site\/wp-json\/wp\/v2\/media?parent=350"}],"wp:term":[{"taxonomy":"product_brand","embeddable":true,"href":"https:\/\/biciplanet.net\/site\/wp-json\/wp\/v2\/product_brand?post=350"},{"taxonomy":"product_cat","embeddable":true,"href":"https:\/\/biciplanet.net\/site\/wp-json\/wp\/v2\/product_cat?post=350"},{"taxonomy":"product_tag","embeddable":true,"href":"https:\/\/biciplanet.net\/site\/wp-json\/wp\/v2\/product_tag?post=350"}],"curies":[{"name":"wp","href":"https:\/\/api.w.org\/{rel}","templated":true}]}}