{"id":346,"date":"2016-06-28T10:39:05","date_gmt":"2016-06-28T13:39:05","guid":{"rendered":"http:\/\/biciplanet.net\/site\/?post_type=product&#038;p=346"},"modified":"2018-05-26T10:21:10","modified_gmt":"2018-05-26T13:21:10","slug":"reloj-cateye-q3a-con-sensores-de-velocidad-cadencia-y-ritmo-cardiaco","status":"publish","type":"product","link":"https:\/\/biciplanet.net\/site\/producto\/reloj-cateye-q3a-con-sensores-de-velocidad-cadencia-y-ritmo-cardiaco\/","title":{"rendered":"Reloj CATEYE Q3a con sensores de velocidad, cadencia y ritmo card\u00edaco"},"content":{"rendered":"<ul>\n<li>Velocidad actual, media y m\u00e1xima<\/li>\n<li>Distancia<\/li>\n<li>Distancia total<\/li>\n<li>Hora y fecha<\/li>\n<li>Altitud al nivel del mar<\/li>\n<li>Altitud ascendida<\/li>\n<li>Inclinaci\u00f3n<\/li>\n<li>Temperatura<\/li>\n<li>Cadencia actual, media y m\u00e1xima<\/li>\n<li>Ritmo card\u00edaco actual, media y m\u00e1xima<\/li>\n<li>Zona card\u00edaca<\/li>\n<li>Cuenta vueltas<\/li>\n<li>Consumo de calor\u00edas<\/li>\n<li>Archivo de datos<\/li>\n<li>Od\u00f3metro manual<\/li>\n<li>Doble di\u00e1metro de rueda<\/li>\n<li>Sumengible 30 mts<\/li>\n<li>Bike mount incluido<\/li>\n<li>Transmisi\u00f3n codificada<\/li>\n<li>Transmisible a PC (no incluido)<\/li>\n<\/ul>\n","protected":false},"excerpt":{"rendered":"<p>Velocidad actual, media y m\u00e1xima Distancia Distancia total Hora y fecha Altitud al nivel del mar Altitud ascendida Inclinaci\u00f3n Temperatura Cadencia actual, media y m\u00e1xima Ritmo card\u00edaco actual, media y m\u00e1xima Zona card\u00edaca Cuenta vueltas Consumo de calor\u00edas Archivo de datos Od\u00f3metro manual Doble di\u00e1metro de rueda Sumengible 30 mts Bike mount incluido Transmisi\u00f3n codificada [&hellip;]\n","protected":false},"featured_media":347,"comment_status":"closed","ping_status":"closed","template":"","meta":[],"product_brand":[],"product_cat":[26,46],"product_tag":[],"class_list":{"0":"post-346","1":"product","2":"type-product","3":"status-publish","4":"has-post-thumbnail","6":"product_cat-computadoras-pulsometro","7":"product_cat-relojes","9":"first","10":"instock","11":"shipping-taxable","12":"product-type-simple"},"_links":{"self":[{"href":"https:\/\/biciplanet.net\/site\/wp-json\/wp\/v2\/product\/346","targetHints":{"allow":["GET"]}}],"collection":[{"href":"https:\/\/biciplanet.net\/site\/wp-json\/wp\/v2\/product"}],"about":[{"href":"https:\/\/biciplanet.net\/site\/wp-json\/wp\/v2\/types\/product"}],"replies":[{"embeddable":true,"href":"https:\/\/biciplanet.net\/site\/wp-json\/wp\/v2\/comments?post=346"}],"wp:featuredmedia":[{"embeddable":true,"href":"https:\/\/biciplanet.net\/site\/wp-json\/wp\/v2\/media\/347"}],"wp:attachment":[{"href":"https:\/\/biciplanet.net\/site\/wp-json\/wp\/v2\/media?parent=346"}],"wp:term":[{"taxonomy":"product_brand","embeddable":true,"href":"https:\/\/biciplanet.net\/site\/wp-json\/wp\/v2\/product_brand?post=346"},{"taxonomy":"product_cat","embeddable":true,"href":"https:\/\/biciplanet.net\/site\/wp-json\/wp\/v2\/product_cat?post=346"},{"taxonomy":"product_tag","embeddable":true,"href":"https:\/\/biciplanet.net\/site\/wp-json\/wp\/v2\/product_tag?post=346"}],"curies":[{"name":"wp","href":"https:\/\/api.w.org\/{rel}","templated":true}]}}