{"id":213,"date":"2015-09-24T12:25:58","date_gmt":"2015-09-24T15:25:58","guid":{"rendered":"http:\/\/biciplanet.com.ar\/site\/?post_type=product&#038;p=213"},"modified":"2018-05-14T11:37:39","modified_gmt":"2018-05-14T14:37:39","slug":"baliza-cateye-recargable-usb-tl-ld611","status":"publish","type":"product","link":"https:\/\/biciplanet.net\/site\/producto\/baliza-cateye-recargable-usb-tl-ld611\/","title":{"rendered":"Baliza CATEYE Recargable USB TL-LD611"},"content":{"rendered":"<p>Los faros delantero y trasero Rapid 1 de CatEye son luces de seguridad recargables a trav\u00e9s de USB que incluyen un LED SMD de alta potencia con la tecnolog\u00eda OptiCube y un patr\u00f3n de flash acelerado exclusivo que capta r\u00e1pidamente la atenci\u00f3n de los motoristas.<\/p>\n<p>&nbsp;<\/p>\n<p>El cargador USB incluido recarga r\u00e1pidamente la bater\u00eda de ion-litio y el indicador de bater\u00eda baja le avisa en el momento en el que la carga empieza a escasear. Dispone de 4 modos mediante los que puede elegir diferentes opciones de visibilidad que proporcionan seguridad durante la noche y el d\u00eda.<\/p>\n<p><a>\u00a0<\/a><\/p>\n<p>Tanto el faro Rapid 1 blanco delantero como el faro Rapid 1 rojo trasero incluyen el soporte SP-12 FlexTight&#x2122; de bajo perfil. Es compatible con el soporte para la varilla de sill\u00edn RM-1 y la pinza para la ropa, que se venden por separado.<\/p>\n","protected":false},"excerpt":{"rendered":"<p>Los faros delantero y trasero Rapid 1 de CatEye son luces de seguridad recargables a trav\u00e9s de USB que incluyen un LED SMD de alta potencia con la tecnolog\u00eda OptiCube y un patr\u00f3n de flash acelerado exclusivo que capta r\u00e1pidamente la atenci\u00f3n de los motoristas. &nbsp; El cargador USB incluido recarga r\u00e1pidamente la bater\u00eda de [&hellip;]\n","protected":false},"featured_media":214,"comment_status":"closed","ping_status":"closed","template":"","meta":[],"product_brand":[],"product_cat":[14],"product_tag":[],"class_list":{"0":"post-213","1":"product","2":"type-product","3":"status-publish","4":"has-post-thumbnail","6":"product_cat-balizas-luces","8":"first","9":"instock","10":"shipping-taxable","11":"product-type-simple"},"_links":{"self":[{"href":"https:\/\/biciplanet.net\/site\/wp-json\/wp\/v2\/product\/213","targetHints":{"allow":["GET"]}}],"collection":[{"href":"https:\/\/biciplanet.net\/site\/wp-json\/wp\/v2\/product"}],"about":[{"href":"https:\/\/biciplanet.net\/site\/wp-json\/wp\/v2\/types\/product"}],"replies":[{"embeddable":true,"href":"https:\/\/biciplanet.net\/site\/wp-json\/wp\/v2\/comments?post=213"}],"wp:featuredmedia":[{"embeddable":true,"href":"https:\/\/biciplanet.net\/site\/wp-json\/wp\/v2\/media\/214"}],"wp:attachment":[{"href":"https:\/\/biciplanet.net\/site\/wp-json\/wp\/v2\/media?parent=213"}],"wp:term":[{"taxonomy":"product_brand","embeddable":true,"href":"https:\/\/biciplanet.net\/site\/wp-json\/wp\/v2\/product_brand?post=213"},{"taxonomy":"product_cat","embeddable":true,"href":"https:\/\/biciplanet.net\/site\/wp-json\/wp\/v2\/product_cat?post=213"},{"taxonomy":"product_tag","embeddable":true,"href":"https:\/\/biciplanet.net\/site\/wp-json\/wp\/v2\/product_tag?post=213"}],"curies":[{"name":"wp","href":"https:\/\/api.w.org\/{rel}","templated":true}]}}