{"id":209,"date":"2015-09-24T11:58:27","date_gmt":"2015-09-24T14:58:27","guid":{"rendered":"http:\/\/biciplanet.com.ar\/site\/?post_type=product&#038;p=209"},"modified":"2023-05-30T11:40:58","modified_gmt":"2023-05-30T14:40:58","slug":"farol-cateye-hl-el530-opti-cube","status":"publish","type":"product","link":"https:\/\/biciplanet.net\/site\/producto\/farol-cateye-hl-el530-opti-cube\/","title":{"rendered":"Farol CATEYE HL-EL530 OPTI CUBE"},"content":{"rendered":"<p>El nuevo HL-EL530 ha establecido est\u00e1ndares de brillo, produciendo m\u00e1s de 2200 candelas desde un \u00fanico LED blanco. Esto es posible debido a la tecnolog\u00eda Opticube exclusiva de Cateye.<\/p>\n<p>&nbsp;<\/p>\n<p>El HL-EL530 ofrece hasta 90 horas de funcionamiento con 4 pilas AA. Cuenta con un soporte magn\u00e9tico innovador, visibilidad lateral, un soporte FlexTight&#x2122; y es muy resistente al agua.<\/p>\n<p>&nbsp;<\/p>\n","protected":false},"excerpt":{"rendered":"<p>El nuevo HL-EL530 ha establecido est\u00e1ndares de brillo, produciendo m\u00e1s de 2200 candelas desde un \u00fanico LED blanco. Esto es posible debido a la tecnolog\u00eda Opticube exclusiva de Cateye. &nbsp; El HL-EL530 ofrece hasta 90 horas de funcionamiento con 4 pilas AA. Cuenta con un soporte magn\u00e9tico innovador, visibilidad lateral, un soporte FlexTight&#x2122; y es [&hellip;]\n","protected":false},"featured_media":210,"comment_status":"closed","ping_status":"closed","template":"","meta":[],"product_brand":[],"product_cat":[14],"product_tag":[],"class_list":{"0":"post-209","1":"product","2":"type-product","3":"status-publish","4":"has-post-thumbnail","6":"product_cat-balizas-luces","8":"first","9":"outofstock","10":"shipping-taxable","11":"product-type-simple"},"_links":{"self":[{"href":"https:\/\/biciplanet.net\/site\/wp-json\/wp\/v2\/product\/209","targetHints":{"allow":["GET"]}}],"collection":[{"href":"https:\/\/biciplanet.net\/site\/wp-json\/wp\/v2\/product"}],"about":[{"href":"https:\/\/biciplanet.net\/site\/wp-json\/wp\/v2\/types\/product"}],"replies":[{"embeddable":true,"href":"https:\/\/biciplanet.net\/site\/wp-json\/wp\/v2\/comments?post=209"}],"wp:featuredmedia":[{"embeddable":true,"href":"https:\/\/biciplanet.net\/site\/wp-json\/wp\/v2\/media\/210"}],"wp:attachment":[{"href":"https:\/\/biciplanet.net\/site\/wp-json\/wp\/v2\/media?parent=209"}],"wp:term":[{"taxonomy":"product_brand","embeddable":true,"href":"https:\/\/biciplanet.net\/site\/wp-json\/wp\/v2\/product_brand?post=209"},{"taxonomy":"product_cat","embeddable":true,"href":"https:\/\/biciplanet.net\/site\/wp-json\/wp\/v2\/product_cat?post=209"},{"taxonomy":"product_tag","embeddable":true,"href":"https:\/\/biciplanet.net\/site\/wp-json\/wp\/v2\/product_tag?post=209"}],"curies":[{"name":"wp","href":"https:\/\/api.w.org\/{rel}","templated":true}]}}