{"id":206,"date":"2015-09-24T11:34:27","date_gmt":"2015-09-24T14:34:27","guid":{"rendered":"http:\/\/biciplanet.com.ar\/site\/?post_type=product&#038;p=206"},"modified":"2023-05-30T11:41:18","modified_gmt":"2023-05-30T14:41:18","slug":"farol-cateye-hl-620rc-nano-shot-negra","status":"publish","type":"product","link":"https:\/\/biciplanet.net\/site\/producto\/farol-cateye-hl-620rc-nano-shot-negra\/","title":{"rendered":"Farol CATEYE HL-620RC NANO SHOT NEGRA"},"content":{"rendered":"<p>Tama\u00f1o reducido, salida masiva. El producto Nano Shot HL-EL620RC de CatEye es un faro superligero (80g)\u00a0y compacto recargable a trav\u00e9s de USB que cuenta con la tecnolog\u00eda OptiCube que genera un amplio y potente haz luminoso.<\/p>\n<p>&nbsp;<\/p>\n<p>La bater\u00eda de ion-litio y el cable USB incluido recargan el faro Nano en 3.5 horas. Adem\u00e1s, su indicador de bater\u00eda baja le avisa en el momento en el que la carga de dicha bater\u00eda empieza a reducirse. El modo de memoria recordar\u00e1 el \u00faltimo modo de iluminaci\u00f3n utilizado, ya sea el de iluminaci\u00f3n alta, baja o de flash. Tiene una autonom\u00eda de hasta 12 horas que proporciona seguridad total durante la noche y un soporte para casco opcional que ofrece opciones de seguridad adicionales.<\/p>\n","protected":false},"excerpt":{"rendered":"<p>Tama\u00f1o reducido, salida masiva. El producto Nano Shot HL-EL620RC de CatEye es un faro superligero (80g)\u00a0y compacto recargable a trav\u00e9s de USB que cuenta con la tecnolog\u00eda OptiCube que genera un amplio y potente haz luminoso. &nbsp; La bater\u00eda de ion-litio y el cable USB incluido recargan el faro Nano en 3.5 horas. Adem\u00e1s, su [&hellip;]\n","protected":false},"featured_media":208,"comment_status":"closed","ping_status":"closed","template":"","meta":[],"product_brand":[],"product_cat":[14],"product_tag":[],"class_list":{"0":"post-206","1":"product","2":"type-product","3":"status-publish","4":"has-post-thumbnail","6":"product_cat-balizas-luces","8":"first","9":"outofstock","10":"shipping-taxable","11":"product-type-simple"},"_links":{"self":[{"href":"https:\/\/biciplanet.net\/site\/wp-json\/wp\/v2\/product\/206","targetHints":{"allow":["GET"]}}],"collection":[{"href":"https:\/\/biciplanet.net\/site\/wp-json\/wp\/v2\/product"}],"about":[{"href":"https:\/\/biciplanet.net\/site\/wp-json\/wp\/v2\/types\/product"}],"replies":[{"embeddable":true,"href":"https:\/\/biciplanet.net\/site\/wp-json\/wp\/v2\/comments?post=206"}],"wp:featuredmedia":[{"embeddable":true,"href":"https:\/\/biciplanet.net\/site\/wp-json\/wp\/v2\/media\/208"}],"wp:attachment":[{"href":"https:\/\/biciplanet.net\/site\/wp-json\/wp\/v2\/media?parent=206"}],"wp:term":[{"taxonomy":"product_brand","embeddable":true,"href":"https:\/\/biciplanet.net\/site\/wp-json\/wp\/v2\/product_brand?post=206"},{"taxonomy":"product_cat","embeddable":true,"href":"https:\/\/biciplanet.net\/site\/wp-json\/wp\/v2\/product_cat?post=206"},{"taxonomy":"product_tag","embeddable":true,"href":"https:\/\/biciplanet.net\/site\/wp-json\/wp\/v2\/product_tag?post=206"}],"curies":[{"name":"wp","href":"https:\/\/api.w.org\/{rel}","templated":true}]}}