{"id":176,"date":"2015-09-22T09:41:32","date_gmt":"2015-09-22T12:41:32","guid":{"rendered":"http:\/\/biciplanet.com.ar\/site\/?post_type=product&#038;p=176"},"modified":"2023-06-16T12:24:58","modified_gmt":"2023-06-16T15:24:58","slug":"computadora-cateye-strada-cc-rd430-cadencia-monitor-cardiaco-e-inalambrica","status":"publish","type":"product","link":"https:\/\/biciplanet.net\/site\/producto\/computadora-cateye-strada-cc-rd430-cadencia-monitor-cardiaco-e-inalambrica\/","title":{"rendered":"Computadora Cateye Strada CC-Rd430 Cadencia, Monitor Cardiaco e Inal\u00e1mbrica"},"content":{"rendered":"<p>El Strada inal\u00e1mbrico digital combina todas las funciones del popular Strada inal\u00e1mbrico adem\u00e1s de ritmo cardiaco digital y medida de cadencia.<\/p>\n<div>\n<p>Utilizando lo \u00faltimo en velocidad digital inal\u00e1mbrica de 2.4 GHz, sensores de ritmo cardiaco y cadencia (ISC-10 y HR-10), el Strada Digital inal\u00e1mbrico RD430DW est\u00e1 libre de interferencias y tiene funci\u00f3n autom\u00e1tica de reconocimiento, para rastrear todas sus salidas en bici independientemente de la bici que utilice.<\/p>\n<p>El nuevo sensor de tela desmontable se ha dise\u00f1ado para mayor comodidad que las tradicionales correas de pecho.<\/p>\n<p>Junto a las tradicionales funciones, el Strada inal\u00e1mbrico digital tiene una alarma de bater\u00eda baja, tanto para la computadora como para el sensor.<\/p>\n<p>Este cuentakil\u00f3metros es compatible con el\u00a0<a href=\"http:\/\/www.cateye.com\/sp\/news\/detail\/215\/\">soporte central de Cateye<\/a>.<\/p>\n<\/div>\n","protected":false},"excerpt":{"rendered":"<p>El Strada inal\u00e1mbrico digital combina todas las funciones del popular Strada inal\u00e1mbrico adem\u00e1s de ritmo cardiaco digital y medida de cadencia. Utilizando lo \u00faltimo en velocidad digital inal\u00e1mbrica de 2.4 GHz, sensores de ritmo cardiaco y cadencia (ISC-10 y HR-10), el Strada Digital inal\u00e1mbrico RD430DW est\u00e1 libre de interferencias y tiene funci\u00f3n autom\u00e1tica de reconocimiento, [&hellip;]\n","protected":false},"featured_media":60,"comment_status":"closed","ping_status":"closed","template":"","meta":[],"product_brand":[],"product_cat":[26],"product_tag":[],"class_list":{"0":"post-176","1":"product","2":"type-product","3":"status-publish","4":"has-post-thumbnail","6":"product_cat-computadoras-pulsometro","8":"first","9":"instock","10":"shipping-taxable","11":"product-type-simple"},"_links":{"self":[{"href":"https:\/\/biciplanet.net\/site\/wp-json\/wp\/v2\/product\/176","targetHints":{"allow":["GET"]}}],"collection":[{"href":"https:\/\/biciplanet.net\/site\/wp-json\/wp\/v2\/product"}],"about":[{"href":"https:\/\/biciplanet.net\/site\/wp-json\/wp\/v2\/types\/product"}],"replies":[{"embeddable":true,"href":"https:\/\/biciplanet.net\/site\/wp-json\/wp\/v2\/comments?post=176"}],"wp:featuredmedia":[{"embeddable":true,"href":"https:\/\/biciplanet.net\/site\/wp-json\/wp\/v2\/media\/60"}],"wp:attachment":[{"href":"https:\/\/biciplanet.net\/site\/wp-json\/wp\/v2\/media?parent=176"}],"wp:term":[{"taxonomy":"product_brand","embeddable":true,"href":"https:\/\/biciplanet.net\/site\/wp-json\/wp\/v2\/product_brand?post=176"},{"taxonomy":"product_cat","embeddable":true,"href":"https:\/\/biciplanet.net\/site\/wp-json\/wp\/v2\/product_cat?post=176"},{"taxonomy":"product_tag","embeddable":true,"href":"https:\/\/biciplanet.net\/site\/wp-json\/wp\/v2\/product_tag?post=176"}],"curies":[{"name":"wp","href":"https:\/\/api.w.org\/{rel}","templated":true}]}}