{"id":159,"date":"2015-08-06T00:22:14","date_gmt":"2015-08-06T03:22:14","guid":{"rendered":"http:\/\/biciplanet.com.ar\/site\/?post_type=product&#038;p=159"},"modified":"2023-05-27T12:00:30","modified_gmt":"2023-05-27T15:00:30","slug":"mochila-camelbak-m-u-l-e-3l","status":"publish","type":"product","link":"https:\/\/biciplanet.net\/site\/producto\/mochila-camelbak-m-u-l-e-3l\/","title":{"rendered":"Mochila Camelbak M.U.L.E 3L"},"content":{"rendered":"<pre class=\"tw-data-text vk_txt tw-ta tw-text-small\" dir=\"ltr\" data-placeholder=\"Traducci\u00f3n\" data-fulltext=\"\"><span lang=\"es\">Mochila hidrataci\u00f3n Camelbak Mule con 3 litros de capacidad de hidrataci\u00f3n y capacidad total de 14 litros\r\nEl ic\u00f3nico Mule es el equilibrio perfecto entre la carga y la hidrataci\u00f3n en un dise\u00f1o rico en funciones . El Mule tiene un perfil estrecho que mantiene la luz y maniobrable , por lo que incluso cuando est\u00e1 completamente cargado para un d\u00eda de ciclismo de monta\u00f1a , no va a ponerse en su camino . La \u00faltima versi\u00f3n cuenta con una trampa de tubo magn\u00e9tico que encaje f\u00e1cilmente en su lugar , por lo que puede hidratar y sin apartar la vista de la pista.\r\n<\/span><\/pre>\n<pre id=\"tw-target-text\" class=\"tw-data-text vk_txt tw-ta tw-text-small\" dir=\"ltr\" data-placeholder=\"Traducci\u00f3n\" data-fulltext=\"\"><span lang=\"es\">Capacidad total : 549 pulgadas c\u00fabicas \/ dep\u00f3sito 9L + 3L\r\nPack- S\u00f3lo Peso : 1 libra 5 oz \/ 0,61 kg\r\nTorso Largo: 16.5 in \/ 42 cm<\/span><\/pre>\n<pre id=\"tw-target-text\" class=\"tw-data-text vk_txt tw-ta tw-text-small\" dir=\"ltr\" data-placeholder=\"Traducci\u00f3n\" data-fulltext=\"\"><\/pre>\n","protected":false},"excerpt":{"rendered":"<p>Mochila hidrataci\u00f3n Camelbak Mule con 3 litros de capacidad de hidrataci\u00f3n y capacidad total de 14 litros El ic\u00f3nico Mule es el equilibrio perfecto entre la carga y la hidrataci\u00f3n en un dise\u00f1o rico en funciones . El Mule tiene un perfil estrecho que mantiene la luz y maniobrable , por lo que incluso cuando [&hellip;]\n","protected":false},"featured_media":160,"comment_status":"closed","ping_status":"closed","template":"","meta":[],"product_brand":[],"product_cat":[10],"product_tag":[],"class_list":{"0":"post-159","1":"product","2":"type-product","3":"status-publish","4":"has-post-thumbnail","6":"product_cat-alforjas-bolsos-mochilas","8":"first","9":"outofstock","10":"shipping-taxable","11":"product-type-simple"},"_links":{"self":[{"href":"https:\/\/biciplanet.net\/site\/wp-json\/wp\/v2\/product\/159","targetHints":{"allow":["GET"]}}],"collection":[{"href":"https:\/\/biciplanet.net\/site\/wp-json\/wp\/v2\/product"}],"about":[{"href":"https:\/\/biciplanet.net\/site\/wp-json\/wp\/v2\/types\/product"}],"replies":[{"embeddable":true,"href":"https:\/\/biciplanet.net\/site\/wp-json\/wp\/v2\/comments?post=159"}],"wp:featuredmedia":[{"embeddable":true,"href":"https:\/\/biciplanet.net\/site\/wp-json\/wp\/v2\/media\/160"}],"wp:attachment":[{"href":"https:\/\/biciplanet.net\/site\/wp-json\/wp\/v2\/media?parent=159"}],"wp:term":[{"taxonomy":"product_brand","embeddable":true,"href":"https:\/\/biciplanet.net\/site\/wp-json\/wp\/v2\/product_brand?post=159"},{"taxonomy":"product_cat","embeddable":true,"href":"https:\/\/biciplanet.net\/site\/wp-json\/wp\/v2\/product_cat?post=159"},{"taxonomy":"product_tag","embeddable":true,"href":"https:\/\/biciplanet.net\/site\/wp-json\/wp\/v2\/product_tag?post=159"}],"curies":[{"name":"wp","href":"https:\/\/api.w.org\/{rel}","templated":true}]}}