{"id":157,"date":"2015-08-06T00:11:40","date_gmt":"2015-08-06T03:11:40","guid":{"rendered":"http:\/\/biciplanet.com.ar\/site\/?post_type=product&#038;p=157"},"modified":"2023-05-27T12:05:35","modified_gmt":"2023-05-27T15:05:35","slug":"mochila-camelbak-hydrobak-1-5-l","status":"publish","type":"product","link":"https:\/\/biciplanet.net\/site\/producto\/mochila-camelbak-hydrobak-1-5-l\/","title":{"rendered":"Mochila Camelbak HydroBak&#x2122; &#8211; 1.5 L."},"content":{"rendered":"<pre id=\"tw-target-text\" class=\"tw-data-text vk_txt tw-ta tw-text-small\" dir=\"ltr\" data-placeholder=\"Traducci\u00f3n\" data-fulltext=\"\"><span lang=\"es\">\r\nTiene un dep\u00f3sito 1.5L Antidote\u00ae en un perfil estrecho que maximiza su rango de movimiento . S\u00faper ligero, con un peque\u00f1o bolsillo delantero y banda reflectante para la ma\u00f1ana temprano y la seguridad por la noche.\r\nLos dep\u00f3sitos Camelbak son 100% BPA-Free, no contienen Bisfenol A en la composici\u00f3n.\r\nCapacidad hidrataci\u00f3n: 1.5 L\r\nPeso: 160 gr.\r\nDimensiones: 33 x 18 x 9 cm.\r\nLongitud torso: 33 cm.\r\n<\/span><\/pre>\n","protected":false},"excerpt":{"rendered":"<p>Tiene un dep\u00f3sito 1.5L Antidote\u00ae en un perfil estrecho que maximiza su rango de movimiento . S\u00faper ligero, con un peque\u00f1o bolsillo delantero y banda reflectante para la ma\u00f1ana temprano y la seguridad por la noche. Los dep\u00f3sitos Camelbak son 100% BPA-Free, no contienen Bisfenol A en la composici\u00f3n. Capacidad hidrataci\u00f3n: 1.5 L Peso: 160 [&hellip;]\n","protected":false},"featured_media":158,"comment_status":"closed","ping_status":"closed","template":"","meta":[],"product_brand":[],"product_cat":[10],"product_tag":[],"class_list":{"0":"post-157","1":"product","2":"type-product","3":"status-publish","4":"has-post-thumbnail","6":"product_cat-alforjas-bolsos-mochilas","8":"first","9":"outofstock","10":"shipping-taxable","11":"product-type-simple"},"_links":{"self":[{"href":"https:\/\/biciplanet.net\/site\/wp-json\/wp\/v2\/product\/157","targetHints":{"allow":["GET"]}}],"collection":[{"href":"https:\/\/biciplanet.net\/site\/wp-json\/wp\/v2\/product"}],"about":[{"href":"https:\/\/biciplanet.net\/site\/wp-json\/wp\/v2\/types\/product"}],"replies":[{"embeddable":true,"href":"https:\/\/biciplanet.net\/site\/wp-json\/wp\/v2\/comments?post=157"}],"wp:featuredmedia":[{"embeddable":true,"href":"https:\/\/biciplanet.net\/site\/wp-json\/wp\/v2\/media\/158"}],"wp:attachment":[{"href":"https:\/\/biciplanet.net\/site\/wp-json\/wp\/v2\/media?parent=157"}],"wp:term":[{"taxonomy":"product_brand","embeddable":true,"href":"https:\/\/biciplanet.net\/site\/wp-json\/wp\/v2\/product_brand?post=157"},{"taxonomy":"product_cat","embeddable":true,"href":"https:\/\/biciplanet.net\/site\/wp-json\/wp\/v2\/product_cat?post=157"},{"taxonomy":"product_tag","embeddable":true,"href":"https:\/\/biciplanet.net\/site\/wp-json\/wp\/v2\/product_tag?post=157"}],"curies":[{"name":"wp","href":"https:\/\/api.w.org\/{rel}","templated":true}]}}