{"id":146,"date":"2015-07-30T23:00:58","date_gmt":"2015-07-31T02:00:58","guid":{"rendered":"http:\/\/biciplanet.com.ar\/site\/?post_type=product&#038;p=146"},"modified":"2015-07-30T23:12:28","modified_gmt":"2015-07-31T02:12:28","slug":"karting-rafi","status":"publish","type":"product","link":"https:\/\/biciplanet.net\/site\/producto\/karting-rafi\/","title":{"rendered":"Karting Rafi"},"content":{"rendered":"<p>Aconsejable para ni\u00f1os de 2 a 6 a\u00f1os.<\/p>\n<p>&nbsp;<\/p>\n<ul>\n<li>Transmisi\u00f3n a cadena<\/li>\n<li>Estructura met\u00e1lica<\/li>\n<li>Butaca regulable<\/li>\n<li>Ruedas de goma<\/li>\n<\/ul>\n<p>&nbsp;<\/p>\n","protected":false},"excerpt":{"rendered":"<p>Aconsejable para ni\u00f1os de 2 a 6 a\u00f1os. &nbsp; Transmisi\u00f3n a cadena Estructura met\u00e1lica Butaca regulable Ruedas de goma &nbsp;<\/p>\n","protected":false},"featured_media":147,"comment_status":"open","ping_status":"closed","template":"","meta":[],"product_brand":[],"product_cat":[7],"product_tag":[],"class_list":{"0":"post-146","1":"product","2":"type-product","3":"status-publish","4":"has-post-thumbnail","6":"product_cat-bicicletas-infantiles","8":"first","9":"instock","10":"shipping-taxable","11":"product-type-simple"},"_links":{"self":[{"href":"https:\/\/biciplanet.net\/site\/wp-json\/wp\/v2\/product\/146","targetHints":{"allow":["GET"]}}],"collection":[{"href":"https:\/\/biciplanet.net\/site\/wp-json\/wp\/v2\/product"}],"about":[{"href":"https:\/\/biciplanet.net\/site\/wp-json\/wp\/v2\/types\/product"}],"replies":[{"embeddable":true,"href":"https:\/\/biciplanet.net\/site\/wp-json\/wp\/v2\/comments?post=146"}],"wp:featuredmedia":[{"embeddable":true,"href":"https:\/\/biciplanet.net\/site\/wp-json\/wp\/v2\/media\/147"}],"wp:attachment":[{"href":"https:\/\/biciplanet.net\/site\/wp-json\/wp\/v2\/media?parent=146"}],"wp:term":[{"taxonomy":"product_brand","embeddable":true,"href":"https:\/\/biciplanet.net\/site\/wp-json\/wp\/v2\/product_brand?post=146"},{"taxonomy":"product_cat","embeddable":true,"href":"https:\/\/biciplanet.net\/site\/wp-json\/wp\/v2\/product_cat?post=146"},{"taxonomy":"product_tag","embeddable":true,"href":"https:\/\/biciplanet.net\/site\/wp-json\/wp\/v2\/product_tag?post=146"}],"curies":[{"name":"wp","href":"https:\/\/api.w.org\/{rel}","templated":true}]}}