{"id":1059,"date":"2025-08-29T16:37:00","date_gmt":"2025-08-29T19:37:00","guid":{"rendered":"https:\/\/biciplanet.net\/site\/?post_type=product&#038;p=1059"},"modified":"2025-08-29T16:37:01","modified_gmt":"2025-08-29T19:37:01","slug":"energy-gel-nutremax","status":"publish","type":"product","link":"https:\/\/biciplanet.net\/site\/producto\/energy-gel-nutremax\/","title":{"rendered":"Energy Gel NUTREMAX"},"content":{"rendered":"<p>Display x 12 geles \/ 33 Gr por Gel<\/p>\n<p>&#x2714; Potencia el rendimiento deportivo.<\/p>\n<p>&#x2714; Proporciona energ\u00eda inmediata y constante.<\/p>\n<p>&#x2714; Con tecnolog\u00eda hidrogel.<\/p>\n<p>&#x2714; Sin malestar digestivo.<\/p>\n<table style=\"font-family: Montserrat, sans-serif, sans-serif; font-size: 16px; background-color: #eef1f2; width: 520px;\" border=\"1\" cellpadding=\"5\">\n<thead style=\"box-sizing: border-box;\">\n<tr style=\"box-sizing: border-box;\">\n<td style=\"box-sizing: border-box;\" colspan=\"3\">\n<h6 style=\"box-sizing: border-box; margin: 0px; font-family: 'Saira Semi Condensed', sans-serif, sans-serif; line-height: 1.2; color: inherit; font-size: 1rem; padding: 0px;\">INFORMACI\u00d3N NUTRICIONAL<\/h6>\n<p style=\"box-sizing: border-box; margin-bottom: 0px; padding: 0px; font-size: 13px; line-height: 14px;\"><span style=\"box-sizing: border-box; font-weight: bolder;\">Porci\u00f3n 33 g<\/span>\u00a0(1 sachet)<\/p>\n<\/td>\n<\/tr>\n<\/thead>\n<tbody style=\"box-sizing: border-box; font-size: 13px; line-height: 14px;\">\n<tr style=\"box-sizing: border-box;\">\n<td style=\"box-sizing: border-box;\"><\/td>\n<td style=\"box-sizing: border-box;\" align=\"center\"><span style=\"box-sizing: border-box; font-weight: bolder;\">CANT. PORCI\u00d3N<\/span><\/td>\n<td style=\"box-sizing: border-box;\" align=\"center\"><span style=\"box-sizing: border-box; font-weight: bolder;\">% VD (*)<\/span><\/td>\n<\/tr>\n<tr style=\"box-sizing: border-box;\">\n<td style=\"box-sizing: border-box;\">Valor Energ\u00e9tico (Kcal = Kj)<\/td>\n<td style=\"box-sizing: border-box;\" align=\"center\">95 Kcal = 398 kj<\/td>\n<td style=\"box-sizing: border-box;\" align=\"center\">5%<\/td>\n<\/tr>\n<tr style=\"box-sizing: border-box;\">\n<td style=\"box-sizing: border-box;\">Carbohidratos<\/td>\n<td style=\"box-sizing: border-box;\" align=\"center\">23,8 g.<\/td>\n<td style=\"box-sizing: border-box;\" align=\"center\">8%<\/td>\n<\/tr>\n<tr style=\"box-sizing: border-box;\">\n<td style=\"box-sizing: border-box;\">Az\u00facares Totales<\/td>\n<td style=\"box-sizing: border-box;\" align=\"center\">9,4 g.<\/td>\n<td style=\"box-sizing: border-box;\" align=\"center\">&#8211;<\/td>\n<\/tr>\n<tr style=\"box-sizing: border-box;\">\n<td style=\"box-sizing: border-box;\">Az\u00facares A\u00f1adidos<\/td>\n<td style=\"box-sizing: border-box;\" align=\"center\">9,4 g.<\/td>\n<td style=\"box-sizing: border-box;\" align=\"center\">&#8211;<\/td>\n<\/tr>\n<tr style=\"box-sizing: border-box;\">\n<td style=\"box-sizing: border-box;\">Sodio Caramelo salado<\/td>\n<td style=\"box-sizing: border-box;\" align=\"center\">110 mg.<\/td>\n<td style=\"box-sizing: border-box;\" align=\"center\">4%<\/td>\n<\/tr>\n<tr style=\"box-sizing: border-box;\">\n<td style=\"box-sizing: border-box;\">Sodio Naranja y Triberry<\/td>\n<td style=\"box-sizing: border-box;\" align=\"center\">60 mg.<\/td>\n<td style=\"box-sizing: border-box;\" align=\"center\">2%<\/td>\n<\/tr>\n<tr style=\"box-sizing: border-box;\">\n<td style=\"box-sizing: border-box;\">Cafeina<\/td>\n<td style=\"box-sizing: border-box;\" align=\"center\">50 mg.<\/td>\n<td style=\"box-sizing: border-box;\" align=\"center\">&#8211;<\/td>\n<\/tr>\n<\/tbody>\n<\/table>\n","protected":false},"excerpt":{"rendered":"<p>Display x 12 geles \/ 33 Gr por Gel &#x2714; Potencia el rendimiento deportivo. &#x2714; Proporciona energ\u00eda inmediata y constante. &#x2714; Con tecnolog\u00eda hidrogel. &#x2714; Sin malestar digestivo. INFORMACI\u00d3N NUTRICIONAL Porci\u00f3n 33 g\u00a0(1 sachet) CANT. PORCI\u00d3N % VD (*) Valor Energ\u00e9tico (Kcal = Kj) 95 Kcal = 398 kj 5% Carbohidratos 23,8 g. 8% Az\u00facares [&hellip;]\n","protected":false},"featured_media":1060,"comment_status":"closed","ping_status":"closed","template":"","meta":[],"product_brand":[],"product_cat":[11],"product_tag":[],"class_list":{"0":"post-1059","1":"product","2":"type-product","3":"status-publish","4":"has-post-thumbnail","6":"product_cat-alimentos","8":"first","9":"instock","10":"shipping-taxable","11":"product-type-simple"},"_links":{"self":[{"href":"https:\/\/biciplanet.net\/site\/wp-json\/wp\/v2\/product\/1059","targetHints":{"allow":["GET"]}}],"collection":[{"href":"https:\/\/biciplanet.net\/site\/wp-json\/wp\/v2\/product"}],"about":[{"href":"https:\/\/biciplanet.net\/site\/wp-json\/wp\/v2\/types\/product"}],"replies":[{"embeddable":true,"href":"https:\/\/biciplanet.net\/site\/wp-json\/wp\/v2\/comments?post=1059"}],"wp:featuredmedia":[{"embeddable":true,"href":"https:\/\/biciplanet.net\/site\/wp-json\/wp\/v2\/media\/1060"}],"wp:attachment":[{"href":"https:\/\/biciplanet.net\/site\/wp-json\/wp\/v2\/media?parent=1059"}],"wp:term":[{"taxonomy":"product_brand","embeddable":true,"href":"https:\/\/biciplanet.net\/site\/wp-json\/wp\/v2\/product_brand?post=1059"},{"taxonomy":"product_cat","embeddable":true,"href":"https:\/\/biciplanet.net\/site\/wp-json\/wp\/v2\/product_cat?post=1059"},{"taxonomy":"product_tag","embeddable":true,"href":"https:\/\/biciplanet.net\/site\/wp-json\/wp\/v2\/product_tag?post=1059"}],"curies":[{"name":"wp","href":"https:\/\/api.w.org\/{rel}","templated":true}]}}