{"id":1042,"date":"2023-07-18T17:00:33","date_gmt":"2023-07-18T20:00:33","guid":{"rendered":"https:\/\/biciplanet.net\/site\/?post_type=product&#038;p=1042"},"modified":"2023-07-18T17:00:34","modified_gmt":"2023-07-18T20:00:34","slug":"inflador-cannondale-airspeed-plus-doble-valvula-co2","status":"publish","type":"product","link":"https:\/\/biciplanet.net\/site\/producto\/inflador-cannondale-airspeed-plus-doble-valvula-co2\/","title":{"rendered":"Inflador CANNONDALE Airspeed Plus Doble V\u00e1lvula + CO2"},"content":{"rendered":"<p>Inflador Cannondale AirSpeed Plus Doble Valvula + 2 CO2 Negro ( C3MP06\/BLK), c\u00f3modo y pr\u00e1ctico de alt\u00edsima calidad.<\/p>\n<p>El modelo Plus CO2 es un inflador muy vers\u00e1til orientado a la competici\u00f3n.<br \/>\nSi bien su tama\u00f1o excede a los Ultra compactos de alta gama, este modelo tiene la ventaja de ser inflador de mano est\u00e1ndar o tiene la posibilidad de equipar garrafas de CO2 para inflado instant\u00e1neo de las ruedas en caso de que el inflado se requiera en medio de una carrera.<br \/>\nSu robusta construcci\u00f3n en aluminio, le provee una durabilidad excepcional, sin agregar peso extra al conjunto, todo esto en un dise\u00f1o compacto y de altas prestaciones.<\/p>\n<p>*Doble Pico compatible con v\u00e1lvulas Presta y Schrader.<br \/>\n*Convertible para usar como inflador est\u00e1ndar o con CO2<br \/>\n*Soporte para transporte en el cuadro.<br \/>\n*Cilindro de aluminio.<br \/>\n*Presi\u00f3n de inflado m\u00e1ximo: 120PSI<br \/>\n*Peso real: 230 grs. Con garrafas incluidas<\/p>\n<p>&nbsp;<\/p>\n","protected":false},"excerpt":{"rendered":"<p>Inflador Cannondale AirSpeed Plus Doble Valvula + 2 CO2 Negro ( C3MP06\/BLK), c\u00f3modo y pr\u00e1ctico de alt\u00edsima calidad. El modelo Plus CO2 es un inflador muy vers\u00e1til orientado a la competici\u00f3n. Si bien su tama\u00f1o excede a los Ultra compactos de alta gama, este modelo tiene la ventaja de ser inflador de mano est\u00e1ndar o [&hellip;]\n","protected":false},"featured_media":1043,"comment_status":"closed","ping_status":"closed","template":"","meta":[],"product_brand":[],"product_cat":[34],"product_tag":[],"class_list":{"0":"post-1042","1":"product","2":"type-product","3":"status-publish","4":"has-post-thumbnail","6":"product_cat-infladores","8":"first","9":"instock","10":"shipping-taxable","11":"product-type-simple"},"_links":{"self":[{"href":"https:\/\/biciplanet.net\/site\/wp-json\/wp\/v2\/product\/1042","targetHints":{"allow":["GET"]}}],"collection":[{"href":"https:\/\/biciplanet.net\/site\/wp-json\/wp\/v2\/product"}],"about":[{"href":"https:\/\/biciplanet.net\/site\/wp-json\/wp\/v2\/types\/product"}],"replies":[{"embeddable":true,"href":"https:\/\/biciplanet.net\/site\/wp-json\/wp\/v2\/comments?post=1042"}],"wp:featuredmedia":[{"embeddable":true,"href":"https:\/\/biciplanet.net\/site\/wp-json\/wp\/v2\/media\/1043"}],"wp:attachment":[{"href":"https:\/\/biciplanet.net\/site\/wp-json\/wp\/v2\/media?parent=1042"}],"wp:term":[{"taxonomy":"product_brand","embeddable":true,"href":"https:\/\/biciplanet.net\/site\/wp-json\/wp\/v2\/product_brand?post=1042"},{"taxonomy":"product_cat","embeddable":true,"href":"https:\/\/biciplanet.net\/site\/wp-json\/wp\/v2\/product_cat?post=1042"},{"taxonomy":"product_tag","embeddable":true,"href":"https:\/\/biciplanet.net\/site\/wp-json\/wp\/v2\/product_tag?post=1042"}],"curies":[{"name":"wp","href":"https:\/\/api.w.org\/{rel}","templated":true}]}}