{"id":1037,"date":"2023-06-27T21:31:16","date_gmt":"2023-06-28T00:31:16","guid":{"rendered":"https:\/\/biciplanet.net\/site\/?post_type=product&#038;p=1037"},"modified":"2023-06-28T11:48:38","modified_gmt":"2023-06-28T14:48:38","slug":"casco-venzo-vuelta","status":"publish","type":"product","link":"https:\/\/biciplanet.net\/site\/producto\/casco-venzo-vuelta\/","title":{"rendered":"Casco VENZO Vuelta"},"content":{"rendered":"<p>CASCO VENZO VUELTA<\/p>\n<p>-Construcci\u00f3n tecnolog\u00eda In-Mold<\/p>\n<p>-18 orificios de ventilaci\u00f3n<\/p>\n<p>-Peso aproximado 235 grs.<\/p>\n<p>&nbsp;<\/p>\n","protected":false},"excerpt":{"rendered":"<p>CASCO VENZO VUELTA -Construcci\u00f3n tecnolog\u00eda In-Mold -18 orificios de ventilaci\u00f3n -Peso aproximado 235 grs. &nbsp;<\/p>\n","protected":false},"featured_media":1038,"comment_status":"closed","ping_status":"closed","template":"","meta":[],"product_brand":[],"product_cat":[25],"product_tag":[],"class_list":{"0":"post-1037","1":"product","2":"type-product","3":"status-publish","4":"has-post-thumbnail","6":"product_cat-cascos","8":"first","9":"instock","10":"shipping-taxable","11":"product-type-simple"},"_links":{"self":[{"href":"https:\/\/biciplanet.net\/site\/wp-json\/wp\/v2\/product\/1037","targetHints":{"allow":["GET"]}}],"collection":[{"href":"https:\/\/biciplanet.net\/site\/wp-json\/wp\/v2\/product"}],"about":[{"href":"https:\/\/biciplanet.net\/site\/wp-json\/wp\/v2\/types\/product"}],"replies":[{"embeddable":true,"href":"https:\/\/biciplanet.net\/site\/wp-json\/wp\/v2\/comments?post=1037"}],"wp:featuredmedia":[{"embeddable":true,"href":"https:\/\/biciplanet.net\/site\/wp-json\/wp\/v2\/media\/1038"}],"wp:attachment":[{"href":"https:\/\/biciplanet.net\/site\/wp-json\/wp\/v2\/media?parent=1037"}],"wp:term":[{"taxonomy":"product_brand","embeddable":true,"href":"https:\/\/biciplanet.net\/site\/wp-json\/wp\/v2\/product_brand?post=1037"},{"taxonomy":"product_cat","embeddable":true,"href":"https:\/\/biciplanet.net\/site\/wp-json\/wp\/v2\/product_cat?post=1037"},{"taxonomy":"product_tag","embeddable":true,"href":"https:\/\/biciplanet.net\/site\/wp-json\/wp\/v2\/product_tag?post=1037"}],"curies":[{"name":"wp","href":"https:\/\/api.w.org\/{rel}","templated":true}]}}