{"id":1021,"date":"2023-06-05T17:48:19","date_gmt":"2023-06-05T20:48:19","guid":{"rendered":"https:\/\/biciplanet.net\/site\/?post_type=product&#038;p=1021"},"modified":"2023-06-05T17:48:19","modified_gmt":"2023-06-05T20:48:19","slug":"cadena-shimano-cn-hg40-de-6-7-y-8-velocidades","status":"publish","type":"product","link":"https:\/\/biciplanet.net\/site\/producto\/cadena-shimano-cn-hg40-de-6-7-y-8-velocidades\/","title":{"rendered":"Cadena SHIMANO CN-HG40 de 6, 7 y 8 velocidades"},"content":{"rendered":"<div class=\"groupset-head-area hide-sm\">\n<div class=\"cmp-product-info__modelno-area\">\n<h3 class=\"cmp-product-info__modelno\">CN-HG40<\/h3>\n<\/div>\n<\/div>\n<div class=\"product-description-area\">\n<p>SHIMANO TOURNEY TY &#8211; 6, 7, 8 velocidades &#8211; Cadena de MTB HYPERGLIDE<\/p>\n<div class=\"cmp-itemlist-accordion\">\n<div class=\"cmp-itemlist-accordion__accordion-section cmp-itemlist-accordion__accordion-section--is-opened\">\n<div class=\"cmp-itemlist-accordion__contents\" data-starting-height=\"28\" data-final-height=\"51.1875\">\n<p class=\"cmp-product-info__long-description\">La cadena HG-40 est\u00e1 dise\u00f1ada para los precisos cambios indexados de las transmisiones de 6, 7 y 8 velocidades HYPERDRIVE SIS y DUAL SIS<\/p>\n<\/div>\n<\/div>\n<\/div>\n<h2 class=\"cmp-product-info__title\">CARACTER\u00cdSTICAS<\/h2>\n<div class=\"cmp-itemlist-accordion\">\n<div class=\"cmp-itemlist-accordion__always-visible-section\">\n<ul>\n<li class=\"type-benefit\">Cadena HG para un cambio indexado preciso HYPERDRIVE SIS\/DUAL SIS<\/li>\n<\/ul>\n<\/div>\n<\/div>\n<\/div>\n","protected":false},"excerpt":{"rendered":"<p>CN-HG40 SHIMANO TOURNEY TY &#8211; 6, 7, 8 velocidades &#8211; Cadena de MTB HYPERGLIDE La cadena HG-40 est\u00e1 dise\u00f1ada para los precisos cambios indexados de las transmisiones de 6, 7 y 8 velocidades HYPERDRIVE SIS y DUAL SIS CARACTER\u00cdSTICAS Cadena HG para un cambio indexado preciso HYPERDRIVE SIS\/DUAL SIS<\/p>\n","protected":false},"featured_media":1022,"comment_status":"closed","ping_status":"closed","template":"","meta":[],"product_brand":[],"product_cat":[17],"product_tag":[],"class_list":{"0":"post-1021","1":"product","2":"type-product","3":"status-publish","4":"has-post-thumbnail","6":"product_cat-cadenas","8":"first","9":"instock","10":"shipping-taxable","11":"product-type-simple"},"_links":{"self":[{"href":"https:\/\/biciplanet.net\/site\/wp-json\/wp\/v2\/product\/1021","targetHints":{"allow":["GET"]}}],"collection":[{"href":"https:\/\/biciplanet.net\/site\/wp-json\/wp\/v2\/product"}],"about":[{"href":"https:\/\/biciplanet.net\/site\/wp-json\/wp\/v2\/types\/product"}],"replies":[{"embeddable":true,"href":"https:\/\/biciplanet.net\/site\/wp-json\/wp\/v2\/comments?post=1021"}],"wp:featuredmedia":[{"embeddable":true,"href":"https:\/\/biciplanet.net\/site\/wp-json\/wp\/v2\/media\/1022"}],"wp:attachment":[{"href":"https:\/\/biciplanet.net\/site\/wp-json\/wp\/v2\/media?parent=1021"}],"wp:term":[{"taxonomy":"product_brand","embeddable":true,"href":"https:\/\/biciplanet.net\/site\/wp-json\/wp\/v2\/product_brand?post=1021"},{"taxonomy":"product_cat","embeddable":true,"href":"https:\/\/biciplanet.net\/site\/wp-json\/wp\/v2\/product_cat?post=1021"},{"taxonomy":"product_tag","embeddable":true,"href":"https:\/\/biciplanet.net\/site\/wp-json\/wp\/v2\/product_tag?post=1021"}],"curies":[{"name":"wp","href":"https:\/\/api.w.org\/{rel}","templated":true}]}}